{"id":110521,"date":"2025-11-12T19:33:51","date_gmt":"2025-11-12T18:33:51","guid":{"rendered":"https:\/\/www.ernstbrunn-apotheke.at\/katalog\/produkt\/easyangin-mit-honiggeschmack-5mg-1mg-lutschtabletten\/"},"modified":"2025-12-08T22:17:12","modified_gmt":"2025-12-08T21:17:12","slug":"easyangin-mit-honiggeschmack-5mg-1mg-lutschtabletten","status":"publish","type":"product","link":"https:\/\/www.ernstbrunn-apotheke.at\/katalog\/produkt\/easyangin-mit-honiggeschmack-5mg-1mg-lutschtabletten\/","title":{"rendered":"easyangin mit Honiggeschmack 5mg\/1mg Lutschtabletten"},"content":{"rendered":"<p>Lutschtabletten gegen Entz\u00fcndungen des Rachenraums und der Mundh\u00f6hle mit lokalan\u00e4sthetischer (Lidocain) und antiseptischer (Chlorhexidin) Wirkung.<\/p>\n","protected":false},"excerpt":{"rendered":"<p>Lutschtabletten gegen Entz\u00fcndungen des Rachenraums und der Mundh\u00f6hle mit lokalan\u00e4sthetischer (Lidocain) und antiseptischer (Chlorhexidin) Wirkung.<\/p>\n","protected":false},"featured_media":110523,"template":"","meta":{"_acf_changed":false},"product_brand":[367],"product_cat":[794],"product_tag":[],"class_list":{"0":"post-110521","1":"product","2":"type-product","3":"status-publish","4":"has-post-thumbnail","6":"product_brand-easypharm","7":"product_cat-e","8":"pa_packungsgroesse-24-stueck","10":"first","11":"instock","12":"shipping-taxable","13":"purchasable","14":"product-type-simple"},"acf":[],"_links":{"self":[{"href":"https:\/\/www.ernstbrunn-apotheke.at\/katalog\/wp-json\/wp\/v2\/product\/110521","targetHints":{"allow":["GET"]}}],"collection":[{"href":"https:\/\/www.ernstbrunn-apotheke.at\/katalog\/wp-json\/wp\/v2\/product"}],"about":[{"href":"https:\/\/www.ernstbrunn-apotheke.at\/katalog\/wp-json\/wp\/v2\/types\/product"}],"wp:featuredmedia":[{"embeddable":true,"href":"https:\/\/www.ernstbrunn-apotheke.at\/katalog\/wp-json\/wp\/v2\/media\/110523"}],"wp:attachment":[{"href":"https:\/\/www.ernstbrunn-apotheke.at\/katalog\/wp-json\/wp\/v2\/media?parent=110521"}],"wp:term":[{"taxonomy":"product_brand","embeddable":true,"href":"https:\/\/www.ernstbrunn-apotheke.at\/katalog\/wp-json\/wp\/v2\/product_brand?post=110521"},{"taxonomy":"product_cat","embeddable":true,"href":"https:\/\/www.ernstbrunn-apotheke.at\/katalog\/wp-json\/wp\/v2\/product_cat?post=110521"},{"taxonomy":"product_tag","embeddable":true,"href":"https:\/\/www.ernstbrunn-apotheke.at\/katalog\/wp-json\/wp\/v2\/product_tag?post=110521"}],"curies":[{"name":"wp","href":"https:\/\/api.w.org\/{rel}","templated":true}]}}