{"id":110274,"date":"2025-11-12T19:27:25","date_gmt":"2025-11-12T18:27:25","guid":{"rendered":"https:\/\/www.ernstbrunn-apotheke.at\/katalog\/produkt\/mag-pfeiffers-rhodiola-rosea-kapseln-60-stk\/"},"modified":"2025-12-08T22:16:18","modified_gmt":"2025-12-08T21:16:18","slug":"mag-pfeiffers-rhodiola-rosea-kapseln-60-stk","status":"publish","type":"product","link":"https:\/\/www.ernstbrunn-apotheke.at\/katalog\/produkt\/mag-pfeiffers-rhodiola-rosea-kapseln-60-stk\/","title":{"rendered":"Mag. Pfeiffers Rhodiola rosea Kapseln 60 Stk."},"content":{"rendered":"<p>Mag. Pfeiffer&#8217;s Rhodiola rosea ist ein rein pflanzliches Produkt, sch\u00fctzt vor Burnout, hilft, den Stress besser auszuhalten, macht tags\u00fcber fit und abends m\u00fcde. Rhodiola rosea, zu Deutsch Rosenwurz (auch Golden Root, Rosenroot) verdankt seinen Namen seinem intensiven Duft nach Rosen. Rhodiola rosea ist eine widerstandsf\u00e4hige Hochgebirgspflanze (w\u00e4chst bis in H\u00f6hen von 4.500m) und geh\u00f6rt zu der Familie der Dickblattgew\u00e4chse (Crassulaceen). Die Verbreitung der Pflanze erstreckt sich \u00fcber die bergigen Regionen Asiens, Sibiriens und Nordamerikas, sowie \u00fcber den Alpenraum und den Pyren\u00e4en<\/p>\n","protected":false},"excerpt":{"rendered":"<p>Mag. Pfeiffer&#8217;s Rhodiola rosea ist ein rein pflanzliches Produkt, sch\u00fctzt vor Burnout, hilft, den Stress besser auszuhalten, macht tags\u00fcber fit und abends m\u00fcde. Rhodiola rosea, zu Deutsch Rosenwurz (auch Golden Root, Rosenroot) verdankt seinen Namen seinem intensiven Duft nach Rosen. Rhodiola rosea ist eine widerstandsf\u00e4hige Hochgebirgspflanze (w\u00e4chst bis in H\u00f6hen von 4.500m) und geh\u00f6rt zu [&hellip;]<\/p>\n","protected":false},"featured_media":110276,"template":"","meta":{"_acf_changed":false},"product_brand":[498],"product_cat":[800],"product_tag":[],"class_list":{"0":"post-110274","1":"product","2":"type-product","3":"status-publish","4":"has-post-thumbnail","6":"product_brand-mag-pfeiffers","7":"product_cat-m","8":"pa_packungsgroesse-60-stueck","10":"first","11":"instock","12":"shipping-taxable","13":"purchasable","14":"product-type-simple"},"acf":[],"_links":{"self":[{"href":"https:\/\/www.ernstbrunn-apotheke.at\/katalog\/wp-json\/wp\/v2\/product\/110274","targetHints":{"allow":["GET"]}}],"collection":[{"href":"https:\/\/www.ernstbrunn-apotheke.at\/katalog\/wp-json\/wp\/v2\/product"}],"about":[{"href":"https:\/\/www.ernstbrunn-apotheke.at\/katalog\/wp-json\/wp\/v2\/types\/product"}],"wp:featuredmedia":[{"embeddable":true,"href":"https:\/\/www.ernstbrunn-apotheke.at\/katalog\/wp-json\/wp\/v2\/media\/110276"}],"wp:attachment":[{"href":"https:\/\/www.ernstbrunn-apotheke.at\/katalog\/wp-json\/wp\/v2\/media?parent=110274"}],"wp:term":[{"taxonomy":"product_brand","embeddable":true,"href":"https:\/\/www.ernstbrunn-apotheke.at\/katalog\/wp-json\/wp\/v2\/product_brand?post=110274"},{"taxonomy":"product_cat","embeddable":true,"href":"https:\/\/www.ernstbrunn-apotheke.at\/katalog\/wp-json\/wp\/v2\/product_cat?post=110274"},{"taxonomy":"product_tag","embeddable":true,"href":"https:\/\/www.ernstbrunn-apotheke.at\/katalog\/wp-json\/wp\/v2\/product_tag?post=110274"}],"curies":[{"name":"wp","href":"https:\/\/api.w.org\/{rel}","templated":true}]}}