{"id":110237,"date":"2025-11-12T19:26:56","date_gmt":"2025-11-12T18:26:56","guid":{"rendered":"https:\/\/www.ernstbrunn-apotheke.at\/katalog\/produkt\/menosan-urticalcin-vit-d-180-stk\/"},"modified":"2025-12-08T22:16:06","modified_gmt":"2025-12-08T21:16:06","slug":"menosan-urticalcin-vit-d-180-stk","status":"publish","type":"product","link":"https:\/\/www.ernstbrunn-apotheke.at\/katalog\/produkt\/menosan-urticalcin-vit-d-180-stk\/","title":{"rendered":"Menosan urticalcin Vit D 180 Stk."},"content":{"rendered":"<p>Menosan urticalcin Vit D zur Erhaltung einer normalen Knochenfunktion. Vitamin D tr\u00e4gt zu einem normalen Calciumspiegel im Blut bei, sowie zur Erhaltung normaler Knochen und normaler Muskelfunktion.Dar\u00fcber hinaus tr\u00e4gt es zur normalen Aufnahme von Calcium und Phosphor bei.<\/p>\n","protected":false},"excerpt":{"rendered":"<p>Menosan urticalcin Vit D zur Erhaltung einer normalen Knochenfunktion. Vitamin D tr\u00e4gt zu einem normalen Calciumspiegel im Blut bei, sowie zur Erhaltung normaler Knochen und normaler Muskelfunktion.Dar\u00fcber hinaus tr\u00e4gt es zur normalen Aufnahme von Calcium und Phosphor bei.<\/p>\n","protected":false},"featured_media":110239,"template":"","meta":{"_acf_changed":false},"product_brand":[],"product_cat":[800],"product_tag":[],"class_list":{"0":"post-110237","1":"product","2":"type-product","3":"status-publish","4":"has-post-thumbnail","6":"product_cat-m","7":"pa_packungsgroesse-180-stueck","9":"first","10":"instock","11":"shipping-taxable","12":"purchasable","13":"product-type-simple"},"acf":[],"_links":{"self":[{"href":"https:\/\/www.ernstbrunn-apotheke.at\/katalog\/wp-json\/wp\/v2\/product\/110237","targetHints":{"allow":["GET"]}}],"collection":[{"href":"https:\/\/www.ernstbrunn-apotheke.at\/katalog\/wp-json\/wp\/v2\/product"}],"about":[{"href":"https:\/\/www.ernstbrunn-apotheke.at\/katalog\/wp-json\/wp\/v2\/types\/product"}],"wp:featuredmedia":[{"embeddable":true,"href":"https:\/\/www.ernstbrunn-apotheke.at\/katalog\/wp-json\/wp\/v2\/media\/110239"}],"wp:attachment":[{"href":"https:\/\/www.ernstbrunn-apotheke.at\/katalog\/wp-json\/wp\/v2\/media?parent=110237"}],"wp:term":[{"taxonomy":"product_brand","embeddable":true,"href":"https:\/\/www.ernstbrunn-apotheke.at\/katalog\/wp-json\/wp\/v2\/product_brand?post=110237"},{"taxonomy":"product_cat","embeddable":true,"href":"https:\/\/www.ernstbrunn-apotheke.at\/katalog\/wp-json\/wp\/v2\/product_cat?post=110237"},{"taxonomy":"product_tag","embeddable":true,"href":"https:\/\/www.ernstbrunn-apotheke.at\/katalog\/wp-json\/wp\/v2\/product_tag?post=110237"}],"curies":[{"name":"wp","href":"https:\/\/api.w.org\/{rel}","templated":true}]}}