{"id":110087,"date":"2025-11-12T19:23:11","date_gmt":"2025-11-12T18:23:11","guid":{"rendered":"https:\/\/www.ernstbrunn-apotheke.at\/katalog\/produkt\/salus-freetox-bio-kraeuterkapseln-40-stk\/"},"modified":"2025-12-08T22:15:21","modified_gmt":"2025-12-08T21:15:21","slug":"salus-freetox-bio-kraeuterkapseln-40-stk","status":"publish","type":"product","link":"https:\/\/www.ernstbrunn-apotheke.at\/katalog\/produkt\/salus-freetox-bio-kraeuterkapseln-40-stk\/","title":{"rendered":"Salus Freetox Bio Kr\u00e4uterkapseln 40 Stk."},"content":{"rendered":"<p>Salus Freetox Bio Kapseln mit Acerola Vitamin C unterst\u00fctzen den Energiestoffwechsel. Gerstengras hat einen hohen Anteil an Vitaminen, Mineralstoffen, Spurenelementen und Chlorophyll. Birkenbl\u00e4tter wirken antioxidativ und entz\u00fcndungshemmend. Die Kapseln unterst\u00fctzen die Ausleitung von unter anderem harnpflichtigen Substanzen \u00fcber die Nieren.<\/p>\n","protected":false},"excerpt":{"rendered":"<p>Salus Freetox Bio Kapseln mit Acerola Vitamin C unterst\u00fctzen den Energiestoffwechsel. Gerstengras hat einen hohen Anteil an Vitaminen, Mineralstoffen, Spurenelementen und Chlorophyll. Birkenbl\u00e4tter wirken antioxidativ und entz\u00fcndungshemmend. Die Kapseln unterst\u00fctzen die Ausleitung von unter anderem harnpflichtigen Substanzen \u00fcber die Nieren.<\/p>\n","protected":false},"featured_media":0,"template":"","meta":{"_acf_changed":false},"product_brand":[],"product_cat":[791],"product_tag":[],"class_list":{"0":"post-110087","1":"product","2":"type-product","3":"status-publish","5":"product_cat-s","6":"pa_packungsgroesse-40-stueck","8":"first","9":"instock","10":"shipping-taxable","11":"purchasable","12":"product-type-simple"},"acf":[],"_links":{"self":[{"href":"https:\/\/www.ernstbrunn-apotheke.at\/katalog\/wp-json\/wp\/v2\/product\/110087","targetHints":{"allow":["GET"]}}],"collection":[{"href":"https:\/\/www.ernstbrunn-apotheke.at\/katalog\/wp-json\/wp\/v2\/product"}],"about":[{"href":"https:\/\/www.ernstbrunn-apotheke.at\/katalog\/wp-json\/wp\/v2\/types\/product"}],"wp:attachment":[{"href":"https:\/\/www.ernstbrunn-apotheke.at\/katalog\/wp-json\/wp\/v2\/media?parent=110087"}],"wp:term":[{"taxonomy":"product_brand","embeddable":true,"href":"https:\/\/www.ernstbrunn-apotheke.at\/katalog\/wp-json\/wp\/v2\/product_brand?post=110087"},{"taxonomy":"product_cat","embeddable":true,"href":"https:\/\/www.ernstbrunn-apotheke.at\/katalog\/wp-json\/wp\/v2\/product_cat?post=110087"},{"taxonomy":"product_tag","embeddable":true,"href":"https:\/\/www.ernstbrunn-apotheke.at\/katalog\/wp-json\/wp\/v2\/product_tag?post=110087"}],"curies":[{"name":"wp","href":"https:\/\/api.w.org\/{rel}","templated":true}]}}