{"id":110085,"date":"2025-11-12T19:23:11","date_gmt":"2025-11-12T18:23:11","guid":{"rendered":"https:\/\/www.ernstbrunn-apotheke.at\/katalog\/produkt\/gasterodoc-reizdarm-kapseln-60-stk\/"},"modified":"2025-12-08T22:15:19","modified_gmt":"2025-12-08T21:15:19","slug":"gasterodoc-reizdarm-kapseln-60-stk","status":"publish","type":"product","link":"https:\/\/www.ernstbrunn-apotheke.at\/katalog\/produkt\/gasterodoc-reizdarm-kapseln-60-stk\/","title":{"rendered":"Gasterodoc Reizdarm Kapseln 60 Stk."},"content":{"rendered":"<p>Gasterodoc Reizdarm Kapseln lindert die schmerzhaften Symptome und den Druck von \u00fcbersch\u00fcssigem Gas im Verdauungstrakt. Bei Personen mit Reizdarmsyndrom, die prim\u00e4r an Durchfall leiden, werden au\u00dferdem Bauschmerzen gelindert.<\/p>\n","protected":false},"excerpt":{"rendered":"<p>Gasterodoc Reizdarm Kapseln lindert die schmerzhaften Symptome und den Druck von \u00fcbersch\u00fcssigem Gas im Verdauungstrakt. Bei Personen mit Reizdarmsyndrom, die prim\u00e4r an Durchfall leiden, werden au\u00dferdem Bauschmerzen gelindert.<\/p>\n","protected":false},"featured_media":0,"template":"","meta":{"_acf_changed":false},"product_brand":[],"product_cat":[810],"product_tag":[],"class_list":{"0":"post-110085","1":"product","2":"type-product","3":"status-publish","5":"product_cat-g","6":"pa_packungsgroesse-60-stueck","8":"first","9":"instock","10":"shipping-taxable","11":"purchasable","12":"product-type-simple"},"acf":[],"_links":{"self":[{"href":"https:\/\/www.ernstbrunn-apotheke.at\/katalog\/wp-json\/wp\/v2\/product\/110085","targetHints":{"allow":["GET"]}}],"collection":[{"href":"https:\/\/www.ernstbrunn-apotheke.at\/katalog\/wp-json\/wp\/v2\/product"}],"about":[{"href":"https:\/\/www.ernstbrunn-apotheke.at\/katalog\/wp-json\/wp\/v2\/types\/product"}],"wp:attachment":[{"href":"https:\/\/www.ernstbrunn-apotheke.at\/katalog\/wp-json\/wp\/v2\/media?parent=110085"}],"wp:term":[{"taxonomy":"product_brand","embeddable":true,"href":"https:\/\/www.ernstbrunn-apotheke.at\/katalog\/wp-json\/wp\/v2\/product_brand?post=110085"},{"taxonomy":"product_cat","embeddable":true,"href":"https:\/\/www.ernstbrunn-apotheke.at\/katalog\/wp-json\/wp\/v2\/product_cat?post=110085"},{"taxonomy":"product_tag","embeddable":true,"href":"https:\/\/www.ernstbrunn-apotheke.at\/katalog\/wp-json\/wp\/v2\/product_tag?post=110085"}],"curies":[{"name":"wp","href":"https:\/\/api.w.org\/{rel}","templated":true}]}}