{"id":110021,"date":"2025-11-12T19:21:39","date_gmt":"2025-11-12T18:21:39","guid":{"rendered":"https:\/\/www.ernstbrunn-apotheke.at\/katalog\/produkt\/dermasence-hyalusome-augenpflege-15-ml\/"},"modified":"2025-12-08T22:15:03","modified_gmt":"2025-12-08T21:15:03","slug":"dermasence-hyalusome-augenpflege-15-ml","status":"publish","type":"product","link":"https:\/\/www.ernstbrunn-apotheke.at\/katalog\/produkt\/dermasence-hyalusome-augenpflege-15-ml\/","title":{"rendered":"Dermasence Hyalusome Augenpflege 15 ml"},"content":{"rendered":"<p>Dermasence Hyalusome Augenpflege 15 ml ist eine Anti-Aging-Pflege mit Hyaluron, die intensive Feuchtigkeit spendet. Sie wirkt hautberuhigend und regenerierend mit Panthenol, Allantoin und Bisabolol und f\u00f6rdert mit Jojoba\u00f6l die Elastizit\u00e4t der Haut. Auch f\u00fcr Kontaktlinsentr\u00e4ger*innen empfohlen.<\/p>\n","protected":false},"excerpt":{"rendered":"<p>Dermasence Hyalusome Augenpflege 15 ml ist eine Anti-Aging-Pflege mit Hyaluron, die intensive Feuchtigkeit spendet. Sie wirkt hautberuhigend und regenerierend mit Panthenol, Allantoin und Bisabolol und f\u00f6rdert mit Jojoba\u00f6l die Elastizit\u00e4t der Haut. Auch f\u00fcr Kontaktlinsentr\u00e4ger*innen empfohlen.<\/p>\n","protected":false},"featured_media":0,"template":"","meta":{"_acf_changed":false},"product_brand":[680],"product_cat":[792],"product_tag":[],"class_list":{"0":"post-110021","1":"product","2":"type-product","3":"status-publish","5":"product_brand-dermasence","6":"product_cat-d","7":"pa_packungsgroesse-15ml","9":"first","10":"instock","11":"shipping-taxable","12":"purchasable","13":"product-type-simple"},"acf":[],"_links":{"self":[{"href":"https:\/\/www.ernstbrunn-apotheke.at\/katalog\/wp-json\/wp\/v2\/product\/110021","targetHints":{"allow":["GET"]}}],"collection":[{"href":"https:\/\/www.ernstbrunn-apotheke.at\/katalog\/wp-json\/wp\/v2\/product"}],"about":[{"href":"https:\/\/www.ernstbrunn-apotheke.at\/katalog\/wp-json\/wp\/v2\/types\/product"}],"wp:attachment":[{"href":"https:\/\/www.ernstbrunn-apotheke.at\/katalog\/wp-json\/wp\/v2\/media?parent=110021"}],"wp:term":[{"taxonomy":"product_brand","embeddable":true,"href":"https:\/\/www.ernstbrunn-apotheke.at\/katalog\/wp-json\/wp\/v2\/product_brand?post=110021"},{"taxonomy":"product_cat","embeddable":true,"href":"https:\/\/www.ernstbrunn-apotheke.at\/katalog\/wp-json\/wp\/v2\/product_cat?post=110021"},{"taxonomy":"product_tag","embeddable":true,"href":"https:\/\/www.ernstbrunn-apotheke.at\/katalog\/wp-json\/wp\/v2\/product_tag?post=110021"}],"curies":[{"name":"wp","href":"https:\/\/api.w.org\/{rel}","templated":true}]}}