{"id":109917,"date":"2025-11-12T19:19:20","date_gmt":"2025-11-12T18:19:20","guid":{"rendered":"https:\/\/www.ernstbrunn-apotheke.at\/katalog\/produkt\/bepangel-wundgel\/"},"modified":"2025-12-08T22:14:40","modified_gmt":"2025-12-08T21:14:40","slug":"bepangel-wundgel","status":"publish","type":"product","link":"https:\/\/www.ernstbrunn-apotheke.at\/katalog\/produkt\/bepangel-wundgel\/","title":{"rendered":"BepanGel Wundgel"},"content":{"rendered":"<h3>BepanGel\u00ae Wundgel<\/h3>\n<h4><b >F\u00f6rdert die Wundheilung und k\u00fchlt<\/b><br \/><\/h4>\n<h3><u >Eigenschaften:<\/u><\/h3>\n<ul>\n<li>K\u00fchlt durch Gel-Textur<\/li>\n<li>F\u00f6rdert die Wundheilung<\/li>\n<li>Bildet einen sch\u00fctzenden Film<\/li>\n<li>Reduziert das Risiko von Narbenbildung<\/li>\n<\/ul>\n<h3><span>Inhaltsstoffe:<\/span><\/h3>\n<p>Saures kolloidales Carbomer, Carnosin, Wasser, Natriumbenzoat, Kaliumsorbat<\/p>\n<h3><span>Anwendungsgebiet:<\/span><\/h3>\n<p>Hydrogel zur Unterst\u00fctzung der Wundheilung durch Schaffung eines feuchten Wundmilieus<\/p>\n<h3><span>Anwendung:<\/span><\/h3>\n<p>Auf die gereinigte Wunde mit sauberen H\u00e4nden eine d\u00fcnne Schicht BepanGel\u00ae Wundgel auf die zu behandelnde Stelle auftragen. Falls notwendig, Verband oder Pflaster anlegen. Anwendung bei Bedarf wiederholen (jedes Mal neuen Verband oder neues Pflaster verwenden).<\/p>\n<p><span>www.bepanthen.at<\/span><\/p>\n","protected":false},"excerpt":{"rendered":"<p>BepanGel\u00ae Wundgel F\u00f6rdert die Wundheilung und k\u00fchlt Eigenschaften: K\u00fchlt durch Gel-Textur F\u00f6rdert die Wundheilung Bildet einen sch\u00fctzenden Film Reduziert das Risiko von Narbenbildung Inhaltsstoffe: Saures kolloidales Carbomer, Carnosin, Wasser, Natriumbenzoat, Kaliumsorbat Anwendungsgebiet: Hydrogel zur Unterst\u00fctzung der Wundheilung durch Schaffung eines feuchten Wundmilieus Anwendung: Auf die gereinigte Wunde mit sauberen H\u00e4nden eine d\u00fcnne Schicht BepanGel\u00ae Wundgel [&hellip;]<\/p>\n","protected":false},"featured_media":109919,"template":"","meta":{"_acf_changed":false},"product_brand":[489],"product_cat":[802],"product_tag":[],"class_list":{"0":"post-109917","1":"product","2":"type-product","3":"status-publish","4":"has-post-thumbnail","6":"product_brand-bepanthen","7":"product_cat-b","8":"pa_packungsgroesse-50g","10":"first","11":"instock","12":"shipping-taxable","13":"purchasable","14":"product-type-simple"},"acf":[],"_links":{"self":[{"href":"https:\/\/www.ernstbrunn-apotheke.at\/katalog\/wp-json\/wp\/v2\/product\/109917","targetHints":{"allow":["GET"]}}],"collection":[{"href":"https:\/\/www.ernstbrunn-apotheke.at\/katalog\/wp-json\/wp\/v2\/product"}],"about":[{"href":"https:\/\/www.ernstbrunn-apotheke.at\/katalog\/wp-json\/wp\/v2\/types\/product"}],"wp:featuredmedia":[{"embeddable":true,"href":"https:\/\/www.ernstbrunn-apotheke.at\/katalog\/wp-json\/wp\/v2\/media\/109919"}],"wp:attachment":[{"href":"https:\/\/www.ernstbrunn-apotheke.at\/katalog\/wp-json\/wp\/v2\/media?parent=109917"}],"wp:term":[{"taxonomy":"product_brand","embeddable":true,"href":"https:\/\/www.ernstbrunn-apotheke.at\/katalog\/wp-json\/wp\/v2\/product_brand?post=109917"},{"taxonomy":"product_cat","embeddable":true,"href":"https:\/\/www.ernstbrunn-apotheke.at\/katalog\/wp-json\/wp\/v2\/product_cat?post=109917"},{"taxonomy":"product_tag","embeddable":true,"href":"https:\/\/www.ernstbrunn-apotheke.at\/katalog\/wp-json\/wp\/v2\/product_tag?post=109917"}],"curies":[{"name":"wp","href":"https:\/\/api.w.org\/{rel}","templated":true}]}}