{"id":109830,"date":"2025-11-12T19:17:04","date_gmt":"2025-11-12T18:17:04","guid":{"rendered":"https:\/\/www.ernstbrunn-apotheke.at\/katalog\/produkt\/dr-boehm-blutdruckformel-tabletten\/"},"modified":"2025-12-08T22:14:25","modified_gmt":"2025-12-08T21:14:25","slug":"dr-boehm-blutdruckformel-tabletten","status":"publish","type":"product","link":"https:\/\/www.ernstbrunn-apotheke.at\/katalog\/produkt\/dr-boehm-blutdruckformel-tabletten\/","title":{"rendered":"Dr. B\u00f6hm Blutdruckformel Tabletten"},"content":{"rendered":"<p>Dr. B\u00f6hm\u00ae Blutdruckformel Tabletten 60 Stk. ist ein pflanzliches Mittel f\u00fcr einen normalen Blutdruck. kombiniert Olivenblatt-Extrakt und Kalium, die zur Aufrechterhaltung eines normalen Blutdrucks beitragen. Eine hektische Lebensweise oder fortgeschrittenes Lebensalter stellen eine erh\u00f6hte Belastung f\u00fcr den Blutdruck dar. Die Bl\u00e4tter des Olivenbaumes enthalten Substanzen, die den Blutdruck positiv beeinflussen. Verantwortlich daf\u00fcr sind die sogenanntenOlivenpolyphenole (z.B. Oleuropein), die im Extrakt der Olivenbl\u00e4tter besonders konzentriert zu finden sind. Der Effekt auf den Blutdruck wird in mehreren Studien best\u00e4tigt. Der Extrakt ist somit eine pflanzliche Alternative f\u00fcr einen normalen Blutdruck. Nicht geeignet bei niedrigem Blutdruck.<\/p>\n","protected":false},"excerpt":{"rendered":"<p>Dr. B\u00f6hm\u00ae Blutdruckformel Tabletten 60 Stk. ist ein pflanzliches Mittel f\u00fcr einen normalen Blutdruck. kombiniert Olivenblatt-Extrakt und Kalium, die zur Aufrechterhaltung eines normalen Blutdrucks beitragen. Eine hektische Lebensweise oder fortgeschrittenes Lebensalter stellen eine erh\u00f6hte Belastung f\u00fcr den Blutdruck dar. Die Bl\u00e4tter des Olivenbaumes enthalten Substanzen, die den Blutdruck positiv beeinflussen. Verantwortlich daf\u00fcr sind die sogenanntenOlivenpolyphenole [&hellip;]<\/p>\n","protected":false},"featured_media":109832,"template":"","meta":{"_acf_changed":false},"product_brand":[365],"product_cat":[792],"product_tag":[],"class_list":{"0":"post-109830","1":"product","2":"type-product","3":"status-publish","4":"has-post-thumbnail","6":"product_brand-dr-boehm","7":"product_cat-d","8":"pa_packungsgroesse-60-stueck","10":"first","11":"instock","12":"shipping-taxable","13":"purchasable","14":"product-type-simple"},"acf":[],"_links":{"self":[{"href":"https:\/\/www.ernstbrunn-apotheke.at\/katalog\/wp-json\/wp\/v2\/product\/109830","targetHints":{"allow":["GET"]}}],"collection":[{"href":"https:\/\/www.ernstbrunn-apotheke.at\/katalog\/wp-json\/wp\/v2\/product"}],"about":[{"href":"https:\/\/www.ernstbrunn-apotheke.at\/katalog\/wp-json\/wp\/v2\/types\/product"}],"wp:featuredmedia":[{"embeddable":true,"href":"https:\/\/www.ernstbrunn-apotheke.at\/katalog\/wp-json\/wp\/v2\/media\/109832"}],"wp:attachment":[{"href":"https:\/\/www.ernstbrunn-apotheke.at\/katalog\/wp-json\/wp\/v2\/media?parent=109830"}],"wp:term":[{"taxonomy":"product_brand","embeddable":true,"href":"https:\/\/www.ernstbrunn-apotheke.at\/katalog\/wp-json\/wp\/v2\/product_brand?post=109830"},{"taxonomy":"product_cat","embeddable":true,"href":"https:\/\/www.ernstbrunn-apotheke.at\/katalog\/wp-json\/wp\/v2\/product_cat?post=109830"},{"taxonomy":"product_tag","embeddable":true,"href":"https:\/\/www.ernstbrunn-apotheke.at\/katalog\/wp-json\/wp\/v2\/product_tag?post=109830"}],"curies":[{"name":"wp","href":"https:\/\/api.w.org\/{rel}","templated":true}]}}