{"id":109788,"date":"2025-11-12T19:15:47","date_gmt":"2025-11-12T18:15:47","guid":{"rendered":"https:\/\/www.ernstbrunn-apotheke.at\/katalog\/produkt\/peeroton-energy-riegel-schoko-50g-x-20-stueck\/"},"modified":"2025-12-08T22:14:17","modified_gmt":"2025-12-08T21:14:17","slug":"peeroton-energy-riegel-schoko-50g-x-20-stueck","status":"publish","type":"product","link":"https:\/\/www.ernstbrunn-apotheke.at\/katalog\/produkt\/peeroton-energy-riegel-schoko-50g-x-20-stueck\/","title":{"rendered":"Peeroton Energy Riegel Schoko 50g x 20 St\u00fcck"},"content":{"rendered":"<p>Der Peeroton Energy Riegel schmeckt, s\u00e4ttigt und st\u00e4rkt. Ein Riegel deckt bereits 50% des Tagesbedarfs an Vitamin B1. Der Energy Riegel ist nicht nur im Sport einsetzbar, sondern liefert auch im Alltag einen schnellen Energie-Kick.<\/p>\n","protected":false},"excerpt":{"rendered":"<p>Der Peeroton Energy Riegel schmeckt, s\u00e4ttigt und st\u00e4rkt. Ein Riegel deckt bereits 50% des Tagesbedarfs an Vitamin B1. Der Energy Riegel ist nicht nur im Sport einsetzbar, sondern liefert auch im Alltag einen schnellen Energie-Kick.<\/p>\n","protected":false},"featured_media":109790,"template":"","meta":{"_acf_changed":false},"product_brand":[344],"product_cat":[793],"product_tag":[],"class_list":{"0":"post-109788","1":"product","2":"type-product","3":"status-publish","4":"has-post-thumbnail","6":"product_brand-peeroton","7":"product_cat-p","8":"pa_packungsgroesse-20-stueck","10":"first","11":"instock","12":"shipping-taxable","13":"purchasable","14":"product-type-simple"},"acf":[],"_links":{"self":[{"href":"https:\/\/www.ernstbrunn-apotheke.at\/katalog\/wp-json\/wp\/v2\/product\/109788","targetHints":{"allow":["GET"]}}],"collection":[{"href":"https:\/\/www.ernstbrunn-apotheke.at\/katalog\/wp-json\/wp\/v2\/product"}],"about":[{"href":"https:\/\/www.ernstbrunn-apotheke.at\/katalog\/wp-json\/wp\/v2\/types\/product"}],"wp:featuredmedia":[{"embeddable":true,"href":"https:\/\/www.ernstbrunn-apotheke.at\/katalog\/wp-json\/wp\/v2\/media\/109790"}],"wp:attachment":[{"href":"https:\/\/www.ernstbrunn-apotheke.at\/katalog\/wp-json\/wp\/v2\/media?parent=109788"}],"wp:term":[{"taxonomy":"product_brand","embeddable":true,"href":"https:\/\/www.ernstbrunn-apotheke.at\/katalog\/wp-json\/wp\/v2\/product_brand?post=109788"},{"taxonomy":"product_cat","embeddable":true,"href":"https:\/\/www.ernstbrunn-apotheke.at\/katalog\/wp-json\/wp\/v2\/product_cat?post=109788"},{"taxonomy":"product_tag","embeddable":true,"href":"https:\/\/www.ernstbrunn-apotheke.at\/katalog\/wp-json\/wp\/v2\/product_tag?post=109788"}],"curies":[{"name":"wp","href":"https:\/\/api.w.org\/{rel}","templated":true}]}}