{"id":109744,"date":"2025-11-12T19:15:11","date_gmt":"2025-11-12T18:15:11","guid":{"rendered":"https:\/\/www.ernstbrunn-apotheke.at\/katalog\/produkt\/peeroton-isotonic-ultra-300-g-orange\/"},"modified":"2025-12-08T22:14:06","modified_gmt":"2025-12-08T21:14:06","slug":"peeroton-isotonic-ultra-300-g-orange","status":"publish","type":"product","link":"https:\/\/www.ernstbrunn-apotheke.at\/katalog\/produkt\/peeroton-isotonic-ultra-300-g-orange\/","title":{"rendered":"Peeroton Isotonic Ultra 300 g Orange"},"content":{"rendered":"<p>Der Isotonic Ultra Drink von Peeroton liefert alle wesentlichen Elektrolyte im Verh\u00e4ltnis wie man sie durch Schwei\u00df verliert. Elektrolyte, vor allem Natrium, unterst\u00fctzen diese effektive Art der Fl\u00fcssigkeitsversorgung und gleichen Verluste durch Schwei\u00df aus. Isotonische Getr\u00e4nke haben dieselbe Teilchendichte wie Blut und werden daher besonders effektiv aufgenommen.<\/p>\n","protected":false},"excerpt":{"rendered":"<p>Der Isotonic Ultra Drink von Peeroton liefert alle wesentlichen Elektrolyte im Verh\u00e4ltnis wie man sie durch Schwei\u00df verliert. Elektrolyte, vor allem Natrium, unterst\u00fctzen diese effektive Art der Fl\u00fcssigkeitsversorgung und gleichen Verluste durch Schwei\u00df aus. Isotonische Getr\u00e4nke haben dieselbe Teilchendichte wie Blut und werden daher besonders effektiv aufgenommen.<\/p>\n","protected":false},"featured_media":109746,"template":"","meta":{"_acf_changed":false},"product_brand":[344],"product_cat":[793],"product_tag":[],"class_list":{"0":"post-109744","1":"product","2":"type-product","3":"status-publish","4":"has-post-thumbnail","6":"product_brand-peeroton","7":"product_cat-p","8":"pa_geschmack-orange","9":"pa_packungsgroesse-300g","11":"first","12":"instock","13":"shipping-taxable","14":"purchasable","15":"product-type-simple"},"acf":[],"_links":{"self":[{"href":"https:\/\/www.ernstbrunn-apotheke.at\/katalog\/wp-json\/wp\/v2\/product\/109744","targetHints":{"allow":["GET"]}}],"collection":[{"href":"https:\/\/www.ernstbrunn-apotheke.at\/katalog\/wp-json\/wp\/v2\/product"}],"about":[{"href":"https:\/\/www.ernstbrunn-apotheke.at\/katalog\/wp-json\/wp\/v2\/types\/product"}],"wp:featuredmedia":[{"embeddable":true,"href":"https:\/\/www.ernstbrunn-apotheke.at\/katalog\/wp-json\/wp\/v2\/media\/109746"}],"wp:attachment":[{"href":"https:\/\/www.ernstbrunn-apotheke.at\/katalog\/wp-json\/wp\/v2\/media?parent=109744"}],"wp:term":[{"taxonomy":"product_brand","embeddable":true,"href":"https:\/\/www.ernstbrunn-apotheke.at\/katalog\/wp-json\/wp\/v2\/product_brand?post=109744"},{"taxonomy":"product_cat","embeddable":true,"href":"https:\/\/www.ernstbrunn-apotheke.at\/katalog\/wp-json\/wp\/v2\/product_cat?post=109744"},{"taxonomy":"product_tag","embeddable":true,"href":"https:\/\/www.ernstbrunn-apotheke.at\/katalog\/wp-json\/wp\/v2\/product_tag?post=109744"}],"curies":[{"name":"wp","href":"https:\/\/api.w.org\/{rel}","templated":true}]}}