{"id":10971,"date":"2025-11-07T14:25:24","date_gmt":"2025-11-07T13:25:24","guid":{"rendered":"https:\/\/www.ernstbrunn-apotheke.at\/katalog\/produkt\/drapal-weissdorn-saft-200-ml-bio\/"},"modified":"2025-12-08T13:30:29","modified_gmt":"2025-12-08T12:30:29","slug":"drapal-weissdorn-saft-200-ml-bio","status":"publish","type":"product","link":"https:\/\/www.ernstbrunn-apotheke.at\/katalog\/produkt\/drapal-weissdorn-saft-200-ml-bio\/","title":{"rendered":"Drapal Wei\u00dfdorn Saft 200 ml BIO"},"content":{"rendered":"<p>Drapal Wei\u00dfdorn Saft ist zu 100% wirksam und das ganz ohne Chemie. Nat\u00fcrlich ist der Saft auch ohne Konservierungsstoffe, ohne Zuckerzusatz und ohne Alkohol. Reine Natur zum Trinken.<\/p>\n","protected":false},"excerpt":{"rendered":"<p>Drapal Wei\u00dfdorn Saft ist zu 100% wirksam und das ganz ohne Chemie. Nat\u00fcrlich ist der Saft auch ohne Konservierungsstoffe, ohne Zuckerzusatz und ohne Alkohol. Reine Natur zum Trinken.<\/p>\n","protected":false},"featured_media":10973,"template":"","meta":{"_acf_changed":false},"product_brand":[],"product_cat":[792],"product_tag":[],"class_list":{"0":"post-10971","1":"product","2":"type-product","3":"status-publish","4":"has-post-thumbnail","6":"product_cat-d","7":"pa_farbe-braun","8":"pa_geschmack-weissdorn","9":"pa_packungsgroesse-200ml","11":"first","12":"instock","13":"shipping-taxable","14":"purchasable","15":"product-type-simple"},"acf":[],"_links":{"self":[{"href":"https:\/\/www.ernstbrunn-apotheke.at\/katalog\/wp-json\/wp\/v2\/product\/10971","targetHints":{"allow":["GET"]}}],"collection":[{"href":"https:\/\/www.ernstbrunn-apotheke.at\/katalog\/wp-json\/wp\/v2\/product"}],"about":[{"href":"https:\/\/www.ernstbrunn-apotheke.at\/katalog\/wp-json\/wp\/v2\/types\/product"}],"wp:featuredmedia":[{"embeddable":true,"href":"https:\/\/www.ernstbrunn-apotheke.at\/katalog\/wp-json\/wp\/v2\/media\/10973"}],"wp:attachment":[{"href":"https:\/\/www.ernstbrunn-apotheke.at\/katalog\/wp-json\/wp\/v2\/media?parent=10971"}],"wp:term":[{"taxonomy":"product_brand","embeddable":true,"href":"https:\/\/www.ernstbrunn-apotheke.at\/katalog\/wp-json\/wp\/v2\/product_brand?post=10971"},{"taxonomy":"product_cat","embeddable":true,"href":"https:\/\/www.ernstbrunn-apotheke.at\/katalog\/wp-json\/wp\/v2\/product_cat?post=10971"},{"taxonomy":"product_tag","embeddable":true,"href":"https:\/\/www.ernstbrunn-apotheke.at\/katalog\/wp-json\/wp\/v2\/product_tag?post=10971"}],"curies":[{"name":"wp","href":"https:\/\/api.w.org\/{rel}","templated":true}]}}