{"id":109430,"date":"2025-11-12T19:07:07","date_gmt":"2025-11-12T18:07:07","guid":{"rendered":"https:\/\/www.ernstbrunn-apotheke.at\/katalog\/produkt\/skab-plus-emulsion-150-ml\/"},"modified":"2025-12-08T22:12:52","modified_gmt":"2025-12-08T21:12:52","slug":"skab-plus-emulsion-150-ml","status":"publish","type":"product","link":"https:\/\/www.ernstbrunn-apotheke.at\/katalog\/produkt\/skab-plus-emulsion-150-ml\/","title":{"rendered":"SKAB PLUS Emulsion 150 ml"},"content":{"rendered":"<p>SKAB PLUS ist eine Emulsion zur topischen Anwendung bei Sakbies als Erg\u00e4nzung zur oralen Therapie oder bei Kindern.SKAB PLUS Emulsion 150 ml enth\u00e4lt 9 % Benzylbenzoat, welches traditionell zur Vorbeugung von Kr\u00e4tzebefall eingesetzt wird. Das enthaltene Neem\u00f6l (Melia Azadirachta) ist ein biologisches Sch\u00e4dlingsbek\u00e4mpfungsmittel und hemmt die Larven in ihrer Entwicklung. Auch beinhaltet die SKAB PLUS Emulsion 150 ml Teebaum\u00f6l (Melaleuca Alternifolia), welches antiseptisch wirkt und mit seiner reizhemmenden Eigenschaft den Juckreiz lindert.Die enthaltenen Tryglyceride und weitere Filmbildner, isolieren die Haut und sch\u00fctzen sie vor dem Kontakt mit dem Sch\u00e4dling. So schafft SKAB PLUS eine parasitenfeindliche, f\u00fcr die Besiedlung ung\u00fcnstige Umgebung, die einer erneuten Wiederbev\u00f6lkerung entgegen wirkt.Zus\u00e4tzlich enth\u00e4lt die SKAB PLUS Emulsion 150 ml auch Substanzen mit beruhigender Wirkung (Alpha-Bisabolol, 18-Beta-Glycyrrhetins\u00e4ure, Vitamin E), die zusammen mit den filmbildenden Substanzen dazu beitragen, R\u00f6tungen, lokale Reizungen und Juckreiz zu reduzieren.<\/p>\n","protected":false},"excerpt":{"rendered":"<p>SKAB PLUS ist eine Emulsion zur topischen Anwendung bei Sakbies als Erg\u00e4nzung zur oralen Therapie oder bei Kindern.SKAB PLUS Emulsion 150 ml enth\u00e4lt 9 % Benzylbenzoat, welches traditionell zur Vorbeugung von Kr\u00e4tzebefall eingesetzt wird. Das enthaltene Neem\u00f6l (Melia Azadirachta) ist ein biologisches Sch\u00e4dlingsbek\u00e4mpfungsmittel und hemmt die Larven in ihrer Entwicklung. Auch beinhaltet die SKAB PLUS [&hellip;]<\/p>\n","protected":false},"featured_media":109432,"template":"","meta":{"_acf_changed":false},"product_brand":[],"product_cat":[791],"product_tag":[],"class_list":{"0":"post-109430","1":"product","2":"type-product","3":"status-publish","4":"has-post-thumbnail","6":"product_cat-s","7":"pa_packungsgroesse-150ml","9":"first","10":"instock","11":"shipping-taxable","12":"purchasable","13":"product-type-simple"},"acf":[],"_links":{"self":[{"href":"https:\/\/www.ernstbrunn-apotheke.at\/katalog\/wp-json\/wp\/v2\/product\/109430","targetHints":{"allow":["GET"]}}],"collection":[{"href":"https:\/\/www.ernstbrunn-apotheke.at\/katalog\/wp-json\/wp\/v2\/product"}],"about":[{"href":"https:\/\/www.ernstbrunn-apotheke.at\/katalog\/wp-json\/wp\/v2\/types\/product"}],"wp:featuredmedia":[{"embeddable":true,"href":"https:\/\/www.ernstbrunn-apotheke.at\/katalog\/wp-json\/wp\/v2\/media\/109432"}],"wp:attachment":[{"href":"https:\/\/www.ernstbrunn-apotheke.at\/katalog\/wp-json\/wp\/v2\/media?parent=109430"}],"wp:term":[{"taxonomy":"product_brand","embeddable":true,"href":"https:\/\/www.ernstbrunn-apotheke.at\/katalog\/wp-json\/wp\/v2\/product_brand?post=109430"},{"taxonomy":"product_cat","embeddable":true,"href":"https:\/\/www.ernstbrunn-apotheke.at\/katalog\/wp-json\/wp\/v2\/product_cat?post=109430"},{"taxonomy":"product_tag","embeddable":true,"href":"https:\/\/www.ernstbrunn-apotheke.at\/katalog\/wp-json\/wp\/v2\/product_tag?post=109430"}],"curies":[{"name":"wp","href":"https:\/\/api.w.org\/{rel}","templated":true}]}}