{"id":109221,"date":"2025-11-12T19:03:35","date_gmt":"2025-11-12T18:03:35","guid":{"rendered":"https:\/\/www.ernstbrunn-apotheke.at\/katalog\/produkt\/luuf-halspastillen-islaendisch-moos-und-eibisch-20-stk\/"},"modified":"2025-12-08T22:11:11","modified_gmt":"2025-12-08T21:11:11","slug":"luuf-halspastillen-islaendisch-moos-und-eibisch-20-stk","status":"publish","type":"product","link":"https:\/\/www.ernstbrunn-apotheke.at\/katalog\/produkt\/luuf-halspastillen-islaendisch-moos-und-eibisch-20-stk\/","title":{"rendered":"LUUF Halspastillen Isl\u00e4ndisch Moos und Eibisch 20 Stk."},"content":{"rendered":"<p>LUUF Halspastillen mit Isl\u00e4ndisch Moos, Eibisch, Zink und Biotin wirken wohltuend auf Hals, Rachen und Stimmb\u00e4nder. Besonders<br \/>in der kalten Jahreszeit neigen die Schleimh\u00e4ute dazu auszutrocknen, denn durch niedrige Au\u00dfentemperaturen und trockene<br \/>Heizungsluft geht viel Feuchtigkeit verloren.<\/p>\n<p>&#13;<\/p>\n<p>Zudem stellen Tabakrauch und andere Schadstoffe, wie etwa Feinstaub, eine gro\u00dfe Belastung dar. Dadurch k\u00f6nnen sich verschiedenste Reizstoffe leichter festsetzen und Irritationen im Hals- und Rachenbereich verursachen. Neben diesen sch\u00e4dlichen Umwelteinfl\u00fcssen f\u00fchrt intensives Sprechen und Singen zu Reizungen der empfindlichen Stimmb\u00e4nder. Heiserkeit und Hustenreiz<br \/>k\u00f6nnen die Folge sein.<\/p>\n<p>&#13;<\/p>\n<p><strong>Pflanzliche Beruhigung f\u00fcr Hals und Rachen:<\/strong> Die Inhaltsstoffe aus Isl\u00e4ndisch Moos und Eibisch legen sich balsamartig \u00fcber die<br \/>Schleimh\u00e4ute in Hals und Rachen sowie beanspruchte Stimmb\u00e4nder.<\/p>\n<p>&#13;<\/p>\n<p><strong>Unterst\u00fctzung des Immunsystems:<\/strong> Zink leistet einen Beitrag f\u00fcr ein funktionierendes Immunsystem.<\/p>\n<p>&#13;<\/p>\n<p><strong>Das zus\u00e4tzliche Plus:<\/strong> Biotin tr\u00e4gt zudem zum Erhalt gesunder Schleimh\u00e4ute bei.<\/p>\n<p>&#13;<\/p>\n<p>\u00a0<\/p>\n<p>&#13;<\/p>\n<p>Die beiden Pflanzen Isl\u00e4ndisch Moos und Eibisch zeichnen sich durch ihren au\u00dferordentlich hohen Gehalt an Schleimstoffen aus,<br \/>welche einen Feuchtigkeitsfilm bilden k\u00f6nnen. Diese Pflanzen werden traditionell im Hals- und Rachenbereich eingesetzt.<\/p>\n<p>&#13;<\/p>\n<p>Isl\u00e4ndisch Moos (Lichen islandicus) stammt aus der arktischen Tundra des hohen Nordens und geh\u00f6rt zu den widerstandsf\u00e4higen<br \/>Flechten. Wegen ihrer balsamartigen Schleimstoffe und des Aussehens wird sie auch als \u201eLungenflechte\u201c oder \u201eKramperltee\u201c<br \/>bezeichnet.<\/p>\n<p>&#13;<\/p>\n<p>Eibisch (Althaeae officinalis) hat ebenfalls eine lange Tradition aufgrund des hohen Schleimstoffgehalts in den Wurzeln. Eibisch<br \/>stellt daher die ideale Erg\u00e4nzung zu Isl\u00e4ndisch Moos f\u00fcr Hals, Rachen und Stimmb\u00e4nder dar.<\/p>\n<p>&#13;<\/p>\n<p>\u00a0<\/p>\n<p>&#13;<\/p>\n<p><strong>Vorteile von LUUF\u00ae Halspastillen mit Isl\u00e4ndisch Moos, Eibisch, Zink und Biotin<\/strong><br \/>\u2022 hoher Gehalt an Isl\u00e4ndisch Moos und Eibisch<br \/>\u2022 Feuchtigkeitsfilm bei beanspruchten Schleimh\u00e4uten<br \/>\u2022 schont die Stimmb\u00e4nder<br \/>\u2022 fruchtiger Holunder-Geschmack<br \/>\u2022 ohne k\u00fcnstliche Farb- und Konservierungsstoffe<br \/>\u2022 ideal f\u00fcr unterwegs<br \/>\u2022 f\u00fcr Veganer geeignet<\/p>\n","protected":false},"excerpt":{"rendered":"<p>LUUF Halspastillen mit Isl\u00e4ndisch Moos, Eibisch, Zink und Biotin wirken wohltuend auf Hals, Rachen und Stimmb\u00e4nder. Besondersin der kalten Jahreszeit neigen die Schleimh\u00e4ute dazu auszutrocknen, denn durch niedrige Au\u00dfentemperaturen und trockeneHeizungsluft geht viel Feuchtigkeit verloren. &#13; Zudem stellen Tabakrauch und andere Schadstoffe, wie etwa Feinstaub, eine gro\u00dfe Belastung dar. Dadurch k\u00f6nnen sich verschiedenste Reizstoffe leichter [&hellip;]<\/p>\n","protected":false},"featured_media":109223,"template":"","meta":{"_acf_changed":false},"product_brand":[566],"product_cat":[795],"product_tag":[],"class_list":{"0":"post-109221","1":"product","2":"type-product","3":"status-publish","4":"has-post-thumbnail","6":"product_brand-luuf","7":"product_cat-l","8":"pa_packungsgroesse-20-stueck","10":"first","11":"instock","12":"shipping-taxable","13":"purchasable","14":"product-type-simple"},"acf":[],"_links":{"self":[{"href":"https:\/\/www.ernstbrunn-apotheke.at\/katalog\/wp-json\/wp\/v2\/product\/109221","targetHints":{"allow":["GET"]}}],"collection":[{"href":"https:\/\/www.ernstbrunn-apotheke.at\/katalog\/wp-json\/wp\/v2\/product"}],"about":[{"href":"https:\/\/www.ernstbrunn-apotheke.at\/katalog\/wp-json\/wp\/v2\/types\/product"}],"wp:featuredmedia":[{"embeddable":true,"href":"https:\/\/www.ernstbrunn-apotheke.at\/katalog\/wp-json\/wp\/v2\/media\/109223"}],"wp:attachment":[{"href":"https:\/\/www.ernstbrunn-apotheke.at\/katalog\/wp-json\/wp\/v2\/media?parent=109221"}],"wp:term":[{"taxonomy":"product_brand","embeddable":true,"href":"https:\/\/www.ernstbrunn-apotheke.at\/katalog\/wp-json\/wp\/v2\/product_brand?post=109221"},{"taxonomy":"product_cat","embeddable":true,"href":"https:\/\/www.ernstbrunn-apotheke.at\/katalog\/wp-json\/wp\/v2\/product_cat?post=109221"},{"taxonomy":"product_tag","embeddable":true,"href":"https:\/\/www.ernstbrunn-apotheke.at\/katalog\/wp-json\/wp\/v2\/product_tag?post=109221"}],"curies":[{"name":"wp","href":"https:\/\/api.w.org\/{rel}","templated":true}]}}