{"id":109023,"date":"2025-11-12T18:58:31","date_gmt":"2025-11-12T17:58:31","guid":{"rendered":"https:\/\/www.ernstbrunn-apotheke.at\/katalog\/produkt\/eucerin-urearepair-plus-fussschaum-10-150-ml\/"},"modified":"2025-12-08T22:10:17","modified_gmt":"2025-12-08T21:10:17","slug":"eucerin-urearepair-plus-fussschaum-10-150-ml","status":"publish","type":"product","link":"https:\/\/www.ernstbrunn-apotheke.at\/katalog\/produkt\/eucerin-urearepair-plus-fussschaum-10-150-ml\/","title":{"rendered":"Eucerin UreaRepair PLUS Fu\u00dfschaum 10% 150 ml"},"content":{"rendered":"<p>Eucerin UreaRepair PLUS Fu\u00dfschaum 150 ml wurde speziell f\u00fcr die Pflege trockener Haut entwickelt und erg\u00e4nzt das Produktportfolio von Eucerin f\u00fcr die Fu\u00dfpflege. Seine Pflegewirkstoffe aus 10 % Urea und nat\u00fcrlichen Feuchthaltefaktoren (NMF) spenden bis zu 48 Stunden Feuchtigkeit und reduzieren Hornhaut und Verdickungen der Haut.<\/p>\n","protected":false},"excerpt":{"rendered":"<p>Eucerin UreaRepair PLUS Fu\u00dfschaum 150 ml wurde speziell f\u00fcr die Pflege trockener Haut entwickelt und erg\u00e4nzt das Produktportfolio von Eucerin f\u00fcr die Fu\u00dfpflege. Seine Pflegewirkstoffe aus 10 % Urea und nat\u00fcrlichen Feuchthaltefaktoren (NMF) spenden bis zu 48 Stunden Feuchtigkeit und reduzieren Hornhaut und Verdickungen der Haut.<\/p>\n","protected":false},"featured_media":109025,"template":"","meta":{"_acf_changed":false},"product_brand":[334],"product_cat":[794],"product_tag":[],"class_list":{"0":"post-109023","1":"product","2":"type-product","3":"status-publish","4":"has-post-thumbnail","6":"product_brand-eucerin","7":"product_cat-e","8":"pa_packungsgroesse-150ml","10":"first","11":"instock","12":"shipping-taxable","13":"purchasable","14":"product-type-simple"},"acf":[],"_links":{"self":[{"href":"https:\/\/www.ernstbrunn-apotheke.at\/katalog\/wp-json\/wp\/v2\/product\/109023","targetHints":{"allow":["GET"]}}],"collection":[{"href":"https:\/\/www.ernstbrunn-apotheke.at\/katalog\/wp-json\/wp\/v2\/product"}],"about":[{"href":"https:\/\/www.ernstbrunn-apotheke.at\/katalog\/wp-json\/wp\/v2\/types\/product"}],"wp:featuredmedia":[{"embeddable":true,"href":"https:\/\/www.ernstbrunn-apotheke.at\/katalog\/wp-json\/wp\/v2\/media\/109025"}],"wp:attachment":[{"href":"https:\/\/www.ernstbrunn-apotheke.at\/katalog\/wp-json\/wp\/v2\/media?parent=109023"}],"wp:term":[{"taxonomy":"product_brand","embeddable":true,"href":"https:\/\/www.ernstbrunn-apotheke.at\/katalog\/wp-json\/wp\/v2\/product_brand?post=109023"},{"taxonomy":"product_cat","embeddable":true,"href":"https:\/\/www.ernstbrunn-apotheke.at\/katalog\/wp-json\/wp\/v2\/product_cat?post=109023"},{"taxonomy":"product_tag","embeddable":true,"href":"https:\/\/www.ernstbrunn-apotheke.at\/katalog\/wp-json\/wp\/v2\/product_tag?post=109023"}],"curies":[{"name":"wp","href":"https:\/\/api.w.org\/{rel}","templated":true}]}}