{"id":10902,"date":"2025-11-07T14:23:48","date_gmt":"2025-11-07T13:23:48","guid":{"rendered":"https:\/\/www.ernstbrunn-apotheke.at\/katalog\/produkt\/hafesan-opc-traubenkern-300-mg-kapseln-60-stk\/"},"modified":"2025-12-08T13:30:22","modified_gmt":"2025-12-08T12:30:22","slug":"hafesan-opc-traubenkern-300-mg-kapseln-60-stk","status":"publish","type":"product","link":"https:\/\/www.ernstbrunn-apotheke.at\/katalog\/produkt\/hafesan-opc-traubenkern-300-mg-kapseln-60-stk\/","title":{"rendered":"Hafesan OPC-Traubenkern 300 mg Kapseln 60 Stk."},"content":{"rendered":"<p>Hafesan\u00ae OPC Traubenkern Kapseln verst\u00e4rken die Wirkung von Vitaminen und helfen dem K\u00f6rper somit sich effektiv vor dem Angriff aggressiver freier Radikale zu sch\u00fctzen.<\/p>\n","protected":false},"excerpt":{"rendered":"<p>Hafesan\u00ae OPC Traubenkern Kapseln verst\u00e4rken die Wirkung von Vitaminen und helfen dem K\u00f6rper somit sich effektiv vor dem Angriff aggressiver freier Radikale zu sch\u00fctzen.<\/p>\n","protected":false},"featured_media":10904,"template":"","meta":{"_acf_changed":false},"product_brand":[376],"product_cat":[805],"product_tag":[],"class_list":{"0":"post-10902","1":"product","2":"type-product","3":"status-publish","4":"has-post-thumbnail","6":"product_brand-hafesan","7":"product_cat-h","8":"pa_packungsgroesse-60-stueck","10":"first","11":"instock","12":"shipping-taxable","13":"purchasable","14":"product-type-simple"},"acf":[],"_links":{"self":[{"href":"https:\/\/www.ernstbrunn-apotheke.at\/katalog\/wp-json\/wp\/v2\/product\/10902","targetHints":{"allow":["GET"]}}],"collection":[{"href":"https:\/\/www.ernstbrunn-apotheke.at\/katalog\/wp-json\/wp\/v2\/product"}],"about":[{"href":"https:\/\/www.ernstbrunn-apotheke.at\/katalog\/wp-json\/wp\/v2\/types\/product"}],"wp:featuredmedia":[{"embeddable":true,"href":"https:\/\/www.ernstbrunn-apotheke.at\/katalog\/wp-json\/wp\/v2\/media\/10904"}],"wp:attachment":[{"href":"https:\/\/www.ernstbrunn-apotheke.at\/katalog\/wp-json\/wp\/v2\/media?parent=10902"}],"wp:term":[{"taxonomy":"product_brand","embeddable":true,"href":"https:\/\/www.ernstbrunn-apotheke.at\/katalog\/wp-json\/wp\/v2\/product_brand?post=10902"},{"taxonomy":"product_cat","embeddable":true,"href":"https:\/\/www.ernstbrunn-apotheke.at\/katalog\/wp-json\/wp\/v2\/product_cat?post=10902"},{"taxonomy":"product_tag","embeddable":true,"href":"https:\/\/www.ernstbrunn-apotheke.at\/katalog\/wp-json\/wp\/v2\/product_tag?post=10902"}],"curies":[{"name":"wp","href":"https:\/\/api.w.org\/{rel}","templated":true}]}}