{"id":10873,"date":"2025-11-07T14:23:48","date_gmt":"2025-11-07T13:23:48","guid":{"rendered":"https:\/\/www.ernstbrunn-apotheke.at\/katalog\/produkt\/norsan-omega-3-kapseln\/"},"modified":"2025-12-08T13:30:20","modified_gmt":"2025-12-08T12:30:20","slug":"norsan-omega-3-kapseln","status":"publish","type":"product","link":"https:\/\/www.ernstbrunn-apotheke.at\/katalog\/produkt\/norsan-omega-3-kapseln\/","title":{"rendered":"NORSAN Omega 3 Kapseln"},"content":{"rendered":"<p>Die Omega-3 Kapseln bestehen aus nat\u00fcrlichem Fisch\u00f6l \u2013 kein Konzentrat \u2013 mit einem Fetts\u00e4ure-Komplex von \u00fcber 50 Fetts\u00e4uren. Die Gewinnung und Reinigung unseres Fisch\u00f6ls erfolgt schonend und bewahrt die nat\u00fcrliche Fetts\u00e4ure-Struktur des Fisches. Der Unterschied zwischen einem nat\u00fcrlichen Fisch\u00f6l und einem Konzentrat besteht darin, dass bei Konzentraten die nat\u00fcrliche Fetts\u00e4ure-Struktur des Fisch\u00f6ls durch verschiedene chemische Prozesse ver\u00e4ndert wird, um die Omega-3-Fetts\u00e4uren k\u00fcnstlich h\u00f6her zu konzentrieren. Zum jetzigen Stand ist noch wenig bekannt dar\u00fcber, wie sich das (bearbeitete) konzentrierte Fisch\u00f6l nach dem Konsum im K\u00f6rper verh\u00e4lt. Die Einnahme eines nicht-konzentrierten nat\u00fcrlichen Fisch\u00f6ls, wie es in den Omega-3 Kapseln enthalten ist, \u00e4hnelt dem Effekt von Fischkonsum und ist deswegen zu empfehlen.<\/p>\n","protected":false},"excerpt":{"rendered":"<p>Die Omega-3 Kapseln bestehen aus nat\u00fcrlichem Fisch\u00f6l \u2013 kein Konzentrat \u2013 mit einem Fetts\u00e4ure-Komplex von \u00fcber 50 Fetts\u00e4uren. Die Gewinnung und Reinigung unseres Fisch\u00f6ls erfolgt schonend und bewahrt die nat\u00fcrliche Fetts\u00e4ure-Struktur des Fisches. Der Unterschied zwischen einem nat\u00fcrlichen Fisch\u00f6l und einem Konzentrat besteht darin, dass bei Konzentraten die nat\u00fcrliche Fetts\u00e4ure-Struktur des Fisch\u00f6ls durch verschiedene chemische [&hellip;]<\/p>\n","protected":false},"featured_media":10875,"template":"","meta":{"_acf_changed":false},"product_brand":[],"product_cat":[797],"product_tag":[],"class_list":{"0":"post-10873","1":"product","2":"type-product","3":"status-publish","4":"has-post-thumbnail","6":"product_cat-n","7":"pa_packungsgroesse-120-stueck","9":"first","10":"instock","11":"shipping-taxable","12":"purchasable","13":"product-type-simple"},"acf":[],"_links":{"self":[{"href":"https:\/\/www.ernstbrunn-apotheke.at\/katalog\/wp-json\/wp\/v2\/product\/10873","targetHints":{"allow":["GET"]}}],"collection":[{"href":"https:\/\/www.ernstbrunn-apotheke.at\/katalog\/wp-json\/wp\/v2\/product"}],"about":[{"href":"https:\/\/www.ernstbrunn-apotheke.at\/katalog\/wp-json\/wp\/v2\/types\/product"}],"wp:featuredmedia":[{"embeddable":true,"href":"https:\/\/www.ernstbrunn-apotheke.at\/katalog\/wp-json\/wp\/v2\/media\/10875"}],"wp:attachment":[{"href":"https:\/\/www.ernstbrunn-apotheke.at\/katalog\/wp-json\/wp\/v2\/media?parent=10873"}],"wp:term":[{"taxonomy":"product_brand","embeddable":true,"href":"https:\/\/www.ernstbrunn-apotheke.at\/katalog\/wp-json\/wp\/v2\/product_brand?post=10873"},{"taxonomy":"product_cat","embeddable":true,"href":"https:\/\/www.ernstbrunn-apotheke.at\/katalog\/wp-json\/wp\/v2\/product_cat?post=10873"},{"taxonomy":"product_tag","embeddable":true,"href":"https:\/\/www.ernstbrunn-apotheke.at\/katalog\/wp-json\/wp\/v2\/product_tag?post=10873"}],"curies":[{"name":"wp","href":"https:\/\/api.w.org\/{rel}","templated":true}]}}