{"id":10869,"date":"2025-11-07T14:23:48","date_gmt":"2025-11-07T13:23:48","guid":{"rendered":"https:\/\/www.ernstbrunn-apotheke.at\/katalog\/produkt\/cholesterin-komplex-tabletten-30-stk\/"},"modified":"2025-12-08T13:30:19","modified_gmt":"2025-12-08T12:30:19","slug":"cholesterin-komplex-tabletten-30-stk","status":"publish","type":"product","link":"https:\/\/www.ernstbrunn-apotheke.at\/katalog\/produkt\/cholesterin-komplex-tabletten-30-stk\/","title":{"rendered":"Cholesterin Komplex Tabletten 30 Stk."},"content":{"rendered":"<p>Cholesterin Komplex Tabletten unterst\u00fctzen erh\u00f6hte Cholesterinwerte zu senken und basieren auf nat\u00fcrlichen Inhaltsstoffen. Aufgrund der guten Vertr\u00e4glichkeit von fermentiertem Rotem Reismehl-Extrakt ist dieser insbesondere f\u00fcr Personen, die Statine nicht oder nur schlecht vertragen, geeignet.<\/p>\n","protected":false},"excerpt":{"rendered":"<p>Cholesterin Komplex Tabletten unterst\u00fctzen erh\u00f6hte Cholesterinwerte zu senken und basieren auf nat\u00fcrlichen Inhaltsstoffen. Aufgrund der guten Vertr\u00e4glichkeit von fermentiertem Rotem Reismehl-Extrakt ist dieser insbesondere f\u00fcr Personen, die Statine nicht oder nur schlecht vertragen, geeignet.<\/p>\n","protected":false},"featured_media":10871,"template":"","meta":{"_acf_changed":false},"product_brand":[],"product_cat":[812],"product_tag":[],"class_list":{"0":"post-10869","1":"product","2":"type-product","3":"status-publish","4":"has-post-thumbnail","6":"product_cat-c","7":"pa_farbe-rot-braun","8":"pa_packungsgroesse-30-stueck","10":"first","11":"instock","12":"shipping-taxable","13":"purchasable","14":"product-type-simple"},"acf":[],"_links":{"self":[{"href":"https:\/\/www.ernstbrunn-apotheke.at\/katalog\/wp-json\/wp\/v2\/product\/10869","targetHints":{"allow":["GET"]}}],"collection":[{"href":"https:\/\/www.ernstbrunn-apotheke.at\/katalog\/wp-json\/wp\/v2\/product"}],"about":[{"href":"https:\/\/www.ernstbrunn-apotheke.at\/katalog\/wp-json\/wp\/v2\/types\/product"}],"wp:featuredmedia":[{"embeddable":true,"href":"https:\/\/www.ernstbrunn-apotheke.at\/katalog\/wp-json\/wp\/v2\/media\/10871"}],"wp:attachment":[{"href":"https:\/\/www.ernstbrunn-apotheke.at\/katalog\/wp-json\/wp\/v2\/media?parent=10869"}],"wp:term":[{"taxonomy":"product_brand","embeddable":true,"href":"https:\/\/www.ernstbrunn-apotheke.at\/katalog\/wp-json\/wp\/v2\/product_brand?post=10869"},{"taxonomy":"product_cat","embeddable":true,"href":"https:\/\/www.ernstbrunn-apotheke.at\/katalog\/wp-json\/wp\/v2\/product_cat?post=10869"},{"taxonomy":"product_tag","embeddable":true,"href":"https:\/\/www.ernstbrunn-apotheke.at\/katalog\/wp-json\/wp\/v2\/product_tag?post=10869"}],"curies":[{"name":"wp","href":"https:\/\/api.w.org\/{rel}","templated":true}]}}