{"id":108566,"date":"2025-11-12T18:46:39","date_gmt":"2025-11-12T17:46:39","guid":{"rendered":"https:\/\/www.ernstbrunn-apotheke.at\/katalog\/produkt\/espara-acidophilus-forte-kapseln-60-stk\/"},"modified":"2025-12-08T22:08:16","modified_gmt":"2025-12-08T21:08:16","slug":"espara-acidophilus-forte-kapseln-60-stk","status":"publish","type":"product","link":"https:\/\/www.ernstbrunn-apotheke.at\/katalog\/produkt\/espara-acidophilus-forte-kapseln-60-stk\/","title":{"rendered":"Espara Acidophilus Forte Kapseln 60 Stk."},"content":{"rendered":"<p>Espara Acidophilus Forte Kapseln ist ein Nahrungserg\u00e4nzungsmittel mit 5 Mrd. probiotischen Milchs\u00e4urebakterien (10 verschiedene St\u00e4mme) und pr\u00e4biotischen Ballaststoffen zur Unterst\u00fctzung der Darmflora. Die pflanzliche Kapselh\u00fclle DRCAPS sorgt f\u00fcr eine verz\u00f6gerte Freisetzung und sch\u00fctzt somit die Milchs\u00e4urebakterien vor der Magens\u00e4ure.<\/p>\n","protected":false},"excerpt":{"rendered":"<p>Espara Acidophilus Forte Kapseln ist ein Nahrungserg\u00e4nzungsmittel mit 5 Mrd. probiotischen Milchs\u00e4urebakterien (10 verschiedene St\u00e4mme) und pr\u00e4biotischen Ballaststoffen zur Unterst\u00fctzung der Darmflora. Die pflanzliche Kapselh\u00fclle DRCAPS sorgt f\u00fcr eine verz\u00f6gerte Freisetzung und sch\u00fctzt somit die Milchs\u00e4urebakterien vor der Magens\u00e4ure.<\/p>\n","protected":false},"featured_media":108568,"template":"","meta":{"_acf_changed":false},"product_brand":[383],"product_cat":[794],"product_tag":[],"class_list":{"0":"post-108566","1":"product","2":"type-product","3":"status-publish","4":"has-post-thumbnail","6":"product_brand-espara","7":"product_cat-e","8":"pa_packungsgroesse-60-stueck","10":"first","11":"instock","12":"shipping-taxable","13":"purchasable","14":"product-type-simple"},"acf":[],"_links":{"self":[{"href":"https:\/\/www.ernstbrunn-apotheke.at\/katalog\/wp-json\/wp\/v2\/product\/108566","targetHints":{"allow":["GET"]}}],"collection":[{"href":"https:\/\/www.ernstbrunn-apotheke.at\/katalog\/wp-json\/wp\/v2\/product"}],"about":[{"href":"https:\/\/www.ernstbrunn-apotheke.at\/katalog\/wp-json\/wp\/v2\/types\/product"}],"wp:featuredmedia":[{"embeddable":true,"href":"https:\/\/www.ernstbrunn-apotheke.at\/katalog\/wp-json\/wp\/v2\/media\/108568"}],"wp:attachment":[{"href":"https:\/\/www.ernstbrunn-apotheke.at\/katalog\/wp-json\/wp\/v2\/media?parent=108566"}],"wp:term":[{"taxonomy":"product_brand","embeddable":true,"href":"https:\/\/www.ernstbrunn-apotheke.at\/katalog\/wp-json\/wp\/v2\/product_brand?post=108566"},{"taxonomy":"product_cat","embeddable":true,"href":"https:\/\/www.ernstbrunn-apotheke.at\/katalog\/wp-json\/wp\/v2\/product_cat?post=108566"},{"taxonomy":"product_tag","embeddable":true,"href":"https:\/\/www.ernstbrunn-apotheke.at\/katalog\/wp-json\/wp\/v2\/product_tag?post=108566"}],"curies":[{"name":"wp","href":"https:\/\/api.w.org\/{rel}","templated":true}]}}