{"id":108501,"date":"2025-11-12T18:46:39","date_gmt":"2025-11-12T17:46:39","guid":{"rendered":"https:\/\/www.ernstbrunn-apotheke.at\/katalog\/produkt\/klosterfrau-thymian-islaendisch-moos-hustensaft-200-ml\/"},"modified":"2025-12-08T22:08:03","modified_gmt":"2025-12-08T21:08:03","slug":"klosterfrau-thymian-islaendisch-moos-hustensaft-200-ml","status":"publish","type":"product","link":"https:\/\/www.ernstbrunn-apotheke.at\/katalog\/produkt\/klosterfrau-thymian-islaendisch-moos-hustensaft-200-ml\/","title":{"rendered":"Klosterfrau Thymian Isl\u00e4ndisch Moos Hustensaft 200 ml"},"content":{"rendered":"<p>Klosterfrau Thymian Isl\u00e4ndisch Moos Hustensaft wird sowohl zur Beruhigung der Schleimh\u00e4ute im Hals- und Rachenbereich, als auch hustenstillend angewendet.<\/p>\n","protected":false},"excerpt":{"rendered":"<p>Klosterfrau Thymian Isl\u00e4ndisch Moos Hustensaft wird sowohl zur Beruhigung der Schleimh\u00e4ute im Hals- und Rachenbereich, als auch hustenstillend angewendet.<\/p>\n","protected":false},"featured_media":108503,"template":"","meta":{"_acf_changed":false},"product_brand":[526],"product_cat":[807],"product_tag":[],"class_list":{"0":"post-108501","1":"product","2":"type-product","3":"status-publish","4":"has-post-thumbnail","6":"product_brand-klosterfrau","7":"product_cat-k","8":"pa_farbe-braeunlicher-sirup","9":"pa_geschmack-thymiangeschmack","10":"pa_packungsgroesse-200ml","12":"first","13":"instock","14":"shipping-taxable","15":"purchasable","16":"product-type-simple"},"acf":[],"_links":{"self":[{"href":"https:\/\/www.ernstbrunn-apotheke.at\/katalog\/wp-json\/wp\/v2\/product\/108501","targetHints":{"allow":["GET"]}}],"collection":[{"href":"https:\/\/www.ernstbrunn-apotheke.at\/katalog\/wp-json\/wp\/v2\/product"}],"about":[{"href":"https:\/\/www.ernstbrunn-apotheke.at\/katalog\/wp-json\/wp\/v2\/types\/product"}],"wp:featuredmedia":[{"embeddable":true,"href":"https:\/\/www.ernstbrunn-apotheke.at\/katalog\/wp-json\/wp\/v2\/media\/108503"}],"wp:attachment":[{"href":"https:\/\/www.ernstbrunn-apotheke.at\/katalog\/wp-json\/wp\/v2\/media?parent=108501"}],"wp:term":[{"taxonomy":"product_brand","embeddable":true,"href":"https:\/\/www.ernstbrunn-apotheke.at\/katalog\/wp-json\/wp\/v2\/product_brand?post=108501"},{"taxonomy":"product_cat","embeddable":true,"href":"https:\/\/www.ernstbrunn-apotheke.at\/katalog\/wp-json\/wp\/v2\/product_cat?post=108501"},{"taxonomy":"product_tag","embeddable":true,"href":"https:\/\/www.ernstbrunn-apotheke.at\/katalog\/wp-json\/wp\/v2\/product_tag?post=108501"}],"curies":[{"name":"wp","href":"https:\/\/api.w.org\/{rel}","templated":true}]}}