{"id":108466,"date":"2025-11-12T18:10:15","date_gmt":"2025-11-12T17:10:15","guid":{"rendered":"https:\/\/www.ernstbrunn-apotheke.at\/katalog\/produkt\/vis-terrena-ur-spermidin-forte\/"},"modified":"2025-12-08T22:07:52","modified_gmt":"2025-12-08T21:07:52","slug":"vis-terrena-ur-spermidin-forte","status":"publish","type":"product","link":"https:\/\/www.ernstbrunn-apotheke.at\/katalog\/produkt\/vis-terrena-ur-spermidin-forte\/","title":{"rendered":"Vis Terrena Ur Spermidin Forte"},"content":{"rendered":"<p>Pflanzenkraft mit Spermidin &#038; Bioflavonoiden\u00a0<\/p>\n<p>Vis Terrena Ur Spermidine Forte liefern wichtige pflanzliche Spermidine f\u00fcr den K\u00f6rper und spendet au\u00dferdem B-Vitamine. Der in dem Pr\u00e4parat enthaltene N\u00e4hrstoff-Komplex unterst\u00fctzt die Regeneration von Zellen und f\u00f6rdert die normale Funktion des Nervensystems.\u00a0<\/p>\n<p>SPERMIDIN\u00a0<\/p>\n<p>Spermidin ist eine Substanz, die in allen lebenden Organismen vorkommt und in direktem Zusammenhang mit der Zelltei lung steht.<\/p>\n<p>BIOFLAVONOIDE\u00a0<\/p>\n<p>Flavonoide wie Isoflavone und Citrus Biofla vonoide geh\u00f6ren zu den sogenannten se kund\u00e4ren Pflanzenstoffen. \u00a0<\/p>\n<p>VERZEHREMPFEHLUNG\u00a0<\/p>\n<p>2 x t\u00e4glich 1 Kapsel mit etwas Fl\u00fcssigkeit vor einer Mahlzeit einnehmen. <\/p>\n","protected":false},"excerpt":{"rendered":"<p>Pflanzenkraft mit Spermidin &#038; Bioflavonoiden\u00a0 Vis Terrena Ur Spermidine Forte liefern wichtige pflanzliche Spermidine f\u00fcr den K\u00f6rper und spendet au\u00dferdem B-Vitamine. Der in dem Pr\u00e4parat enthaltene N\u00e4hrstoff-Komplex unterst\u00fctzt die Regeneration von Zellen und f\u00f6rdert die normale Funktion des Nervensystems.\u00a0 SPERMIDIN\u00a0 Spermidin ist eine Substanz, die in allen lebenden Organismen vorkommt und in direktem Zusammenhang mit [&hellip;]<\/p>\n","protected":false},"featured_media":108468,"template":"","meta":{"_acf_changed":false},"product_brand":[1252],"product_cat":[799],"product_tag":[],"class_list":{"0":"post-108466","1":"product","2":"type-product","3":"status-publish","4":"has-post-thumbnail","6":"product_brand-vis-terrena","7":"product_cat-v","8":"pa_packungsgroesse-60-stueck","10":"first","11":"instock","12":"shipping-taxable","13":"purchasable","14":"product-type-simple"},"acf":[],"_links":{"self":[{"href":"https:\/\/www.ernstbrunn-apotheke.at\/katalog\/wp-json\/wp\/v2\/product\/108466","targetHints":{"allow":["GET"]}}],"collection":[{"href":"https:\/\/www.ernstbrunn-apotheke.at\/katalog\/wp-json\/wp\/v2\/product"}],"about":[{"href":"https:\/\/www.ernstbrunn-apotheke.at\/katalog\/wp-json\/wp\/v2\/types\/product"}],"wp:featuredmedia":[{"embeddable":true,"href":"https:\/\/www.ernstbrunn-apotheke.at\/katalog\/wp-json\/wp\/v2\/media\/108468"}],"wp:attachment":[{"href":"https:\/\/www.ernstbrunn-apotheke.at\/katalog\/wp-json\/wp\/v2\/media?parent=108466"}],"wp:term":[{"taxonomy":"product_brand","embeddable":true,"href":"https:\/\/www.ernstbrunn-apotheke.at\/katalog\/wp-json\/wp\/v2\/product_brand?post=108466"},{"taxonomy":"product_cat","embeddable":true,"href":"https:\/\/www.ernstbrunn-apotheke.at\/katalog\/wp-json\/wp\/v2\/product_cat?post=108466"},{"taxonomy":"product_tag","embeddable":true,"href":"https:\/\/www.ernstbrunn-apotheke.at\/katalog\/wp-json\/wp\/v2\/product_tag?post=108466"}],"curies":[{"name":"wp","href":"https:\/\/api.w.org\/{rel}","templated":true}]}}