{"id":10829,"date":"2025-11-07T14:23:00","date_gmt":"2025-11-07T13:23:00","guid":{"rendered":"https:\/\/www.ernstbrunn-apotheke.at\/katalog\/produkt\/biobene-omega-3-complex-kapseln-60-stk\/"},"modified":"2025-12-08T13:30:16","modified_gmt":"2025-12-08T12:30:16","slug":"biobene-omega-3-complex-kapseln-60-stk","status":"publish","type":"product","link":"https:\/\/www.ernstbrunn-apotheke.at\/katalog\/produkt\/biobene-omega-3-complex-kapseln-60-stk\/","title":{"rendered":"Biobene Omega-3 Complex Kapseln 60 Stk."},"content":{"rendered":"<p>BIOBENE\u00ae Omega-3 Complex ist ein wertvolles Nahrungserg\u00e4nzungsmittel zum Schutz von Herz und Gef\u00e4\u00dfen. Zus\u00e4tzlich wirkt sich die regelm\u00e4\u00dfige Einnahme positiv auf die Sehkraft, die Blutfettwerte > Blutgef\u00e4\u00dfe aus<\/p>\n","protected":false},"excerpt":{"rendered":"<p>BIOBENE\u00ae Omega-3 Complex ist ein wertvolles Nahrungserg\u00e4nzungsmittel zum Schutz von Herz und Gef\u00e4\u00dfen. Zus\u00e4tzlich wirkt sich die regelm\u00e4\u00dfige Einnahme positiv auf die Sehkraft, die Blutfettwerte > Blutgef\u00e4\u00dfe aus<\/p>\n","protected":false},"featured_media":10831,"template":"","meta":{"_acf_changed":false},"product_brand":[],"product_cat":[802],"product_tag":[],"class_list":{"0":"post-10829","1":"product","2":"type-product","3":"status-publish","4":"has-post-thumbnail","6":"product_cat-b","7":"pa_packungsgroesse-60-stueck","9":"first","10":"instock","11":"shipping-taxable","12":"purchasable","13":"product-type-simple"},"acf":[],"_links":{"self":[{"href":"https:\/\/www.ernstbrunn-apotheke.at\/katalog\/wp-json\/wp\/v2\/product\/10829","targetHints":{"allow":["GET"]}}],"collection":[{"href":"https:\/\/www.ernstbrunn-apotheke.at\/katalog\/wp-json\/wp\/v2\/product"}],"about":[{"href":"https:\/\/www.ernstbrunn-apotheke.at\/katalog\/wp-json\/wp\/v2\/types\/product"}],"wp:featuredmedia":[{"embeddable":true,"href":"https:\/\/www.ernstbrunn-apotheke.at\/katalog\/wp-json\/wp\/v2\/media\/10831"}],"wp:attachment":[{"href":"https:\/\/www.ernstbrunn-apotheke.at\/katalog\/wp-json\/wp\/v2\/media?parent=10829"}],"wp:term":[{"taxonomy":"product_brand","embeddable":true,"href":"https:\/\/www.ernstbrunn-apotheke.at\/katalog\/wp-json\/wp\/v2\/product_brand?post=10829"},{"taxonomy":"product_cat","embeddable":true,"href":"https:\/\/www.ernstbrunn-apotheke.at\/katalog\/wp-json\/wp\/v2\/product_cat?post=10829"},{"taxonomy":"product_tag","embeddable":true,"href":"https:\/\/www.ernstbrunn-apotheke.at\/katalog\/wp-json\/wp\/v2\/product_tag?post=10829"}],"curies":[{"name":"wp","href":"https:\/\/api.w.org\/{rel}","templated":true}]}}