{"id":10809,"date":"2025-11-07T14:22:11","date_gmt":"2025-11-07T13:22:11","guid":{"rendered":"https:\/\/www.ernstbrunn-apotheke.at\/katalog\/produkt\/orthomol-cardio-granulat-30-stk\/"},"modified":"2025-12-08T13:30:13","modified_gmt":"2025-12-08T12:30:13","slug":"orthomol-cardio-granulat-30-stk","status":"publish","type":"product","link":"https:\/\/www.ernstbrunn-apotheke.at\/katalog\/produkt\/orthomol-cardio-granulat-30-stk\/","title":{"rendered":"Orthomol Cardio Granulat 30 Stk."},"content":{"rendered":"<p>Orthomol Cardio\u00ae Granulat 30 Stk. &#8211; alles, was das Herz begehrt.Orthomol Cardio\u00ae ist ein Nahrungserg\u00e4nzungsmittel. Es enth\u00e4lt wichtige Mikron\u00e4hrstoffe f\u00fcr die normale Herzmuskelfunktion, sowie einen normalen Energie- und Homocystein-Stoffwechsel. Die Omega-3-Fetts\u00e4uren EPA und DHA sowie Vitamin B1 (Thiamin) tragen zu einer normalen Herzfunktion bei. Die positive Wirkung stellt sich bei einer t\u00e4glichen Aufnahme von 250 mg EPA und DHA ein. Vitamin B1 (Thiamin), Vitamin B2 (Riboflavin), Vitamin B6, Vitamin B12, Pantothens\u00e4ure, Niacin, Vitamin C, Biotin, Magnesium, Jod, Kupfer und Mangan tragen zu einem normalen Energiestoffwechsel bei. Zudem tr\u00e4gt Magnesium zur normalen Muskelfunktion einschlie\u00dflich des Herzmuskels bei. Vitamin B6, Vitamin B12 und Fols\u00e4ure tragen zu einem normalen Homocysteinstoffwechsel bei. Vitamin B2 (Riboflavin), Vitamin C und Vitamin E sowie Kupfer, Mangan, Selen und Zink tragen zum Schutz der Zellen vor oxidativem Stress bei &#8211; jetzt alle Produkte von Orthomol zu g\u00fcnstigen Preisen online bestellen!<\/p>\n","protected":false},"excerpt":{"rendered":"<p>Orthomol Cardio\u00ae Granulat 30 Stk. &#8211; alles, was das Herz begehrt.Orthomol Cardio\u00ae ist ein Nahrungserg\u00e4nzungsmittel. Es enth\u00e4lt wichtige Mikron\u00e4hrstoffe f\u00fcr die normale Herzmuskelfunktion, sowie einen normalen Energie- und Homocystein-Stoffwechsel. Die Omega-3-Fetts\u00e4uren EPA und DHA sowie Vitamin B1 (Thiamin) tragen zu einer normalen Herzfunktion bei. Die positive Wirkung stellt sich bei einer t\u00e4glichen Aufnahme von 250 [&hellip;]<\/p>\n","protected":false},"featured_media":10811,"template":"","meta":{"_acf_changed":false},"product_brand":[387],"product_cat":[819],"product_tag":[],"class_list":{"0":"post-10809","1":"product","2":"type-product","3":"status-publish","4":"has-post-thumbnail","6":"product_brand-orthomol","7":"product_cat-o","8":"pa_packungsgroesse-30-stueck","10":"first","11":"instock","12":"shipping-taxable","13":"purchasable","14":"product-type-simple"},"acf":[],"_links":{"self":[{"href":"https:\/\/www.ernstbrunn-apotheke.at\/katalog\/wp-json\/wp\/v2\/product\/10809","targetHints":{"allow":["GET"]}}],"collection":[{"href":"https:\/\/www.ernstbrunn-apotheke.at\/katalog\/wp-json\/wp\/v2\/product"}],"about":[{"href":"https:\/\/www.ernstbrunn-apotheke.at\/katalog\/wp-json\/wp\/v2\/types\/product"}],"wp:featuredmedia":[{"embeddable":true,"href":"https:\/\/www.ernstbrunn-apotheke.at\/katalog\/wp-json\/wp\/v2\/media\/10811"}],"wp:attachment":[{"href":"https:\/\/www.ernstbrunn-apotheke.at\/katalog\/wp-json\/wp\/v2\/media?parent=10809"}],"wp:term":[{"taxonomy":"product_brand","embeddable":true,"href":"https:\/\/www.ernstbrunn-apotheke.at\/katalog\/wp-json\/wp\/v2\/product_brand?post=10809"},{"taxonomy":"product_cat","embeddable":true,"href":"https:\/\/www.ernstbrunn-apotheke.at\/katalog\/wp-json\/wp\/v2\/product_cat?post=10809"},{"taxonomy":"product_tag","embeddable":true,"href":"https:\/\/www.ernstbrunn-apotheke.at\/katalog\/wp-json\/wp\/v2\/product_tag?post=10809"}],"curies":[{"name":"wp","href":"https:\/\/api.w.org\/{rel}","templated":true}]}}