{"id":10779,"date":"2025-11-07T14:22:11","date_gmt":"2025-11-07T13:22:11","guid":{"rendered":"https:\/\/www.ernstbrunn-apotheke.at\/katalog\/produkt\/mistel-weissdorn-knoblauch-kapseln-100-stk\/"},"modified":"2025-12-08T13:30:09","modified_gmt":"2025-12-08T12:30:09","slug":"mistel-weissdorn-knoblauch-kapseln-100-stk","status":"publish","type":"product","link":"https:\/\/www.ernstbrunn-apotheke.at\/katalog\/produkt\/mistel-weissdorn-knoblauch-kapseln-100-stk\/","title":{"rendered":"Mistel + Wei\u00dfdorn + Knoblauch Kapseln 100 Stk."},"content":{"rendered":"<p>Die pflanzlichen Wirkstoffe von Naturnahrung Mistel-Wei\u00dfdorn-Knoblauch Kapseln verbessern die Leistungsf\u00e4higkeit des Herzens, in dem sie die Gef\u00e4\u00dfe erweitern und f\u00fcr eine bessere Durchblutung des Herzmuskels und der Herzkranzgef\u00e4\u00dfe sorgen.Ein gesundes Herz-Kreislauf-System ist wichtig f\u00fcr k\u00f6rperliche und geistliche Fitness, Vitalit\u00e4t und Leistungsf\u00e4higkeit. Die pflanzliche Wirkstoff-Kombination in Naturnahrung Mistel-Wei\u00dfdorn-Knoblauch Kapseln sorgt f\u00fcr einen Dreifachschutz f\u00fcr Herz und Kreislauf. Knoblauch wurde schon vor Jahrtausenden in zahlreichen Kulturen als Medizin verwendet. Heute macht man sich die cholesterinsenkende Eigenschaft des Knoblauchs zu nutze, um Bluthochdruck zu normalisieren, die Flie\u00dff\u00e4higkeit des Blutes zu verbessern und das Immunsystem zu st\u00e4rken. Knoblauch soll zudem gegen Krebs sch\u00fctzen. Die Mistel geh\u00f6rt zu den \u00e4ltesten Heilpflanzen der Menschheit. Sie stimuliert das Immunsystem, unterst\u00fctzt die Herz-Kreislauf-Funktion und f\u00f6rdert die k\u00f6rperliche und geistige Leistungsf\u00e4higkeit. Auch in der Krebstherapie hat die Mistel eine lange Tradition, die auf Rudolf Steiner zur\u00fcckgeht. So geh\u00f6rte die Heilpflanze in der anthroposophischen Medizin zum Kernst\u00fcck der Krebstherapie. Die heilende Wirkung des Wei\u00dfdorns ist inzwischen in zahlreichen Untersuchungen belegt. Vor allem bei Herzschw\u00e4che und verlangsamter Herzt\u00e4tigkeit ist Wei\u00dfdorn bestens wirksam und gut vertr\u00e4glich. Wei\u00dfdorn f\u00f6rdert die Herzleistung und verbessert das Schlagvolumen des Herzens. Die Koronargef\u00e4\u00dfe erweitern sich und der Herzmuskel kann besser mit Sauerstoff versorgt werden. .<\/p>\n","protected":false},"excerpt":{"rendered":"<p>Die pflanzlichen Wirkstoffe von Naturnahrung Mistel-Wei\u00dfdorn-Knoblauch Kapseln verbessern die Leistungsf\u00e4higkeit des Herzens, in dem sie die Gef\u00e4\u00dfe erweitern und f\u00fcr eine bessere Durchblutung des Herzmuskels und der Herzkranzgef\u00e4\u00dfe sorgen.Ein gesundes Herz-Kreislauf-System ist wichtig f\u00fcr k\u00f6rperliche und geistliche Fitness, Vitalit\u00e4t und Leistungsf\u00e4higkeit. Die pflanzliche Wirkstoff-Kombination in Naturnahrung Mistel-Wei\u00dfdorn-Knoblauch Kapseln sorgt f\u00fcr einen Dreifachschutz f\u00fcr Herz und [&hellip;]<\/p>\n","protected":false},"featured_media":10781,"template":"","meta":{"_acf_changed":false},"product_brand":[],"product_cat":[800],"product_tag":[],"class_list":{"0":"post-10779","1":"product","2":"type-product","3":"status-publish","4":"has-post-thumbnail","6":"product_cat-m","7":"pa_packungsgroesse-100-stueck","8":"pa_packungsgroesse-300-stueck","10":"first","11":"instock","12":"shipping-taxable","13":"purchasable","14":"product-type-simple"},"acf":[],"_links":{"self":[{"href":"https:\/\/www.ernstbrunn-apotheke.at\/katalog\/wp-json\/wp\/v2\/product\/10779","targetHints":{"allow":["GET"]}}],"collection":[{"href":"https:\/\/www.ernstbrunn-apotheke.at\/katalog\/wp-json\/wp\/v2\/product"}],"about":[{"href":"https:\/\/www.ernstbrunn-apotheke.at\/katalog\/wp-json\/wp\/v2\/types\/product"}],"wp:featuredmedia":[{"embeddable":true,"href":"https:\/\/www.ernstbrunn-apotheke.at\/katalog\/wp-json\/wp\/v2\/media\/10781"}],"wp:attachment":[{"href":"https:\/\/www.ernstbrunn-apotheke.at\/katalog\/wp-json\/wp\/v2\/media?parent=10779"}],"wp:term":[{"taxonomy":"product_brand","embeddable":true,"href":"https:\/\/www.ernstbrunn-apotheke.at\/katalog\/wp-json\/wp\/v2\/product_brand?post=10779"},{"taxonomy":"product_cat","embeddable":true,"href":"https:\/\/www.ernstbrunn-apotheke.at\/katalog\/wp-json\/wp\/v2\/product_cat?post=10779"},{"taxonomy":"product_tag","embeddable":true,"href":"https:\/\/www.ernstbrunn-apotheke.at\/katalog\/wp-json\/wp\/v2\/product_tag?post=10779"}],"curies":[{"name":"wp","href":"https:\/\/api.w.org\/{rel}","templated":true}]}}