{"id":107681,"date":"2025-11-12T17:54:53","date_gmt":"2025-11-12T16:54:53","guid":{"rendered":"https:\/\/www.ernstbrunn-apotheke.at\/katalog\/produkt\/casida-biotin-komplex-mit-zink-selen-180-stk\/"},"modified":"2025-12-08T22:02:17","modified_gmt":"2025-12-08T21:02:17","slug":"casida-biotin-komplex-mit-zink-selen-180-stk","status":"publish","type":"product","link":"https:\/\/www.ernstbrunn-apotheke.at\/katalog\/produkt\/casida-biotin-komplex-mit-zink-selen-180-stk\/","title":{"rendered":"Casida Biotin Komplex mit Zink + Selen 180 Stk."},"content":{"rendered":"<p>Biotin optimal kombiniert mit Zink und Selen. 3 Wirkstoffe f\u00fcr eine nat\u00fcrlich sch\u00f6ne Haut, feste Fingern\u00e4gel und kr\u00e4ftiges Haar. Frei von unerw\u00fcnschten Zusatzstoffen wie Magnesiumstearat. Laktose- und glutenfrei.<\/p>\n","protected":false},"excerpt":{"rendered":"<p>Biotin optimal kombiniert mit Zink und Selen. 3 Wirkstoffe f\u00fcr eine nat\u00fcrlich sch\u00f6ne Haut, feste Fingern\u00e4gel und kr\u00e4ftiges Haar. Frei von unerw\u00fcnschten Zusatzstoffen wie Magnesiumstearat. Laktose- und glutenfrei.<\/p>\n","protected":false},"featured_media":107683,"template":"","meta":{"_acf_changed":false},"product_brand":[],"product_cat":[812],"product_tag":[],"class_list":{"0":"post-107681","1":"product","2":"type-product","3":"status-publish","4":"has-post-thumbnail","6":"product_cat-c","7":"pa_packungsgroesse-180-stueck","9":"first","10":"instock","11":"shipping-taxable","12":"purchasable","13":"product-type-simple"},"acf":[],"_links":{"self":[{"href":"https:\/\/www.ernstbrunn-apotheke.at\/katalog\/wp-json\/wp\/v2\/product\/107681","targetHints":{"allow":["GET"]}}],"collection":[{"href":"https:\/\/www.ernstbrunn-apotheke.at\/katalog\/wp-json\/wp\/v2\/product"}],"about":[{"href":"https:\/\/www.ernstbrunn-apotheke.at\/katalog\/wp-json\/wp\/v2\/types\/product"}],"wp:featuredmedia":[{"embeddable":true,"href":"https:\/\/www.ernstbrunn-apotheke.at\/katalog\/wp-json\/wp\/v2\/media\/107683"}],"wp:attachment":[{"href":"https:\/\/www.ernstbrunn-apotheke.at\/katalog\/wp-json\/wp\/v2\/media?parent=107681"}],"wp:term":[{"taxonomy":"product_brand","embeddable":true,"href":"https:\/\/www.ernstbrunn-apotheke.at\/katalog\/wp-json\/wp\/v2\/product_brand?post=107681"},{"taxonomy":"product_cat","embeddable":true,"href":"https:\/\/www.ernstbrunn-apotheke.at\/katalog\/wp-json\/wp\/v2\/product_cat?post=107681"},{"taxonomy":"product_tag","embeddable":true,"href":"https:\/\/www.ernstbrunn-apotheke.at\/katalog\/wp-json\/wp\/v2\/product_tag?post=107681"}],"curies":[{"name":"wp","href":"https:\/\/api.w.org\/{rel}","templated":true}]}}