{"id":107445,"date":"2025-11-12T17:48:56","date_gmt":"2025-11-12T16:48:56","guid":{"rendered":"https:\/\/www.ernstbrunn-apotheke.at\/katalog\/produkt\/vichy-neovadiol-meno-5-bi-serum-gesichtspflege-mit-vitamin-c-30-ml\/"},"modified":"2025-12-08T22:01:24","modified_gmt":"2025-12-08T21:01:24","slug":"vichy-neovadiol-meno-5-bi-serum-gesichtspflege-mit-vitamin-c-30-ml","status":"publish","type":"product","link":"https:\/\/www.ernstbrunn-apotheke.at\/katalog\/produkt\/vichy-neovadiol-meno-5-bi-serum-gesichtspflege-mit-vitamin-c-30-ml\/","title":{"rendered":"VICHY Neovadiol Meno 5 BI-Serum, Gesichtspflege mit Vitamin C 30 ml"},"content":{"rendered":"<p>Vichy Neovadiol Meno 5 BI-Serum, Gesichtspflege mit Vitamin C 30 ml mildert sichtbare Anzeichen der Wechseljahre auf der Haut. Mit 5-fach-Wirkung: Redefiniert Konturen. Gl\u00e4ttet Falten. F\u00f6rdert die Ebenm\u00e4\u00dfigkeit. Erfrischt die Ausstrahlung. Gleicht den Lipidverlust aus. .<\/p>\n","protected":false},"excerpt":{"rendered":"<p>Vichy Neovadiol Meno 5 BI-Serum, Gesichtspflege mit Vitamin C 30 ml mildert sichtbare Anzeichen der Wechseljahre auf der Haut. Mit 5-fach-Wirkung: Redefiniert Konturen. Gl\u00e4ttet Falten. F\u00f6rdert die Ebenm\u00e4\u00dfigkeit. Erfrischt die Ausstrahlung. Gleicht den Lipidverlust aus. .<\/p>\n","protected":false},"featured_media":107447,"template":"","meta":{"_acf_changed":false},"product_brand":[675],"product_cat":[799],"product_tag":[],"class_list":{"0":"post-107445","1":"product","2":"type-product","3":"status-publish","4":"has-post-thumbnail","6":"product_brand-vichy","7":"product_cat-v","8":"pa_packungsgroesse-30ml","10":"first","11":"instock","12":"shipping-taxable","13":"purchasable","14":"product-type-simple"},"acf":[],"_links":{"self":[{"href":"https:\/\/www.ernstbrunn-apotheke.at\/katalog\/wp-json\/wp\/v2\/product\/107445","targetHints":{"allow":["GET"]}}],"collection":[{"href":"https:\/\/www.ernstbrunn-apotheke.at\/katalog\/wp-json\/wp\/v2\/product"}],"about":[{"href":"https:\/\/www.ernstbrunn-apotheke.at\/katalog\/wp-json\/wp\/v2\/types\/product"}],"wp:featuredmedia":[{"embeddable":true,"href":"https:\/\/www.ernstbrunn-apotheke.at\/katalog\/wp-json\/wp\/v2\/media\/107447"}],"wp:attachment":[{"href":"https:\/\/www.ernstbrunn-apotheke.at\/katalog\/wp-json\/wp\/v2\/media?parent=107445"}],"wp:term":[{"taxonomy":"product_brand","embeddable":true,"href":"https:\/\/www.ernstbrunn-apotheke.at\/katalog\/wp-json\/wp\/v2\/product_brand?post=107445"},{"taxonomy":"product_cat","embeddable":true,"href":"https:\/\/www.ernstbrunn-apotheke.at\/katalog\/wp-json\/wp\/v2\/product_cat?post=107445"},{"taxonomy":"product_tag","embeddable":true,"href":"https:\/\/www.ernstbrunn-apotheke.at\/katalog\/wp-json\/wp\/v2\/product_tag?post=107445"}],"curies":[{"name":"wp","href":"https:\/\/api.w.org\/{rel}","templated":true}]}}