{"id":10737,"date":"2025-11-07T14:21:25","date_gmt":"2025-11-07T13:21:25","guid":{"rendered":"https:\/\/www.ernstbrunn-apotheke.at\/katalog\/produkt\/burgerstein-omega-3-epa-kapseln-50-stk\/"},"modified":"2025-12-08T13:30:03","modified_gmt":"2025-12-08T12:30:03","slug":"burgerstein-omega-3-epa-kapseln-50-stk","status":"publish","type":"product","link":"https:\/\/www.ernstbrunn-apotheke.at\/katalog\/produkt\/burgerstein-omega-3-epa-kapseln-50-stk\/","title":{"rendered":"Burgerstein Omega 3 EPA Kapseln 50 Stk."},"content":{"rendered":"<p>Burgerstein Omega-3 EPA ist dank dem hohen Gehalt an EPA (Eicosapentaens\u00e4ure) speziell geeignet zur Regulation der Blutfettwerte und des Cholesterinstoffwechsels. EPA hilft zur Unterst\u00fctzung der Herz-Kreislaufgesundheitund ist notwendig f\u00fcr den Aufbau und die Funktion der Zellmembran.<\/p>\n","protected":false},"excerpt":{"rendered":"<p>Burgerstein Omega-3 EPA ist dank dem hohen Gehalt an EPA (Eicosapentaens\u00e4ure) speziell geeignet zur Regulation der Blutfettwerte und des Cholesterinstoffwechsels. EPA hilft zur Unterst\u00fctzung der Herz-Kreislaufgesundheitund ist notwendig f\u00fcr den Aufbau und die Funktion der Zellmembran.<\/p>\n","protected":false},"featured_media":10739,"template":"","meta":{"_acf_changed":false},"product_brand":[446],"product_cat":[802],"product_tag":[],"class_list":{"0":"post-10737","1":"product","2":"type-product","3":"status-publish","4":"has-post-thumbnail","6":"product_brand-burgerstein","7":"product_cat-b","8":"pa_packungsgroesse-50-stueck","10":"first","11":"instock","12":"shipping-taxable","13":"purchasable","14":"product-type-simple"},"acf":[],"_links":{"self":[{"href":"https:\/\/www.ernstbrunn-apotheke.at\/katalog\/wp-json\/wp\/v2\/product\/10737","targetHints":{"allow":["GET"]}}],"collection":[{"href":"https:\/\/www.ernstbrunn-apotheke.at\/katalog\/wp-json\/wp\/v2\/product"}],"about":[{"href":"https:\/\/www.ernstbrunn-apotheke.at\/katalog\/wp-json\/wp\/v2\/types\/product"}],"wp:featuredmedia":[{"embeddable":true,"href":"https:\/\/www.ernstbrunn-apotheke.at\/katalog\/wp-json\/wp\/v2\/media\/10739"}],"wp:attachment":[{"href":"https:\/\/www.ernstbrunn-apotheke.at\/katalog\/wp-json\/wp\/v2\/media?parent=10737"}],"wp:term":[{"taxonomy":"product_brand","embeddable":true,"href":"https:\/\/www.ernstbrunn-apotheke.at\/katalog\/wp-json\/wp\/v2\/product_brand?post=10737"},{"taxonomy":"product_cat","embeddable":true,"href":"https:\/\/www.ernstbrunn-apotheke.at\/katalog\/wp-json\/wp\/v2\/product_cat?post=10737"},{"taxonomy":"product_tag","embeddable":true,"href":"https:\/\/www.ernstbrunn-apotheke.at\/katalog\/wp-json\/wp\/v2\/product_tag?post=10737"}],"curies":[{"name":"wp","href":"https:\/\/api.w.org\/{rel}","templated":true}]}}