{"id":107351,"date":"2025-11-12T17:46:01","date_gmt":"2025-11-12T16:46:01","guid":{"rendered":"https:\/\/www.ernstbrunn-apotheke.at\/katalog\/produkt\/parakito-antimuecken-band-4-kids-hand-und-fussgelenk-1-groesse\/"},"modified":"2025-12-08T22:01:03","modified_gmt":"2025-12-08T21:01:03","slug":"parakito-antimuecken-band-4-kids-hand-und-fussgelenk-1-groesse","status":"publish","type":"product","link":"https:\/\/www.ernstbrunn-apotheke.at\/katalog\/produkt\/parakito-antimuecken-band-4-kids-hand-und-fussgelenk-1-groesse\/","title":{"rendered":"Para&#8217;Kito Antim\u00fccken-Band 4 Kids Hand- und Fu\u00dfgelenk 1 Gr\u00f6\u00dfe"},"content":{"rendered":"","protected":false},"excerpt":{"rendered":"","protected":false},"featured_media":107353,"template":"","meta":{"_acf_changed":false},"product_brand":[665],"product_cat":[793],"product_tag":[],"class_list":{"0":"post-107351","1":"product","2":"type-product","3":"status-publish","4":"has-post-thumbnail","6":"product_brand-parakito","7":"product_cat-p","8":"pa_packungsgroesse-1-stueck","10":"first","11":"instock","12":"shipping-taxable","13":"purchasable","14":"product-type-simple"},"acf":[],"_links":{"self":[{"href":"https:\/\/www.ernstbrunn-apotheke.at\/katalog\/wp-json\/wp\/v2\/product\/107351","targetHints":{"allow":["GET"]}}],"collection":[{"href":"https:\/\/www.ernstbrunn-apotheke.at\/katalog\/wp-json\/wp\/v2\/product"}],"about":[{"href":"https:\/\/www.ernstbrunn-apotheke.at\/katalog\/wp-json\/wp\/v2\/types\/product"}],"wp:featuredmedia":[{"embeddable":true,"href":"https:\/\/www.ernstbrunn-apotheke.at\/katalog\/wp-json\/wp\/v2\/media\/107353"}],"wp:attachment":[{"href":"https:\/\/www.ernstbrunn-apotheke.at\/katalog\/wp-json\/wp\/v2\/media?parent=107351"}],"wp:term":[{"taxonomy":"product_brand","embeddable":true,"href":"https:\/\/www.ernstbrunn-apotheke.at\/katalog\/wp-json\/wp\/v2\/product_brand?post=107351"},{"taxonomy":"product_cat","embeddable":true,"href":"https:\/\/www.ernstbrunn-apotheke.at\/katalog\/wp-json\/wp\/v2\/product_cat?post=107351"},{"taxonomy":"product_tag","embeddable":true,"href":"https:\/\/www.ernstbrunn-apotheke.at\/katalog\/wp-json\/wp\/v2\/product_tag?post=107351"}],"curies":[{"name":"wp","href":"https:\/\/api.w.org\/{rel}","templated":true}]}}