{"id":10727,"date":"2025-11-07T14:21:25","date_gmt":"2025-11-07T13:21:25","guid":{"rendered":"https:\/\/www.ernstbrunn-apotheke.at\/katalog\/produkt\/weissdorn-weichgel-kapseln-100-stk\/"},"modified":"2025-12-08T13:30:03","modified_gmt":"2025-12-08T12:30:03","slug":"weissdorn-weichgel-kapseln-100-stk","status":"publish","type":"product","link":"https:\/\/www.ernstbrunn-apotheke.at\/katalog\/produkt\/weissdorn-weichgel-kapseln-100-stk\/","title":{"rendered":"Wei\u00dfdorn Weichgel Kapseln 100 Stk."},"content":{"rendered":"<p>Die pflanzlichen Wirkstoffe von Naturnahrung Mistel-Wei\u00dfdorn-Knoblauch Kapseln verbessern die Leistungsf\u00e4higkeit des Herzens, in dem sie die Gef\u00e4\u00dfe erweitern und f\u00fcr eine bessere Durchblutung des Herzmuskels und der Herzkranzgef\u00e4\u00dfe sorgen. So kann auf rein nat\u00fcrliche Weise altersbedingten Gef\u00e4\u00dfver\u00e4nderungen vorgebeugt werden.<\/p>\n","protected":false},"excerpt":{"rendered":"<p>Die pflanzlichen Wirkstoffe von Naturnahrung Mistel-Wei\u00dfdorn-Knoblauch Kapseln verbessern die Leistungsf\u00e4higkeit des Herzens, in dem sie die Gef\u00e4\u00dfe erweitern und f\u00fcr eine bessere Durchblutung des Herzmuskels und der Herzkranzgef\u00e4\u00dfe sorgen. So kann auf rein nat\u00fcrliche Weise altersbedingten Gef\u00e4\u00dfver\u00e4nderungen vorgebeugt werden.<\/p>\n","protected":false},"featured_media":10729,"template":"","meta":{"_acf_changed":false},"product_brand":[],"product_cat":[796],"product_tag":[],"class_list":{"0":"post-10727","1":"product","2":"type-product","3":"status-publish","4":"has-post-thumbnail","6":"product_cat-w","7":"pa_packungsgroesse-100-stueck","8":"pa_packungsgroesse-300-stueck","10":"first","11":"instock","12":"shipping-taxable","13":"purchasable","14":"product-type-simple"},"acf":[],"_links":{"self":[{"href":"https:\/\/www.ernstbrunn-apotheke.at\/katalog\/wp-json\/wp\/v2\/product\/10727","targetHints":{"allow":["GET"]}}],"collection":[{"href":"https:\/\/www.ernstbrunn-apotheke.at\/katalog\/wp-json\/wp\/v2\/product"}],"about":[{"href":"https:\/\/www.ernstbrunn-apotheke.at\/katalog\/wp-json\/wp\/v2\/types\/product"}],"wp:featuredmedia":[{"embeddable":true,"href":"https:\/\/www.ernstbrunn-apotheke.at\/katalog\/wp-json\/wp\/v2\/media\/10729"}],"wp:attachment":[{"href":"https:\/\/www.ernstbrunn-apotheke.at\/katalog\/wp-json\/wp\/v2\/media?parent=10727"}],"wp:term":[{"taxonomy":"product_brand","embeddable":true,"href":"https:\/\/www.ernstbrunn-apotheke.at\/katalog\/wp-json\/wp\/v2\/product_brand?post=10727"},{"taxonomy":"product_cat","embeddable":true,"href":"https:\/\/www.ernstbrunn-apotheke.at\/katalog\/wp-json\/wp\/v2\/product_cat?post=10727"},{"taxonomy":"product_tag","embeddable":true,"href":"https:\/\/www.ernstbrunn-apotheke.at\/katalog\/wp-json\/wp\/v2\/product_tag?post=10727"}],"curies":[{"name":"wp","href":"https:\/\/api.w.org\/{rel}","templated":true}]}}