{"id":10723,"date":"2025-11-07T14:20:47","date_gmt":"2025-11-07T13:20:47","guid":{"rendered":"https:\/\/www.ernstbrunn-apotheke.at\/katalog\/produkt\/tromcardin-complex-tabletten-120-stk\/"},"modified":"2025-12-08T13:30:01","modified_gmt":"2025-12-08T12:30:01","slug":"tromcardin-complex-tabletten-120-stk","status":"publish","type":"product","link":"https:\/\/www.ernstbrunn-apotheke.at\/katalog\/produkt\/tromcardin-complex-tabletten-120-stk\/","title":{"rendered":"Tromcardin Complex Tabletten 120 Stk."},"content":{"rendered":"<p>Tromcardin complex ist eine erg\u00e4nzende bilanzierte Di\u00e4t mit Kalium, Magnesium, Fols\u00e4ure, Vitamin B12, Niacin und Coenzym Q10 zur di\u00e4tetischen Behandlung von Personen mit Herz-Erkrankungen, insbesondere Herzrhythmusst\u00f6rungen. ei Herzkreislauferkrankungen wird ein spezifischer Bedarf an den Vitaminen Fols\u00e4ure, B12, Niacin, Coenzym Q10 sowie den Mineralstoffen Kalium und Magnesium beschrieben. F\u00fcr die Kombination dieser Mikron\u00e4hrstoffe sprechen nicht nur die Effekte dieser N\u00e4hrstoffe auf das Herz-Kreislauf-System im Einzelnen, sondern auch die gegenseitig unterst\u00fctzenden Effekte. .<\/p>\n","protected":false},"excerpt":{"rendered":"<p>Tromcardin complex ist eine erg\u00e4nzende bilanzierte Di\u00e4t mit Kalium, Magnesium, Fols\u00e4ure, Vitamin B12, Niacin und Coenzym Q10 zur di\u00e4tetischen Behandlung von Personen mit Herz-Erkrankungen, insbesondere Herzrhythmusst\u00f6rungen. ei Herzkreislauferkrankungen wird ein spezifischer Bedarf an den Vitaminen Fols\u00e4ure, B12, Niacin, Coenzym Q10 sowie den Mineralstoffen Kalium und Magnesium beschrieben. F\u00fcr die Kombination dieser Mikron\u00e4hrstoffe sprechen nicht nur [&hellip;]<\/p>\n","protected":false},"featured_media":10725,"template":"","meta":{"_acf_changed":false},"product_brand":[371],"product_cat":[798],"product_tag":[],"class_list":{"0":"post-10723","1":"product","2":"type-product","3":"status-publish","4":"has-post-thumbnail","6":"product_brand-gall-pharma","7":"product_cat-t","8":"pa_packungsgroesse-120-stueck","10":"first","11":"instock","12":"shipping-taxable","13":"purchasable","14":"product-type-simple"},"acf":[],"_links":{"self":[{"href":"https:\/\/www.ernstbrunn-apotheke.at\/katalog\/wp-json\/wp\/v2\/product\/10723","targetHints":{"allow":["GET"]}}],"collection":[{"href":"https:\/\/www.ernstbrunn-apotheke.at\/katalog\/wp-json\/wp\/v2\/product"}],"about":[{"href":"https:\/\/www.ernstbrunn-apotheke.at\/katalog\/wp-json\/wp\/v2\/types\/product"}],"wp:featuredmedia":[{"embeddable":true,"href":"https:\/\/www.ernstbrunn-apotheke.at\/katalog\/wp-json\/wp\/v2\/media\/10725"}],"wp:attachment":[{"href":"https:\/\/www.ernstbrunn-apotheke.at\/katalog\/wp-json\/wp\/v2\/media?parent=10723"}],"wp:term":[{"taxonomy":"product_brand","embeddable":true,"href":"https:\/\/www.ernstbrunn-apotheke.at\/katalog\/wp-json\/wp\/v2\/product_brand?post=10723"},{"taxonomy":"product_cat","embeddable":true,"href":"https:\/\/www.ernstbrunn-apotheke.at\/katalog\/wp-json\/wp\/v2\/product_cat?post=10723"},{"taxonomy":"product_tag","embeddable":true,"href":"https:\/\/www.ernstbrunn-apotheke.at\/katalog\/wp-json\/wp\/v2\/product_tag?post=10723"}],"curies":[{"name":"wp","href":"https:\/\/api.w.org\/{rel}","templated":true}]}}