{"id":10703,"date":"2025-11-07T14:20:47","date_gmt":"2025-11-07T13:20:47","guid":{"rendered":"https:\/\/www.ernstbrunn-apotheke.at\/katalog\/produkt\/apremia-omega-3-fettsaeure-kapseln-30-stk\/"},"modified":"2025-12-08T13:30:00","modified_gmt":"2025-12-08T12:30:00","slug":"apremia-omega-3-fettsaeure-kapseln-30-stk","status":"publish","type":"product","link":"https:\/\/www.ernstbrunn-apotheke.at\/katalog\/produkt\/apremia-omega-3-fettsaeure-kapseln-30-stk\/","title":{"rendered":"Apremia Omega 3 Fetts\u00e4ure Kapseln 30 Stk."},"content":{"rendered":"<p>Apremia Omega 3 Fetts\u00e4ure Kapseln enthalten standardisierte Mengen der Omega-3-Fetts\u00e4uren Eicosapentaens\u00e4ure (EPA) und Docosahexaens\u00e4ure (DHA). Omega-3-Fetts\u00e4uren sind lebenswichtige, mehrfach unges\u00e4ttigte Fetts\u00e4uren. Sie k\u00f6nnen von unserem K\u00f6rper nicht selbst gebildet werden und m\u00fcssen mit der Nahrung zugef\u00fchrt werden.<\/p>\n","protected":false},"excerpt":{"rendered":"<p>Apremia Omega 3 Fetts\u00e4ure Kapseln enthalten standardisierte Mengen der Omega-3-Fetts\u00e4uren Eicosapentaens\u00e4ure (EPA) und Docosahexaens\u00e4ure (DHA). Omega-3-Fetts\u00e4uren sind lebenswichtige, mehrfach unges\u00e4ttigte Fetts\u00e4uren. Sie k\u00f6nnen von unserem K\u00f6rper nicht selbst gebildet werden und m\u00fcssen mit der Nahrung zugef\u00fchrt werden.<\/p>\n","protected":false},"featured_media":10705,"template":"","meta":{"_acf_changed":false},"product_brand":[432],"product_cat":[801],"product_tag":[],"class_list":{"0":"post-10703","1":"product","2":"type-product","3":"status-publish","4":"has-post-thumbnail","6":"product_brand-apremia","7":"product_cat-a","8":"pa_packungsgroesse-30-stueck","10":"first","11":"instock","12":"shipping-taxable","13":"purchasable","14":"product-type-simple"},"acf":[],"_links":{"self":[{"href":"https:\/\/www.ernstbrunn-apotheke.at\/katalog\/wp-json\/wp\/v2\/product\/10703","targetHints":{"allow":["GET"]}}],"collection":[{"href":"https:\/\/www.ernstbrunn-apotheke.at\/katalog\/wp-json\/wp\/v2\/product"}],"about":[{"href":"https:\/\/www.ernstbrunn-apotheke.at\/katalog\/wp-json\/wp\/v2\/types\/product"}],"wp:featuredmedia":[{"embeddable":true,"href":"https:\/\/www.ernstbrunn-apotheke.at\/katalog\/wp-json\/wp\/v2\/media\/10705"}],"wp:attachment":[{"href":"https:\/\/www.ernstbrunn-apotheke.at\/katalog\/wp-json\/wp\/v2\/media?parent=10703"}],"wp:term":[{"taxonomy":"product_brand","embeddable":true,"href":"https:\/\/www.ernstbrunn-apotheke.at\/katalog\/wp-json\/wp\/v2\/product_brand?post=10703"},{"taxonomy":"product_cat","embeddable":true,"href":"https:\/\/www.ernstbrunn-apotheke.at\/katalog\/wp-json\/wp\/v2\/product_cat?post=10703"},{"taxonomy":"product_tag","embeddable":true,"href":"https:\/\/www.ernstbrunn-apotheke.at\/katalog\/wp-json\/wp\/v2\/product_tag?post=10703"}],"curies":[{"name":"wp","href":"https:\/\/api.w.org\/{rel}","templated":true}]}}