{"id":106994,"date":"2025-11-12T17:40:20","date_gmt":"2025-11-12T16:40:20","guid":{"rendered":"https:\/\/www.ernstbrunn-apotheke.at\/katalog\/produkt\/caudalie-vinopure-klaerende-maske-75ml\/"},"modified":"2025-12-08T21:57:30","modified_gmt":"2025-12-08T20:57:30","slug":"caudalie-vinopure-klaerende-maske-75ml","status":"publish","type":"product","link":"https:\/\/www.ernstbrunn-apotheke.at\/katalog\/produkt\/caudalie-vinopure-klaerende-maske-75ml\/","title":{"rendered":"Caudalie Vinopure kl\u00e4rende Maske 75ml"},"content":{"rendered":"<p>Die Vinopure Kl\u00e4rende Maske reduziert Hautunreinheiten, vergr\u00f6\u00dferte Poren, Mitesser und Glanz und sorgt f\u00fcr eine reine, mattierte Haut.<\/p>\n<p><strong>Hauttyp\u00a0:<\/strong> Zu Akne neigende Haut<\/p>\n<p><strong>Brauche\u00a0:<\/strong> Unreinheiten, erweiterte Poren, Mitesser, fettige Haut<\/p>\n<p><strong>Hauptinhaltsstoffe\u00a0:<\/strong> Gr\u00fcner Ton, Zink<\/p>\n<p><strong>Textur\u00a0:<\/strong> Tonmaske<\/p>\n<p><strong>Verwendung\u00a0:<\/strong> Einmal pro Woche 5 bis 10 Minuten. Ideal f\u00fcr die T-Zone<\/p>\n<p><strong>Rezeptur:<\/strong><\/p>\n<ul>\n<li>Ohne synthetische Duftstoffe<\/li>\n<li>99 % Inhaltsstoffe nat\u00fcrlichen Ursprungs<\/li>\n<li>Nicht komedogen<\/li>\n<li>Dermatologisch getestet<\/li>\n<li>Vegan<\/li>\n<li>Yuka-Bewertung: Gut<\/li>\n<\/ul>\n<p><strong>Sichtbare Resultate<\/strong><\/p>\n<ul>\n<li>Gereinigte Poren in 5 Minuten<\/li>\n<\/ul>\n<p><strong>Wussten Sie es?<\/strong><\/p>\n<p>Zink ist daf\u00fcr bekannt, die \u00dcberproduktion des Sebums zu stoppen, Entz\u00fcndungen zu hemmen und der Vermehrung von C. acnes entgegenzuwirken, der Bakterie, die f\u00fcr Akne sorgt.\u00a0<\/p>\n","protected":false},"excerpt":{"rendered":"<p>Die Vinopure Kl\u00e4rende Maske reduziert Hautunreinheiten, vergr\u00f6\u00dferte Poren, Mitesser und Glanz und sorgt f\u00fcr eine reine, mattierte Haut. Hauttyp\u00a0: Zu Akne neigende Haut Brauche\u00a0: Unreinheiten, erweiterte Poren, Mitesser, fettige Haut Hauptinhaltsstoffe\u00a0: Gr\u00fcner Ton, Zink Textur\u00a0: Tonmaske Verwendung\u00a0: Einmal pro Woche 5 bis 10 Minuten. Ideal f\u00fcr die T-Zone Rezeptur: Ohne synthetische Duftstoffe 99 % Inhaltsstoffe [&hellip;]<\/p>\n","protected":false},"featured_media":106996,"template":"","meta":{"_acf_changed":false},"product_brand":[687],"product_cat":[812],"product_tag":[],"class_list":{"0":"post-106994","1":"product","2":"type-product","3":"status-publish","4":"has-post-thumbnail","6":"product_brand-caudalie","7":"product_cat-c","8":"pa_packungsgroesse-75ml","10":"first","11":"instock","12":"shipping-taxable","13":"purchasable","14":"product-type-simple"},"acf":[],"_links":{"self":[{"href":"https:\/\/www.ernstbrunn-apotheke.at\/katalog\/wp-json\/wp\/v2\/product\/106994","targetHints":{"allow":["GET"]}}],"collection":[{"href":"https:\/\/www.ernstbrunn-apotheke.at\/katalog\/wp-json\/wp\/v2\/product"}],"about":[{"href":"https:\/\/www.ernstbrunn-apotheke.at\/katalog\/wp-json\/wp\/v2\/types\/product"}],"wp:featuredmedia":[{"embeddable":true,"href":"https:\/\/www.ernstbrunn-apotheke.at\/katalog\/wp-json\/wp\/v2\/media\/106996"}],"wp:attachment":[{"href":"https:\/\/www.ernstbrunn-apotheke.at\/katalog\/wp-json\/wp\/v2\/media?parent=106994"}],"wp:term":[{"taxonomy":"product_brand","embeddable":true,"href":"https:\/\/www.ernstbrunn-apotheke.at\/katalog\/wp-json\/wp\/v2\/product_brand?post=106994"},{"taxonomy":"product_cat","embeddable":true,"href":"https:\/\/www.ernstbrunn-apotheke.at\/katalog\/wp-json\/wp\/v2\/product_cat?post=106994"},{"taxonomy":"product_tag","embeddable":true,"href":"https:\/\/www.ernstbrunn-apotheke.at\/katalog\/wp-json\/wp\/v2\/product_tag?post=106994"}],"curies":[{"name":"wp","href":"https:\/\/api.w.org\/{rel}","templated":true}]}}