{"id":10666,"date":"2025-11-07T14:19:57","date_gmt":"2025-11-07T13:19:57","guid":{"rendered":"https:\/\/www.ernstbrunn-apotheke.at\/katalog\/produkt\/norsan-omega-3-total-oel-200-ml\/"},"modified":"2025-12-08T13:29:54","modified_gmt":"2025-12-08T12:29:54","slug":"norsan-omega-3-total-oel-200-ml","status":"publish","type":"product","link":"https:\/\/www.ernstbrunn-apotheke.at\/katalog\/produkt\/norsan-omega-3-total-oel-200-ml\/","title":{"rendered":"NORSAN Omega 3-Total \u00d6l 200 ml"},"content":{"rendered":"<p>Unser Omega-3 Total (200 ml) mit der Geschmacksrichtung Zitrone besteht aus einem nat\u00fcrlichen hochdosierten aber nicht konzentrierten Fisch\u00f6l aus Wildfang und einem biologischen kaltgepressten Oliven\u00f6l als Antioxidans. Mit einer Tagesdosierung erhalten Sie 2.000 mg Omega-3-Fetts\u00e4uren. Durch die fl\u00fcssige Darreichungsform und den angenehmen Geschmack kann das \u00d6l leicht in den Alltag eingebunden werden. Es kann pur auf einem Essl\u00f6ffel eingenommen werden oder beispielsweise als Dressing zu Salat sowie als Zutat im Smoothie. Das Fisch\u00f6l stammt aus nachhaltiger Fischerei und wird von Schadstoffen und PCBs gereinigt.<\/p>\n","protected":false},"excerpt":{"rendered":"<p>Unser Omega-3 Total (200 ml) mit der Geschmacksrichtung Zitrone besteht aus einem nat\u00fcrlichen hochdosierten aber nicht konzentrierten Fisch\u00f6l aus Wildfang und einem biologischen kaltgepressten Oliven\u00f6l als Antioxidans. Mit einer Tagesdosierung erhalten Sie 2.000 mg Omega-3-Fetts\u00e4uren. Durch die fl\u00fcssige Darreichungsform und den angenehmen Geschmack kann das \u00d6l leicht in den Alltag eingebunden werden. Es kann pur [&hellip;]<\/p>\n","protected":false},"featured_media":10668,"template":"","meta":{"_acf_changed":false},"product_brand":[],"product_cat":[797],"product_tag":[],"class_list":{"0":"post-10666","1":"product","2":"type-product","3":"status-publish","4":"has-post-thumbnail","6":"product_cat-n","7":"pa_geschmack-zitrone","8":"pa_packungsgroesse-200ml","10":"first","11":"instock","12":"shipping-taxable","13":"purchasable","14":"product-type-simple"},"acf":[],"_links":{"self":[{"href":"https:\/\/www.ernstbrunn-apotheke.at\/katalog\/wp-json\/wp\/v2\/product\/10666","targetHints":{"allow":["GET"]}}],"collection":[{"href":"https:\/\/www.ernstbrunn-apotheke.at\/katalog\/wp-json\/wp\/v2\/product"}],"about":[{"href":"https:\/\/www.ernstbrunn-apotheke.at\/katalog\/wp-json\/wp\/v2\/types\/product"}],"wp:featuredmedia":[{"embeddable":true,"href":"https:\/\/www.ernstbrunn-apotheke.at\/katalog\/wp-json\/wp\/v2\/media\/10668"}],"wp:attachment":[{"href":"https:\/\/www.ernstbrunn-apotheke.at\/katalog\/wp-json\/wp\/v2\/media?parent=10666"}],"wp:term":[{"taxonomy":"product_brand","embeddable":true,"href":"https:\/\/www.ernstbrunn-apotheke.at\/katalog\/wp-json\/wp\/v2\/product_brand?post=10666"},{"taxonomy":"product_cat","embeddable":true,"href":"https:\/\/www.ernstbrunn-apotheke.at\/katalog\/wp-json\/wp\/v2\/product_cat?post=10666"},{"taxonomy":"product_tag","embeddable":true,"href":"https:\/\/www.ernstbrunn-apotheke.at\/katalog\/wp-json\/wp\/v2\/product_tag?post=10666"}],"curies":[{"name":"wp","href":"https:\/\/api.w.org\/{rel}","templated":true}]}}