{"id":106655,"date":"2025-11-12T17:33:34","date_gmt":"2025-11-12T16:33:34","guid":{"rendered":"https:\/\/www.ernstbrunn-apotheke.at\/katalog\/produkt\/rausch-einzelbeutel-silberglanz-kur-mit-salbei-15-ml\/"},"modified":"2025-12-08T21:54:55","modified_gmt":"2025-12-08T20:54:55","slug":"rausch-einzelbeutel-silberglanz-kur-mit-salbei-15-ml","status":"publish","type":"product","link":"https:\/\/www.ernstbrunn-apotheke.at\/katalog\/produkt\/rausch-einzelbeutel-silberglanz-kur-mit-salbei-15-ml\/","title":{"rendered":"RAUSCH Einzelbeutel Silberglanz-Kur mit Salbei 15 ml"},"content":{"rendered":"<p>Die Kur f\u00fcr blondes oder graues Haar. Sie repariert das Haar tiefenwirksam und neutralisiert den Gelbstich nachhaltig bereits nach der ersten Anwendung. Das Haar erh\u00e4lt einen nat\u00fcrlichen, k\u00fchlen Farbton. Das pflanzliche Keratin wirkt Haarbruch sowie d\u00fcnnem und kraftlosem Haar entgegen und verbessert so die Haarstruktur. Ein Verw\u00f6hnprogramm der Extraklasse. Mit Sheabutter sowie wertvollen Extrakten aus Salbei und Drachenfrucht.<\/p>\n","protected":false},"excerpt":{"rendered":"<p>Die Kur f\u00fcr blondes oder graues Haar. Sie repariert das Haar tiefenwirksam und neutralisiert den Gelbstich nachhaltig bereits nach der ersten Anwendung. Das Haar erh\u00e4lt einen nat\u00fcrlichen, k\u00fchlen Farbton. Das pflanzliche Keratin wirkt Haarbruch sowie d\u00fcnnem und kraftlosem Haar entgegen und verbessert so die Haarstruktur. Ein Verw\u00f6hnprogramm der Extraklasse. Mit Sheabutter sowie wertvollen Extrakten aus [&hellip;]<\/p>\n","protected":false},"featured_media":106657,"template":"","meta":{"_acf_changed":false},"product_brand":[648],"product_cat":[808],"product_tag":[],"class_list":{"0":"post-106655","1":"product","2":"type-product","3":"status-publish","4":"has-post-thumbnail","6":"product_brand-rausch","7":"product_cat-r","8":"pa_packungsgroesse-15ml","10":"first","11":"instock","12":"shipping-taxable","13":"purchasable","14":"product-type-simple"},"acf":[],"_links":{"self":[{"href":"https:\/\/www.ernstbrunn-apotheke.at\/katalog\/wp-json\/wp\/v2\/product\/106655","targetHints":{"allow":["GET"]}}],"collection":[{"href":"https:\/\/www.ernstbrunn-apotheke.at\/katalog\/wp-json\/wp\/v2\/product"}],"about":[{"href":"https:\/\/www.ernstbrunn-apotheke.at\/katalog\/wp-json\/wp\/v2\/types\/product"}],"wp:featuredmedia":[{"embeddable":true,"href":"https:\/\/www.ernstbrunn-apotheke.at\/katalog\/wp-json\/wp\/v2\/media\/106657"}],"wp:attachment":[{"href":"https:\/\/www.ernstbrunn-apotheke.at\/katalog\/wp-json\/wp\/v2\/media?parent=106655"}],"wp:term":[{"taxonomy":"product_brand","embeddable":true,"href":"https:\/\/www.ernstbrunn-apotheke.at\/katalog\/wp-json\/wp\/v2\/product_brand?post=106655"},{"taxonomy":"product_cat","embeddable":true,"href":"https:\/\/www.ernstbrunn-apotheke.at\/katalog\/wp-json\/wp\/v2\/product_cat?post=106655"},{"taxonomy":"product_tag","embeddable":true,"href":"https:\/\/www.ernstbrunn-apotheke.at\/katalog\/wp-json\/wp\/v2\/product_tag?post=106655"}],"curies":[{"name":"wp","href":"https:\/\/api.w.org\/{rel}","templated":true}]}}