{"id":106626,"date":"2025-11-12T17:32:26","date_gmt":"2025-11-12T16:32:26","guid":{"rendered":"https:\/\/www.ernstbrunn-apotheke.at\/katalog\/produkt\/multivitdk\/"},"modified":"2025-12-08T21:54:42","modified_gmt":"2025-12-08T20:54:42","slug":"multivitdk","status":"publish","type":"product","link":"https:\/\/www.ernstbrunn-apotheke.at\/katalog\/produkt\/multivitdk\/","title":{"rendered":"MULTIvitDK\u00ae"},"content":{"rendered":"<p><strong>Kurzbeschreibung:\u00a0<\/strong><\/p>\n<p>Der t\u00e4gliche Vitamin-D-Kick: Vitamin D3 &#038; K2 &#8211; das starke Duo f\u00fcr Immunsystem &#038; Knochen.\u00a0<\/p>\n<p>Dosierflasche \u00e0 200 Pumpst\u00f6\u00dfe\u00a0<\/p>\n<p><strong>Produktbeschreibung:\u00a0<\/strong><\/p>\n<p>MULTIvitDK\u00ae kombiniert das sogenannte Sonnenvitamin D3 mit seinem wichtigen Partner im Knochenstoffwechsel Vitamin K2. Vor allem in der kalten Jahreszeit kommt es in unseren Breitengraden h\u00e4ufig zu einem Vitamin-D-Mangel. Der besondere Vorteil von MULTIvitDK\u00ae: Die praktische Dosierpumpe f\u00fcr eine einfache Einnahme. MULTIvitDK\u00ae enth\u00e4lt Vitamin K2 in Form von Menachinon-7 all-trans (MK-7 all-trans), welches vom K\u00f6rper besonders gut aufgenommen und verarbeitet wird. Damit leistet MULTIvitDK\u00ae einen aktiven Beitrag zur Unterst\u00fctzung der Knochen und des Immunsystems.\u00a0<\/p>\n<p>\u2022 Vitamin D3 &#038; K2 f\u00fcr Immunsystem &#038; Knochen <br \/>\u2022 800 I.E. Vitamin D3 pro Pumpsto\u00df <br \/>\u2022 Auch f\u00fcr Vegetarier geeignet! <\/p>\n<p><strong>Verzehrempfehlung:<\/strong>\u00a0<\/p>\n<p>Die empfohlene Dosis betr\u00e4gt 1 x t\u00e4glich 1 Pumpsto\u00df.\u00a0<\/p>\n<p><strong>Inhaltsstoffe:\u00a0<\/strong><\/p>\n<p>Maiskeim\u00f6l, Antioxidationsmittel: Tocopherol , Vitamin D3, Vitamin K2 (MK-7 all-trans).\u00a0<\/p>\n<p><strong>Weiteres:\u00a0<\/strong><\/p>\n<p>\u2022 Aktueller Beipacktext: https:\/\/www.multi.at\/produkte\/multivit-dk\/ <br \/>\u2022 Produkt-Brosch\u00fcren: https:\/\/www.multi.at\/produkte\/multivit-dk\/ <\/p>\n","protected":false},"excerpt":{"rendered":"<p>Kurzbeschreibung:\u00a0 Der t\u00e4gliche Vitamin-D-Kick: Vitamin D3 &#038; K2 &#8211; das starke Duo f\u00fcr Immunsystem &#038; Knochen.\u00a0 Dosierflasche \u00e0 200 Pumpst\u00f6\u00dfe\u00a0 Produktbeschreibung:\u00a0 MULTIvitDK\u00ae kombiniert das sogenannte Sonnenvitamin D3 mit seinem wichtigen Partner im Knochenstoffwechsel Vitamin K2. Vor allem in der kalten Jahreszeit kommt es in unseren Breitengraden h\u00e4ufig zu einem Vitamin-D-Mangel. Der besondere Vorteil von MULTIvitDK\u00ae: [&hellip;]<\/p>\n","protected":false},"featured_media":106628,"template":"","meta":{"_acf_changed":false},"product_brand":[1403],"product_cat":[800],"product_tag":[],"class_list":{"0":"post-106626","1":"product","2":"type-product","3":"status-publish","4":"has-post-thumbnail","6":"product_brand-multivitdk","7":"product_cat-m","8":"pa_geschmack-neutral","9":"pa_packungsgroesse-dosierflasche-a-200-pumpstoesse","11":"first","12":"instock","13":"shipping-taxable","14":"purchasable","15":"product-type-simple"},"acf":[],"_links":{"self":[{"href":"https:\/\/www.ernstbrunn-apotheke.at\/katalog\/wp-json\/wp\/v2\/product\/106626","targetHints":{"allow":["GET"]}}],"collection":[{"href":"https:\/\/www.ernstbrunn-apotheke.at\/katalog\/wp-json\/wp\/v2\/product"}],"about":[{"href":"https:\/\/www.ernstbrunn-apotheke.at\/katalog\/wp-json\/wp\/v2\/types\/product"}],"wp:featuredmedia":[{"embeddable":true,"href":"https:\/\/www.ernstbrunn-apotheke.at\/katalog\/wp-json\/wp\/v2\/media\/106628"}],"wp:attachment":[{"href":"https:\/\/www.ernstbrunn-apotheke.at\/katalog\/wp-json\/wp\/v2\/media?parent=106626"}],"wp:term":[{"taxonomy":"product_brand","embeddable":true,"href":"https:\/\/www.ernstbrunn-apotheke.at\/katalog\/wp-json\/wp\/v2\/product_brand?post=106626"},{"taxonomy":"product_cat","embeddable":true,"href":"https:\/\/www.ernstbrunn-apotheke.at\/katalog\/wp-json\/wp\/v2\/product_cat?post=106626"},{"taxonomy":"product_tag","embeddable":true,"href":"https:\/\/www.ernstbrunn-apotheke.at\/katalog\/wp-json\/wp\/v2\/product_tag?post=106626"}],"curies":[{"name":"wp","href":"https:\/\/api.w.org\/{rel}","templated":true}]}}