{"id":106616,"date":"2025-11-12T17:32:26","date_gmt":"2025-11-12T16:32:26","guid":{"rendered":"https:\/\/www.ernstbrunn-apotheke.at\/katalog\/produkt\/bioniq-repair-zahn-milch-400-ml\/"},"modified":"2025-12-08T21:54:40","modified_gmt":"2025-12-08T20:54:40","slug":"bioniq-repair-zahn-milch-400-ml","status":"publish","type":"product","link":"https:\/\/www.ernstbrunn-apotheke.at\/katalog\/produkt\/bioniq-repair-zahn-milch-400-ml\/","title":{"rendered":"Bioniq Repair Zahn-Milch 400 ml"},"content":{"rendered":"<p>Unser Zahnschmelz ist die h\u00e4rteste Substanz im menschlichen K\u00f6rper. Aber: Er nutzt sich im Laufe der Zeit ab.<\/p>\n<p>&#13;<\/p>\n<p>Kauen, das B\u00fcrsten beim Z\u00e4hneputzen sowie s\u00e4urehaltige Speisen und Getr\u00e4nke machen die Zahnschmelzoberfl\u00e4che<br \/>rau und por\u00f6s. Es entstehen mikroskopisch kleine Defekte, der Zahnschmelz wird immer d\u00fcnner. M\u00f6gliche Folgen: Die Z\u00e4hne werden empfindlich und reagieren mit Schmerz auf Kaltes und Hei\u00dfes. Ebenso sind die Z\u00e4hne anf\u00e4lliger f\u00fcr Karies, da sich Bakterien leichter anlagern k\u00f6nnen. Dieser Prozess ist deshalb bedenklich, weil sich der Zahnschmelz t\u00e4glich abnutzt und nicht vom K\u00f6rper nachgebildet werden kann.<\/p>\n<p>&#13;<\/p>\n<p>Die Zahn-Milch von Bioniq<\/p>\n<p>&#13;<\/p>\n<ul>&#13;<\/p>\n<li>Reinigt den gesamten Mundraum, auch dort, wo die Zahnb\u00fcrste nur schwer hinkommt<\/li>\n<p>&#13;<\/p>\n<li>Wirkt nachhaltig antibakteriell<\/li>\n<p>&#13;<\/p>\n<li>Sch\u00fctzt vor Mundgeruch und Zahnfleischproblemen<\/li>\n<p>&#13;<\/p>\n<li>Beugt Karies und Zahnstein vor<\/li>\n<p>&#13;\n<\/ul>\n<p>&#13;<\/p>\n<p>Durch die hohe \u00dcbereinstimmung mit der nat\u00fcrlichen Zahnschmelzstruktur verbindet sich der k\u00fcnstliche Zahnschmelz mit der Zahnoberfl\u00e4che und verschlie\u00dft so mikroskopisch kleine Defekte. Eine Schutzschicht wird gebildet. Die Z\u00e4hne f\u00fchlen sich glatter an.<\/p>\n","protected":false},"excerpt":{"rendered":"<p>Unser Zahnschmelz ist die h\u00e4rteste Substanz im menschlichen K\u00f6rper. Aber: Er nutzt sich im Laufe der Zeit ab. &#13; Kauen, das B\u00fcrsten beim Z\u00e4hneputzen sowie s\u00e4urehaltige Speisen und Getr\u00e4nke machen die Zahnschmelzoberfl\u00e4cherau und por\u00f6s. Es entstehen mikroskopisch kleine Defekte, der Zahnschmelz wird immer d\u00fcnner. M\u00f6gliche Folgen: Die Z\u00e4hne werden empfindlich und reagieren mit Schmerz auf [&hellip;]<\/p>\n","protected":false},"featured_media":106618,"template":"","meta":{"_acf_changed":false},"product_brand":[],"product_cat":[802],"product_tag":[],"class_list":{"0":"post-106616","1":"product","2":"type-product","3":"status-publish","4":"has-post-thumbnail","6":"product_cat-b","7":"pa_packungsgroesse-400ml","9":"first","10":"instock","11":"shipping-taxable","12":"purchasable","13":"product-type-simple"},"acf":[],"_links":{"self":[{"href":"https:\/\/www.ernstbrunn-apotheke.at\/katalog\/wp-json\/wp\/v2\/product\/106616","targetHints":{"allow":["GET"]}}],"collection":[{"href":"https:\/\/www.ernstbrunn-apotheke.at\/katalog\/wp-json\/wp\/v2\/product"}],"about":[{"href":"https:\/\/www.ernstbrunn-apotheke.at\/katalog\/wp-json\/wp\/v2\/types\/product"}],"wp:featuredmedia":[{"embeddable":true,"href":"https:\/\/www.ernstbrunn-apotheke.at\/katalog\/wp-json\/wp\/v2\/media\/106618"}],"wp:attachment":[{"href":"https:\/\/www.ernstbrunn-apotheke.at\/katalog\/wp-json\/wp\/v2\/media?parent=106616"}],"wp:term":[{"taxonomy":"product_brand","embeddable":true,"href":"https:\/\/www.ernstbrunn-apotheke.at\/katalog\/wp-json\/wp\/v2\/product_brand?post=106616"},{"taxonomy":"product_cat","embeddable":true,"href":"https:\/\/www.ernstbrunn-apotheke.at\/katalog\/wp-json\/wp\/v2\/product_cat?post=106616"},{"taxonomy":"product_tag","embeddable":true,"href":"https:\/\/www.ernstbrunn-apotheke.at\/katalog\/wp-json\/wp\/v2\/product_tag?post=106616"}],"curies":[{"name":"wp","href":"https:\/\/api.w.org\/{rel}","templated":true}]}}