{"id":106606,"date":"2025-11-12T17:32:26","date_gmt":"2025-11-12T16:32:26","guid":{"rendered":"https:\/\/www.ernstbrunn-apotheke.at\/katalog\/produkt\/bioniq-repair-zahncreme-75-ml\/"},"modified":"2025-12-08T21:54:39","modified_gmt":"2025-12-08T20:54:39","slug":"bioniq-repair-zahncreme-75-ml","status":"publish","type":"product","link":"https:\/\/www.ernstbrunn-apotheke.at\/katalog\/produkt\/bioniq-repair-zahncreme-75-ml\/","title":{"rendered":"Bioniq Repair Zahncreme 75 ml"},"content":{"rendered":"<p>Unsere Z\u00e4hne sind st\u00e4ndigen mechanischen und chemischen Angriffen ausgesetzt. Weil viele Getr\u00e4nke und Speisen, ja sogar gesundes Obst, S\u00e4uren enthalten. Die Folge: Die sch\u00fctzende Zahnschmelzoberfl\u00e4che wird rau, por\u00f6s, schlie\u00dflich auch empfindlich.&#13;<br \/>\n&#13;<br \/>\nBioniq\u00ae Repair-Zahncreme bek\u00e4mpft das Problem mit Hilfe von k\u00fcnstlichem Zahn-schmelz*. Die biomimetischen Kristallite* verbinden sich mit der Oberfl\u00e4chenstruktur des Zahnschmelzes und verschlie\u00dfen mikroskopisch kleine Defekte. Eine Deckschicht aus k\u00fcnstlichem Zahnschmelz* entsteht. Diese sorgt daf\u00fcr, dass bei einem erneuten&#13;<br \/>\nS\u00e4ureangriff (zum Beispiel nach dem Essen von Obst) Calcium freigesetzt wird. Calcium verhindert S\u00e4uresch\u00e4den und sch\u00fctzt den Zahn vor Demineralisation.&#13;<br \/>\n&#13;<br \/>\n&#13;<br \/>\nF\u00fcr die t\u00e4gliche Zahnpflege&#13;<br \/>\nDurch die regelm\u00e4\u00dfige Verwendung der Bioniq\u00ae Repair-Zahncreme f\u00fchlen sich die Z\u00e4hne glatter an. Bakterien k\u00f6nnen jetzt nicht mehr so gut an der Zahnoberfl\u00e4che haften. Das Ergebnis: Die Neubildung von Zahnbelag wird reduziert, Zahnabnutzung (\u201eErosion\u201c), Karies und Zahnfleischproblemen wird vorgebeugt. Das Wirkprinzip der Bioniq\u00ae Repair-Zahncreme ist klinisch nachgewiesen.&#13;<br \/>\n&#13;<br \/>\nWie nutzt sich der Zahnschmelz ab?&#13;<br \/>\nMit zunehmendem Lebensalter nutzt sich der Zahnschmelz immer mehr ab. Kauen, das B\u00fcrsten beim Z\u00e4hneputzen und s\u00e4urehaltige Speisen und Getr\u00e4nke machen die Zahnschmelzoberfl\u00e4che rau und por\u00f6s.&#13;<br \/>\n&#13;<br \/>\n&#13;<br \/>\nWas geschieht, wenn in diesen Prozess nicht durch die t\u00e4gliche Zahnpflege eingegriffen wird?&#13;<br \/>\nZuerst entstehen mikroskopisch kleine Defekte in der Zahnschmelzoberfl\u00e4che. Dieser Prozess ist deshalb bedenklich, weil der Zahnschmelz sich dadurch mit zunehmendem Lebensalter immer weiter abbaut und vom K\u00f6rper nicht nachgebildet werden kann.&#13;<br \/>\n&#13;<br \/>\n&#13;<br \/>\nWarum kann sich die Zahnschmelzoberfl\u00e4che nicht selbst reparieren?&#13;<br \/>\nZahnschmelz ist eine zellenlose Substanz. Da er vom K\u00f6rper nicht nachgebildet werden kann, muss man ihn von au\u00dfen auff\u00fcllen. Der biomimetische Wirkstoff Hydroxylapatit repariert mikrofeine Defekte in der Zahnschmelzoberfl\u00e4che, indem er diese auff\u00fcllt und verschlie\u00dft. Der Wirkstoff kann sich aufgrund seiner hohen \u00c4hnlichkeit mit dem nat\u00fcrlichen Zahnschmelz an den Zahn anlagern und eine Deckschicht ausbilden.&#13;<br \/>\n&#13;<br \/>\nWie hilft Bioniq\u00ae Repair-Zahncreme, Schmerzempfindlichkeit der Z\u00e4hne zu reduzieren?&#13;<br \/>\nEmpfindliche Z\u00e4hne entstehen dann, wenn der Zahnschmelz abgenutzt ist oder das Zahnfleisch zur\u00fcckgegangen ist: Das Dentin (\u201eZahnbein\u201c) liegt frei. In dem Dentin sind zahlreiche kleine Kan\u00e4lchen (\u201eTubuli\u201c). Liegen die Tubuli frei, gelangt zum Beispiel ein K\u00e4ltereiz von au\u00dfen direkt an den Zahn-Nerv. Biomimetischer Hydroxylapatit verschlie\u00dft diese Tubuli und blockiert somit die Reiz-Weiterleitung. Das Wirkprinzip der Bioniq\u00ae Repair-Zahncreme ist klinisch nachgewiesen.<\/p>\n","protected":false},"excerpt":{"rendered":"<p>Unsere Z\u00e4hne sind st\u00e4ndigen mechanischen und chemischen Angriffen ausgesetzt. Weil viele Getr\u00e4nke und Speisen, ja sogar gesundes Obst, S\u00e4uren enthalten. Die Folge: Die sch\u00fctzende Zahnschmelzoberfl\u00e4che wird rau, por\u00f6s, schlie\u00dflich auch empfindlich.&#13; &#13; Bioniq\u00ae Repair-Zahncreme bek\u00e4mpft das Problem mit Hilfe von k\u00fcnstlichem Zahn-schmelz*. Die biomimetischen Kristallite* verbinden sich mit der Oberfl\u00e4chenstruktur des Zahnschmelzes und verschlie\u00dfen mikroskopisch [&hellip;]<\/p>\n","protected":false},"featured_media":106608,"template":"","meta":{"_acf_changed":false},"product_brand":[],"product_cat":[802],"product_tag":[],"class_list":{"0":"post-106606","1":"product","2":"type-product","3":"status-publish","4":"has-post-thumbnail","6":"product_cat-b","7":"pa_packungsgroesse-75ml","9":"first","10":"instock","11":"shipping-taxable","12":"purchasable","13":"product-type-simple"},"acf":[],"_links":{"self":[{"href":"https:\/\/www.ernstbrunn-apotheke.at\/katalog\/wp-json\/wp\/v2\/product\/106606","targetHints":{"allow":["GET"]}}],"collection":[{"href":"https:\/\/www.ernstbrunn-apotheke.at\/katalog\/wp-json\/wp\/v2\/product"}],"about":[{"href":"https:\/\/www.ernstbrunn-apotheke.at\/katalog\/wp-json\/wp\/v2\/types\/product"}],"wp:featuredmedia":[{"embeddable":true,"href":"https:\/\/www.ernstbrunn-apotheke.at\/katalog\/wp-json\/wp\/v2\/media\/106608"}],"wp:attachment":[{"href":"https:\/\/www.ernstbrunn-apotheke.at\/katalog\/wp-json\/wp\/v2\/media?parent=106606"}],"wp:term":[{"taxonomy":"product_brand","embeddable":true,"href":"https:\/\/www.ernstbrunn-apotheke.at\/katalog\/wp-json\/wp\/v2\/product_brand?post=106606"},{"taxonomy":"product_cat","embeddable":true,"href":"https:\/\/www.ernstbrunn-apotheke.at\/katalog\/wp-json\/wp\/v2\/product_cat?post=106606"},{"taxonomy":"product_tag","embeddable":true,"href":"https:\/\/www.ernstbrunn-apotheke.at\/katalog\/wp-json\/wp\/v2\/product_tag?post=106606"}],"curies":[{"name":"wp","href":"https:\/\/api.w.org\/{rel}","templated":true}]}}