{"id":106594,"date":"2025-11-12T17:32:02","date_gmt":"2025-11-12T16:32:02","guid":{"rendered":"https:\/\/www.ernstbrunn-apotheke.at\/katalog\/produkt\/pelcare-hydro-creme-500-ml\/"},"modified":"2025-12-08T21:54:29","modified_gmt":"2025-12-08T20:54:29","slug":"pelcare-hydro-creme-500-ml","status":"publish","type":"product","link":"https:\/\/www.ernstbrunn-apotheke.at\/katalog\/produkt\/pelcare-hydro-creme-500-ml\/","title":{"rendered":"PelCare Hydro-Creme 500 ml"},"content":{"rendered":"<p>PelCare Hydro-Creme vereint pflegende sowie sch\u00fctzende Eigenschaften mit einem besonders angenehmen Hautgef\u00fchl. Die feuchtigkeitsspendende Formulierung f\u00fchlt sich leicht an und zieht schnell ein. Ceramide bilden eine nat\u00fcrliche Schutzbarriere, die dem Feuchtigkeitsverlust vorbeugt. Glycerin versorgt die Haut mit Feuchtigkeit indem es Wasser aktiv bindet. Olus\u00f6l spendet viel Feuchtigkeit und sch\u00fctzt vor Wasserverlust, indem es eine Art Schutzmantel bildet.<\/p>\n","protected":false},"excerpt":{"rendered":"<p>PelCare Hydro-Creme vereint pflegende sowie sch\u00fctzende Eigenschaften mit einem besonders angenehmen Hautgef\u00fchl. Die feuchtigkeitsspendende Formulierung f\u00fchlt sich leicht an und zieht schnell ein. Ceramide bilden eine nat\u00fcrliche Schutzbarriere, die dem Feuchtigkeitsverlust vorbeugt. Glycerin versorgt die Haut mit Feuchtigkeit indem es Wasser aktiv bindet. Olus\u00f6l spendet viel Feuchtigkeit und sch\u00fctzt vor Wasserverlust, indem es eine Art [&hellip;]<\/p>\n","protected":false},"featured_media":106596,"template":"","meta":{"_acf_changed":false},"product_brand":[],"product_cat":[793],"product_tag":[],"class_list":{"0":"post-106594","1":"product","2":"type-product","3":"status-publish","4":"has-post-thumbnail","6":"product_cat-p","7":"pa_packungsgroesse-500ml","9":"first","10":"instock","11":"shipping-taxable","12":"purchasable","13":"product-type-simple"},"acf":[],"_links":{"self":[{"href":"https:\/\/www.ernstbrunn-apotheke.at\/katalog\/wp-json\/wp\/v2\/product\/106594","targetHints":{"allow":["GET"]}}],"collection":[{"href":"https:\/\/www.ernstbrunn-apotheke.at\/katalog\/wp-json\/wp\/v2\/product"}],"about":[{"href":"https:\/\/www.ernstbrunn-apotheke.at\/katalog\/wp-json\/wp\/v2\/types\/product"}],"wp:featuredmedia":[{"embeddable":true,"href":"https:\/\/www.ernstbrunn-apotheke.at\/katalog\/wp-json\/wp\/v2\/media\/106596"}],"wp:attachment":[{"href":"https:\/\/www.ernstbrunn-apotheke.at\/katalog\/wp-json\/wp\/v2\/media?parent=106594"}],"wp:term":[{"taxonomy":"product_brand","embeddable":true,"href":"https:\/\/www.ernstbrunn-apotheke.at\/katalog\/wp-json\/wp\/v2\/product_brand?post=106594"},{"taxonomy":"product_cat","embeddable":true,"href":"https:\/\/www.ernstbrunn-apotheke.at\/katalog\/wp-json\/wp\/v2\/product_cat?post=106594"},{"taxonomy":"product_tag","embeddable":true,"href":"https:\/\/www.ernstbrunn-apotheke.at\/katalog\/wp-json\/wp\/v2\/product_tag?post=106594"}],"curies":[{"name":"wp","href":"https:\/\/api.w.org\/{rel}","templated":true}]}}