{"id":106577,"date":"2025-11-12T17:31:35","date_gmt":"2025-11-12T16:31:35","guid":{"rendered":"https:\/\/www.ernstbrunn-apotheke.at\/katalog\/produkt\/dr-schreibers-haut-haar-nagel-forte-kapseln-90-stueck\/"},"modified":"2025-12-08T21:54:25","modified_gmt":"2025-12-08T20:54:25","slug":"dr-schreibers-haut-haar-nagel-forte-kapseln-90-stueck","status":"publish","type":"product","link":"https:\/\/www.ernstbrunn-apotheke.at\/katalog\/produkt\/dr-schreibers-haut-haar-nagel-forte-kapseln-90-stueck\/","title":{"rendered":"Dr. Schreibers HAUT HAAR NAGEL Forte Kapseln 90 St\u00fcck"},"content":{"rendered":"<p>Dr. Schreibers\u00aeHaut Haare N\u00e4gel forte Kapseln sind ein Nahrungserg\u00e4nzungsmittel und bieten nat\u00fcrliche Unterst\u00fctzung zum Erhalt gesunder Haut, Haare und N\u00e4gel &#8211; mit hohem Rabatt bestellen!<\/p>\n","protected":false},"excerpt":{"rendered":"<p>Dr. Schreibers\u00aeHaut Haare N\u00e4gel forte Kapseln sind ein Nahrungserg\u00e4nzungsmittel und bieten nat\u00fcrliche Unterst\u00fctzung zum Erhalt gesunder Haut, Haare und N\u00e4gel &#8211; mit hohem Rabatt bestellen!<\/p>\n","protected":false},"featured_media":106579,"template":"","meta":{"_acf_changed":false},"product_brand":[380],"product_cat":[792],"product_tag":[],"class_list":{"0":"post-106577","1":"product","2":"type-product","3":"status-publish","4":"has-post-thumbnail","6":"product_brand-dr-schreibers","7":"product_cat-d","8":"pa_packungsgroesse-90-stueck","10":"first","11":"instock","12":"shipping-taxable","13":"purchasable","14":"product-type-simple"},"acf":[],"_links":{"self":[{"href":"https:\/\/www.ernstbrunn-apotheke.at\/katalog\/wp-json\/wp\/v2\/product\/106577","targetHints":{"allow":["GET"]}}],"collection":[{"href":"https:\/\/www.ernstbrunn-apotheke.at\/katalog\/wp-json\/wp\/v2\/product"}],"about":[{"href":"https:\/\/www.ernstbrunn-apotheke.at\/katalog\/wp-json\/wp\/v2\/types\/product"}],"wp:featuredmedia":[{"embeddable":true,"href":"https:\/\/www.ernstbrunn-apotheke.at\/katalog\/wp-json\/wp\/v2\/media\/106579"}],"wp:attachment":[{"href":"https:\/\/www.ernstbrunn-apotheke.at\/katalog\/wp-json\/wp\/v2\/media?parent=106577"}],"wp:term":[{"taxonomy":"product_brand","embeddable":true,"href":"https:\/\/www.ernstbrunn-apotheke.at\/katalog\/wp-json\/wp\/v2\/product_brand?post=106577"},{"taxonomy":"product_cat","embeddable":true,"href":"https:\/\/www.ernstbrunn-apotheke.at\/katalog\/wp-json\/wp\/v2\/product_cat?post=106577"},{"taxonomy":"product_tag","embeddable":true,"href":"https:\/\/www.ernstbrunn-apotheke.at\/katalog\/wp-json\/wp\/v2\/product_tag?post=106577"}],"curies":[{"name":"wp","href":"https:\/\/api.w.org\/{rel}","templated":true}]}}