{"id":10656,"date":"2025-11-07T14:19:57","date_gmt":"2025-11-07T13:19:57","guid":{"rendered":"https:\/\/www.ernstbrunn-apotheke.at\/katalog\/produkt\/apremia-q10-coenzym-60-mg-kapseln-30-stk\/"},"modified":"2025-12-08T13:29:54","modified_gmt":"2025-12-08T12:29:54","slug":"apremia-q10-coenzym-60-mg-kapseln-30-stk","status":"publish","type":"product","link":"https:\/\/www.ernstbrunn-apotheke.at\/katalog\/produkt\/apremia-q10-coenzym-60-mg-kapseln-30-stk\/","title":{"rendered":"Apremia Q10 Coenzym 60 mg Kapseln 30 Stk."},"content":{"rendered":"<p>Apremia Q10 Coenzym 60 mg Kapseln spielen in den Mitochondrien, den Kraftwerken in unseren K\u00f6rperzellen, eine Schl\u00fcsselrolle bei der Bildung zellul\u00e4rer Energie. Die Organe mit dem h\u00f6chsten Energiebedarf (Herz, Lunge und Leber) weisen deshalb auch die h\u00f6chste Q10-Konzentration auf.<\/p>\n","protected":false},"excerpt":{"rendered":"<p>Apremia Q10 Coenzym 60 mg Kapseln spielen in den Mitochondrien, den Kraftwerken in unseren K\u00f6rperzellen, eine Schl\u00fcsselrolle bei der Bildung zellul\u00e4rer Energie. Die Organe mit dem h\u00f6chsten Energiebedarf (Herz, Lunge und Leber) weisen deshalb auch die h\u00f6chste Q10-Konzentration auf.<\/p>\n","protected":false},"featured_media":10658,"template":"","meta":{"_acf_changed":false},"product_brand":[432],"product_cat":[801],"product_tag":[],"class_list":{"0":"post-10656","1":"product","2":"type-product","3":"status-publish","4":"has-post-thumbnail","6":"product_brand-apremia","7":"product_cat-a","8":"pa_packungsgroesse-30-stueck","10":"first","11":"instock","12":"shipping-taxable","13":"purchasable","14":"product-type-simple"},"acf":[],"_links":{"self":[{"href":"https:\/\/www.ernstbrunn-apotheke.at\/katalog\/wp-json\/wp\/v2\/product\/10656","targetHints":{"allow":["GET"]}}],"collection":[{"href":"https:\/\/www.ernstbrunn-apotheke.at\/katalog\/wp-json\/wp\/v2\/product"}],"about":[{"href":"https:\/\/www.ernstbrunn-apotheke.at\/katalog\/wp-json\/wp\/v2\/types\/product"}],"wp:featuredmedia":[{"embeddable":true,"href":"https:\/\/www.ernstbrunn-apotheke.at\/katalog\/wp-json\/wp\/v2\/media\/10658"}],"wp:attachment":[{"href":"https:\/\/www.ernstbrunn-apotheke.at\/katalog\/wp-json\/wp\/v2\/media?parent=10656"}],"wp:term":[{"taxonomy":"product_brand","embeddable":true,"href":"https:\/\/www.ernstbrunn-apotheke.at\/katalog\/wp-json\/wp\/v2\/product_brand?post=10656"},{"taxonomy":"product_cat","embeddable":true,"href":"https:\/\/www.ernstbrunn-apotheke.at\/katalog\/wp-json\/wp\/v2\/product_cat?post=10656"},{"taxonomy":"product_tag","embeddable":true,"href":"https:\/\/www.ernstbrunn-apotheke.at\/katalog\/wp-json\/wp\/v2\/product_tag?post=10656"}],"curies":[{"name":"wp","href":"https:\/\/api.w.org\/{rel}","templated":true}]}}