{"id":10631,"date":"2025-11-07T14:19:14","date_gmt":"2025-11-07T13:19:14","guid":{"rendered":"https:\/\/www.ernstbrunn-apotheke.at\/katalog\/produkt\/tromcardin-complex-tabletten-60-stk\/"},"modified":"2025-12-08T13:29:50","modified_gmt":"2025-12-08T12:29:50","slug":"tromcardin-complex-tabletten-60-stk","status":"publish","type":"product","link":"https:\/\/www.ernstbrunn-apotheke.at\/katalog\/produkt\/tromcardin-complex-tabletten-60-stk\/","title":{"rendered":"Tromcardin complex Tabletten 60 Stk."},"content":{"rendered":"<p>Tromcardin complex Tabletten sind eine erg\u00e4nzende bilanzierte Di\u00e4t mit Kalium, Magnesium, Fols\u00e4ure, Vitamin B12, Niacin und Coenzym Q10 zur di\u00e4tetischen Behandlung von Personen mit Herz-Erkrankungen, insbesondere Herzrhythmusst\u00f6rungen. Seit vielen Jahren besch\u00e4ftigt sich Gall Pharma mit einem sehr engagierten Team mit der Technologie und Herstellung qualitatv hochwertiger Nahrungserg\u00e4nzungsmittel. Das Unternehmen Gall Pharma, mit Sitz in Judenburg, kann auf eine langj\u00e4hrige Erfahrung im Apothekerwesen zur\u00fcckgreifen jetzt mit hohem Rabatt bestellen!<\/p>\n","protected":false},"excerpt":{"rendered":"<p>Tromcardin complex Tabletten sind eine erg\u00e4nzende bilanzierte Di\u00e4t mit Kalium, Magnesium, Fols\u00e4ure, Vitamin B12, Niacin und Coenzym Q10 zur di\u00e4tetischen Behandlung von Personen mit Herz-Erkrankungen, insbesondere Herzrhythmusst\u00f6rungen. Seit vielen Jahren besch\u00e4ftigt sich Gall Pharma mit einem sehr engagierten Team mit der Technologie und Herstellung qualitatv hochwertiger Nahrungserg\u00e4nzungsmittel. Das Unternehmen Gall Pharma, mit Sitz in Judenburg, [&hellip;]<\/p>\n","protected":false},"featured_media":10633,"template":"","meta":{"_acf_changed":false},"product_brand":[371],"product_cat":[798],"product_tag":[],"class_list":{"0":"post-10631","1":"product","2":"type-product","3":"status-publish","4":"has-post-thumbnail","6":"product_brand-gall-pharma","7":"product_cat-t","8":"pa_packungsgroesse-60-stueck","10":"first","11":"instock","12":"shipping-taxable","13":"purchasable","14":"product-type-simple"},"acf":[],"_links":{"self":[{"href":"https:\/\/www.ernstbrunn-apotheke.at\/katalog\/wp-json\/wp\/v2\/product\/10631","targetHints":{"allow":["GET"]}}],"collection":[{"href":"https:\/\/www.ernstbrunn-apotheke.at\/katalog\/wp-json\/wp\/v2\/product"}],"about":[{"href":"https:\/\/www.ernstbrunn-apotheke.at\/katalog\/wp-json\/wp\/v2\/types\/product"}],"wp:featuredmedia":[{"embeddable":true,"href":"https:\/\/www.ernstbrunn-apotheke.at\/katalog\/wp-json\/wp\/v2\/media\/10633"}],"wp:attachment":[{"href":"https:\/\/www.ernstbrunn-apotheke.at\/katalog\/wp-json\/wp\/v2\/media?parent=10631"}],"wp:term":[{"taxonomy":"product_brand","embeddable":true,"href":"https:\/\/www.ernstbrunn-apotheke.at\/katalog\/wp-json\/wp\/v2\/product_brand?post=10631"},{"taxonomy":"product_cat","embeddable":true,"href":"https:\/\/www.ernstbrunn-apotheke.at\/katalog\/wp-json\/wp\/v2\/product_cat?post=10631"},{"taxonomy":"product_tag","embeddable":true,"href":"https:\/\/www.ernstbrunn-apotheke.at\/katalog\/wp-json\/wp\/v2\/product_tag?post=10631"}],"curies":[{"name":"wp","href":"https:\/\/api.w.org\/{rel}","templated":true}]}}