{"id":10621,"date":"2025-11-07T14:19:14","date_gmt":"2025-11-07T13:19:14","guid":{"rendered":"https:\/\/www.ernstbrunn-apotheke.at\/katalog\/produkt\/eca-medical-circumed-gefaess-sachets-30-stk\/"},"modified":"2025-12-08T13:29:50","modified_gmt":"2025-12-08T12:29:50","slug":"eca-medical-circumed-gefaess-sachets-30-stk","status":"publish","type":"product","link":"https:\/\/www.ernstbrunn-apotheke.at\/katalog\/produkt\/eca-medical-circumed-gefaess-sachets-30-stk\/","title":{"rendered":"ECA-MEDICAL Circumed Gef\u00e4\u00df-Sachets 30 Stk."},"content":{"rendered":"<p>ECA-Medical Circumed Gef\u00e4\u00df-Sachets wurden speziell zur di\u00e4tetischen Behandlung von Arteriosklerose entwickelt. Dies kann sich in Form von Bluthochdruck, Durchblutungsst\u00f6rungen, erh\u00f6htem Homocysteinspiegel, gest\u00f6rter Gef\u00e4\u00dffunktion bei Diabetes mellitus oder bei der erektilen Dysfunktion des Mannes bemerkbar machen.<\/p>\n","protected":false},"excerpt":{"rendered":"<p>ECA-Medical Circumed Gef\u00e4\u00df-Sachets wurden speziell zur di\u00e4tetischen Behandlung von Arteriosklerose entwickelt. Dies kann sich in Form von Bluthochdruck, Durchblutungsst\u00f6rungen, erh\u00f6htem Homocysteinspiegel, gest\u00f6rter Gef\u00e4\u00dffunktion bei Diabetes mellitus oder bei der erektilen Dysfunktion des Mannes bemerkbar machen.<\/p>\n","protected":false},"featured_media":10623,"template":"","meta":{"_acf_changed":false},"product_brand":[],"product_cat":[794],"product_tag":[],"class_list":{"0":"post-10621","1":"product","2":"type-product","3":"status-publish","4":"has-post-thumbnail","6":"product_cat-e","7":"pa_packungsgroesse-30-stueck","9":"first","10":"instock","11":"shipping-taxable","12":"purchasable","13":"product-type-simple"},"acf":[],"_links":{"self":[{"href":"https:\/\/www.ernstbrunn-apotheke.at\/katalog\/wp-json\/wp\/v2\/product\/10621","targetHints":{"allow":["GET"]}}],"collection":[{"href":"https:\/\/www.ernstbrunn-apotheke.at\/katalog\/wp-json\/wp\/v2\/product"}],"about":[{"href":"https:\/\/www.ernstbrunn-apotheke.at\/katalog\/wp-json\/wp\/v2\/types\/product"}],"wp:featuredmedia":[{"embeddable":true,"href":"https:\/\/www.ernstbrunn-apotheke.at\/katalog\/wp-json\/wp\/v2\/media\/10623"}],"wp:attachment":[{"href":"https:\/\/www.ernstbrunn-apotheke.at\/katalog\/wp-json\/wp\/v2\/media?parent=10621"}],"wp:term":[{"taxonomy":"product_brand","embeddable":true,"href":"https:\/\/www.ernstbrunn-apotheke.at\/katalog\/wp-json\/wp\/v2\/product_brand?post=10621"},{"taxonomy":"product_cat","embeddable":true,"href":"https:\/\/www.ernstbrunn-apotheke.at\/katalog\/wp-json\/wp\/v2\/product_cat?post=10621"},{"taxonomy":"product_tag","embeddable":true,"href":"https:\/\/www.ernstbrunn-apotheke.at\/katalog\/wp-json\/wp\/v2\/product_tag?post=10621"}],"curies":[{"name":"wp","href":"https:\/\/api.w.org\/{rel}","templated":true}]}}