{"id":106126,"date":"2025-11-12T17:22:00","date_gmt":"2025-11-12T16:22:00","guid":{"rendered":"https:\/\/www.ernstbrunn-apotheke.at\/katalog\/produkt\/burgerstein-flexvital-kapseln\/"},"modified":"2025-12-08T21:51:34","modified_gmt":"2025-12-08T20:51:34","slug":"burgerstein-flexvital-kapseln","status":"publish","type":"product","link":"https:\/\/www.ernstbrunn-apotheke.at\/katalog\/produkt\/burgerstein-flexvital-kapseln\/","title":{"rendered":"Burgerstein Flexvital Kapseln"},"content":{"rendered":"<p>Gelenke, Knochen und Sehnen tragen uns durch das Leben. F\u00fcr uns ist es ganz normal, dass wir Treppen steigen, Wandern oder Sport treiben k\u00f6nnen. Und so soll es auch bleiben.Burgerstein FlexVital enth\u00e4lt patentierte, teilhydrolysierte Eierschalenmembran, die besonders gut vom K\u00f6rper verwertet wird.Erg\u00e4nzt wird die Gelenkformel durch einen nat\u00fcrlichen Vitamin-E-Komplex sowie die Spurenelemente Bor, Selen und Mangan.F\u00fcr wen ist Burgerstein FlexVital besonders geeignet?F\u00fcr \u00e4ltere Personen, Sportler (Spitzen- sowie Hobbysportler) und alle, welche Ihre Gelenke stark beanspruchen.F\u00fcr das Bindegewebe Mangan tr\u00e4gt zur Erhaltung normaler Bindegewebsbildung bei.F\u00fcr die Knochen Mangan tr\u00e4gt zur Erhaltung normaler Knochen bei..<\/p>\n","protected":false},"excerpt":{"rendered":"<p>Gelenke, Knochen und Sehnen tragen uns durch das Leben. F\u00fcr uns ist es ganz normal, dass wir Treppen steigen, Wandern oder Sport treiben k\u00f6nnen. Und so soll es auch bleiben.Burgerstein FlexVital enth\u00e4lt patentierte, teilhydrolysierte Eierschalenmembran, die besonders gut vom K\u00f6rper verwertet wird.Erg\u00e4nzt wird die Gelenkformel durch einen nat\u00fcrlichen Vitamin-E-Komplex sowie die Spurenelemente Bor, Selen und [&hellip;]<\/p>\n","protected":false},"featured_media":106128,"template":"","meta":{"_acf_changed":false},"product_brand":[446],"product_cat":[802],"product_tag":[],"class_list":{"0":"post-106126","1":"product","2":"type-product","3":"status-publish","4":"has-post-thumbnail","6":"product_brand-burgerstein","7":"product_cat-b","8":"pa_packungsgroesse-30-stueck","10":"first","11":"instock","12":"shipping-taxable","13":"purchasable","14":"product-type-simple"},"acf":[],"_links":{"self":[{"href":"https:\/\/www.ernstbrunn-apotheke.at\/katalog\/wp-json\/wp\/v2\/product\/106126","targetHints":{"allow":["GET"]}}],"collection":[{"href":"https:\/\/www.ernstbrunn-apotheke.at\/katalog\/wp-json\/wp\/v2\/product"}],"about":[{"href":"https:\/\/www.ernstbrunn-apotheke.at\/katalog\/wp-json\/wp\/v2\/types\/product"}],"wp:featuredmedia":[{"embeddable":true,"href":"https:\/\/www.ernstbrunn-apotheke.at\/katalog\/wp-json\/wp\/v2\/media\/106128"}],"wp:attachment":[{"href":"https:\/\/www.ernstbrunn-apotheke.at\/katalog\/wp-json\/wp\/v2\/media?parent=106126"}],"wp:term":[{"taxonomy":"product_brand","embeddable":true,"href":"https:\/\/www.ernstbrunn-apotheke.at\/katalog\/wp-json\/wp\/v2\/product_brand?post=106126"},{"taxonomy":"product_cat","embeddable":true,"href":"https:\/\/www.ernstbrunn-apotheke.at\/katalog\/wp-json\/wp\/v2\/product_cat?post=106126"},{"taxonomy":"product_tag","embeddable":true,"href":"https:\/\/www.ernstbrunn-apotheke.at\/katalog\/wp-json\/wp\/v2\/product_tag?post=106126"}],"curies":[{"name":"wp","href":"https:\/\/api.w.org\/{rel}","templated":true}]}}