{"id":10608,"date":"2025-11-07T14:19:14","date_gmt":"2025-11-07T13:19:14","guid":{"rendered":"https:\/\/www.ernstbrunn-apotheke.at\/katalog\/produkt\/antarktis-krill-care-kapseln-60-stk\/"},"modified":"2025-12-08T13:29:47","modified_gmt":"2025-12-08T12:29:47","slug":"antarktis-krill-care-kapseln-60-stk","status":"publish","type":"product","link":"https:\/\/www.ernstbrunn-apotheke.at\/katalog\/produkt\/antarktis-krill-care-kapseln-60-stk\/","title":{"rendered":"Antarktis Krill Care Kapseln 60 Stk."},"content":{"rendered":"<p>Forscher schreiben dem Krill\u00f6l insbesondere aufgrund seiner einzigartigen Zusammensetzung aus Omega-3-Fetts\u00e4uren, starken Antioxidantien sowie Phospholipiden eine ausgezeichnete Wirkung bei schmerzhaften Gelenksver\u00e4nderungen (in Bezug auf wichtige messbare Parameter wie Schmerzen, Steifheit und Funktionsst\u00f6rung) zu. Das Krill\u00f6lpulver wurde mit Vitamin C, Mangan und Kupfer erg\u00e4nzt, die bekanntlich zur Erhaltung von Knorpel und Bindegewebe beitragen, und somit f\u00fcr gesunde Gelenke sorgen.<\/p>\n<p>&#13;<\/p>\n<p>Vitamin D3 und K2 tragen zus\u00e4tzlich zur Erhaltung gesunder Knochen bei.<\/p>\n","protected":false},"excerpt":{"rendered":"<p>Forscher schreiben dem Krill\u00f6l insbesondere aufgrund seiner einzigartigen Zusammensetzung aus Omega-3-Fetts\u00e4uren, starken Antioxidantien sowie Phospholipiden eine ausgezeichnete Wirkung bei schmerzhaften Gelenksver\u00e4nderungen (in Bezug auf wichtige messbare Parameter wie Schmerzen, Steifheit und Funktionsst\u00f6rung) zu. Das Krill\u00f6lpulver wurde mit Vitamin C, Mangan und Kupfer erg\u00e4nzt, die bekanntlich zur Erhaltung von Knorpel und Bindegewebe beitragen, und somit f\u00fcr [&hellip;]<\/p>\n","protected":false},"featured_media":10610,"template":"","meta":{"_acf_changed":false},"product_brand":[],"product_cat":[801],"product_tag":[],"class_list":{"0":"post-10608","1":"product","2":"type-product","3":"status-publish","4":"has-post-thumbnail","6":"product_cat-a","7":"pa_packungsgroesse-60-stueck","9":"first","10":"instock","11":"shipping-taxable","12":"purchasable","13":"product-type-simple"},"acf":[],"_links":{"self":[{"href":"https:\/\/www.ernstbrunn-apotheke.at\/katalog\/wp-json\/wp\/v2\/product\/10608","targetHints":{"allow":["GET"]}}],"collection":[{"href":"https:\/\/www.ernstbrunn-apotheke.at\/katalog\/wp-json\/wp\/v2\/product"}],"about":[{"href":"https:\/\/www.ernstbrunn-apotheke.at\/katalog\/wp-json\/wp\/v2\/types\/product"}],"wp:featuredmedia":[{"embeddable":true,"href":"https:\/\/www.ernstbrunn-apotheke.at\/katalog\/wp-json\/wp\/v2\/media\/10610"}],"wp:attachment":[{"href":"https:\/\/www.ernstbrunn-apotheke.at\/katalog\/wp-json\/wp\/v2\/media?parent=10608"}],"wp:term":[{"taxonomy":"product_brand","embeddable":true,"href":"https:\/\/www.ernstbrunn-apotheke.at\/katalog\/wp-json\/wp\/v2\/product_brand?post=10608"},{"taxonomy":"product_cat","embeddable":true,"href":"https:\/\/www.ernstbrunn-apotheke.at\/katalog\/wp-json\/wp\/v2\/product_cat?post=10608"},{"taxonomy":"product_tag","embeddable":true,"href":"https:\/\/www.ernstbrunn-apotheke.at\/katalog\/wp-json\/wp\/v2\/product_tag?post=10608"}],"curies":[{"name":"wp","href":"https:\/\/api.w.org\/{rel}","templated":true}]}}