{"id":106030,"date":"2025-11-12T17:20:13","date_gmt":"2025-11-12T16:20:13","guid":{"rendered":"https:\/\/www.ernstbrunn-apotheke.at\/katalog\/produkt\/caudalie-vinoperfect-serum-gegen-pigmentflecken\/"},"modified":"2025-12-08T21:50:58","modified_gmt":"2025-12-08T20:50:58","slug":"caudalie-vinoperfect-serum-gegen-pigmentflecken","status":"publish","type":"product","link":"https:\/\/www.ernstbrunn-apotheke.at\/katalog\/produkt\/caudalie-vinoperfect-serum-gegen-pigmentflecken\/","title":{"rendered":"Caudalie Vinoperfect Serum gegen Pigmentflecken"},"content":{"rendered":"<p>Das Serum f\u00fcr mehr Ausstrahlung &#038; gegen Pigmentflecken ist sowohl wirksam als auch besonders hautschonend. Es korrigiert und beugt dem Auftreten von Flecken vor &#8211; f\u00fcr einen strahlenden Teint. Es wirkt auf alle Arten von Flecken (Sonne, Akne, Schwangerschaft, Alter) und ist f\u00fcr alle Hauttypen geeignet, selbst f\u00fcr die empfindlichsten.<\/p>\n<p><strong>Hauttyp\u00a0:<\/strong> Alle Hauttypen<\/p>\n<p><strong>Brauche\u00a0:<\/strong> Frischer Teint, Pigmentst\u00f6rung<\/p>\n<p><strong>Hauptinhaltsstoffe\u00a0:<\/strong> Oliven-Squalanen, Viniferine<\/p>\n<p><strong>Textur\u00a0:<\/strong> Serum<\/p>\n<p><strong>Verwendung\u00a0:<\/strong> Morgens und abends vor der Creme<strong>Rezeptur:<\/strong><\/p>\n<ul>\n<li>98 % Inhaltsstoffe nat\u00fcrlichen Ursprungs<\/li>\n<li>Dermatologisch getestet<\/li>\n<li>Nicht komedogen, nicht lichtsensibilisierend<\/li>\n<li>\u00d6lfrei<\/li>\n<li>Vegan<\/li>\n<\/ul>\n<p><strong>Sichtbare Resultate<\/strong><\/p>\n<ul>\n<li>-63% F\u00e4rbung der Pigmentflecken*<\/li>\n<\/ul>\n<p>*Klinische Studie, Dermatologische Bewertung, 56 Tage, 65 Frauen, 91% der freiwilligen Testpersonen.<\/p>\n","protected":false},"excerpt":{"rendered":"<p>Das Serum f\u00fcr mehr Ausstrahlung &#038; gegen Pigmentflecken ist sowohl wirksam als auch besonders hautschonend. Es korrigiert und beugt dem Auftreten von Flecken vor &#8211; f\u00fcr einen strahlenden Teint. Es wirkt auf alle Arten von Flecken (Sonne, Akne, Schwangerschaft, Alter) und ist f\u00fcr alle Hauttypen geeignet, selbst f\u00fcr die empfindlichsten. Hauttyp\u00a0: Alle Hauttypen Brauche\u00a0: Frischer [&hellip;]<\/p>\n","protected":false},"featured_media":106032,"template":"","meta":{"_acf_changed":false},"product_brand":[687],"product_cat":[812],"product_tag":[],"class_list":{"0":"post-106030","1":"product","2":"type-product","3":"status-publish","4":"has-post-thumbnail","6":"product_brand-caudalie","7":"product_cat-c","8":"pa_packungsgroesse-30ml","10":"first","11":"instock","12":"shipping-taxable","13":"purchasable","14":"product-type-simple"},"acf":[],"_links":{"self":[{"href":"https:\/\/www.ernstbrunn-apotheke.at\/katalog\/wp-json\/wp\/v2\/product\/106030","targetHints":{"allow":["GET"]}}],"collection":[{"href":"https:\/\/www.ernstbrunn-apotheke.at\/katalog\/wp-json\/wp\/v2\/product"}],"about":[{"href":"https:\/\/www.ernstbrunn-apotheke.at\/katalog\/wp-json\/wp\/v2\/types\/product"}],"wp:featuredmedia":[{"embeddable":true,"href":"https:\/\/www.ernstbrunn-apotheke.at\/katalog\/wp-json\/wp\/v2\/media\/106032"}],"wp:attachment":[{"href":"https:\/\/www.ernstbrunn-apotheke.at\/katalog\/wp-json\/wp\/v2\/media?parent=106030"}],"wp:term":[{"taxonomy":"product_brand","embeddable":true,"href":"https:\/\/www.ernstbrunn-apotheke.at\/katalog\/wp-json\/wp\/v2\/product_brand?post=106030"},{"taxonomy":"product_cat","embeddable":true,"href":"https:\/\/www.ernstbrunn-apotheke.at\/katalog\/wp-json\/wp\/v2\/product_cat?post=106030"},{"taxonomy":"product_tag","embeddable":true,"href":"https:\/\/www.ernstbrunn-apotheke.at\/katalog\/wp-json\/wp\/v2\/product_tag?post=106030"}],"curies":[{"name":"wp","href":"https:\/\/api.w.org\/{rel}","templated":true}]}}