{"id":10588,"date":"2025-11-07T14:18:30","date_gmt":"2025-11-07T13:18:30","guid":{"rendered":"https:\/\/www.ernstbrunn-apotheke.at\/katalog\/produkt\/alpinamed-krilloel-kapseln-60-stk\/"},"modified":"2025-12-08T13:29:44","modified_gmt":"2025-12-08T12:29:44","slug":"alpinamed-krilloel-kapseln-60-stk","status":"publish","type":"product","link":"https:\/\/www.ernstbrunn-apotheke.at\/katalog\/produkt\/alpinamed-krilloel-kapseln-60-stk\/","title":{"rendered":"Alpinamed Krill\u00f6l Kapseln 60 Stk."},"content":{"rendered":"<p>Alpinamed Krill \u00d6l Kapseln ist ein Nahrungserg\u00e4nzungsmittel aus reinem, antarktischem Krill \u00d6l. Die Kapseln decken den Tagesbedarf an gesundheitsrelevanten Omega-3-Fetts\u00e4uren EPA und DHA einfach und effizient ab und tragen mit 300 mg EPA und DHA pro Tagesdosis zur Aufrechterhaltung einer gesunden Herzfunktion bei &#8211; Jetzt schnell und ohne Lieferkosten* stark preisgesenkt bestellen!<\/p>\n","protected":false},"excerpt":{"rendered":"<p>Alpinamed Krill \u00d6l Kapseln ist ein Nahrungserg\u00e4nzungsmittel aus reinem, antarktischem Krill \u00d6l. Die Kapseln decken den Tagesbedarf an gesundheitsrelevanten Omega-3-Fetts\u00e4uren EPA und DHA einfach und effizient ab und tragen mit 300 mg EPA und DHA pro Tagesdosis zur Aufrechterhaltung einer gesunden Herzfunktion bei &#8211; Jetzt schnell und ohne Lieferkosten* stark preisgesenkt bestellen!<\/p>\n","protected":false},"featured_media":10590,"template":"","meta":{"_acf_changed":false},"product_brand":[366],"product_cat":[801],"product_tag":[],"class_list":{"0":"post-10588","1":"product","2":"type-product","3":"status-publish","4":"has-post-thumbnail","6":"product_brand-alpinamed","7":"product_cat-a","8":"pa_packungsgroesse-60-stueck","10":"first","11":"instock","12":"shipping-taxable","13":"purchasable","14":"product-type-simple"},"acf":[],"_links":{"self":[{"href":"https:\/\/www.ernstbrunn-apotheke.at\/katalog\/wp-json\/wp\/v2\/product\/10588","targetHints":{"allow":["GET"]}}],"collection":[{"href":"https:\/\/www.ernstbrunn-apotheke.at\/katalog\/wp-json\/wp\/v2\/product"}],"about":[{"href":"https:\/\/www.ernstbrunn-apotheke.at\/katalog\/wp-json\/wp\/v2\/types\/product"}],"wp:featuredmedia":[{"embeddable":true,"href":"https:\/\/www.ernstbrunn-apotheke.at\/katalog\/wp-json\/wp\/v2\/media\/10590"}],"wp:attachment":[{"href":"https:\/\/www.ernstbrunn-apotheke.at\/katalog\/wp-json\/wp\/v2\/media?parent=10588"}],"wp:term":[{"taxonomy":"product_brand","embeddable":true,"href":"https:\/\/www.ernstbrunn-apotheke.at\/katalog\/wp-json\/wp\/v2\/product_brand?post=10588"},{"taxonomy":"product_cat","embeddable":true,"href":"https:\/\/www.ernstbrunn-apotheke.at\/katalog\/wp-json\/wp\/v2\/product_cat?post=10588"},{"taxonomy":"product_tag","embeddable":true,"href":"https:\/\/www.ernstbrunn-apotheke.at\/katalog\/wp-json\/wp\/v2\/product_tag?post=10588"}],"curies":[{"name":"wp","href":"https:\/\/api.w.org\/{rel}","templated":true}]}}