{"id":105686,"date":"2025-11-12T17:11:57","date_gmt":"2025-11-12T16:11:57","guid":{"rendered":"https:\/\/www.ernstbrunn-apotheke.at\/katalog\/produkt\/weleda-aroma-duschgel-harmony-200-ml\/"},"modified":"2025-12-08T21:48:52","modified_gmt":"2025-12-08T20:48:52","slug":"weleda-aroma-duschgel-harmony-200-ml","status":"publish","type":"product","link":"https:\/\/www.ernstbrunn-apotheke.at\/katalog\/produkt\/weleda-aroma-duschgel-harmony-200-ml\/","title":{"rendered":"Weleda Aroma Duschgel &#8222;HARMONY&#8220; 200 ml"},"content":{"rendered":"<p>Die Weleda Aroma Shower Harmony unterst\u00fctzt mit ihrem Duft mit Silbertanne, Sibirischer Tanne und Lavandin das nat\u00fcrliche Wohlbefinden. Der frisch-holzige Duft mit 100 % nat\u00fcrlichen \u00e4therischen \u00d6len und Pflanzenextrakten, der an einem Waldspaziergang erinnert. Das leicht abzusp\u00fclende, biologisch abbaubare Aroma-Duschgel (gem\u00e4\u00df OECD) bewahrt die Hautfeuchtigkeit. Mit milden Tensiden auf pflanzlicher Basis wird Ihre Haut sanft gereinigt. Jetzt online dauerhaft g\u00fcnstig bestellen.<\/p>\n","protected":false},"excerpt":{"rendered":"<p>Die Weleda Aroma Shower Harmony unterst\u00fctzt mit ihrem Duft mit Silbertanne, Sibirischer Tanne und Lavandin das nat\u00fcrliche Wohlbefinden. Der frisch-holzige Duft mit 100 % nat\u00fcrlichen \u00e4therischen \u00d6len und Pflanzenextrakten, der an einem Waldspaziergang erinnert. Das leicht abzusp\u00fclende, biologisch abbaubare Aroma-Duschgel (gem\u00e4\u00df OECD) bewahrt die Hautfeuchtigkeit. Mit milden Tensiden auf pflanzlicher Basis wird Ihre Haut sanft [&hellip;]<\/p>\n","protected":false},"featured_media":105688,"template":"","meta":{"_acf_changed":false},"product_brand":[567],"product_cat":[796],"product_tag":[],"class_list":{"0":"post-105686","1":"product","2":"type-product","3":"status-publish","4":"has-post-thumbnail","6":"product_brand-weleda","7":"product_cat-w","8":"pa_packungsgroesse-200ml","10":"first","11":"instock","12":"shipping-taxable","13":"purchasable","14":"product-type-simple"},"acf":[],"_links":{"self":[{"href":"https:\/\/www.ernstbrunn-apotheke.at\/katalog\/wp-json\/wp\/v2\/product\/105686","targetHints":{"allow":["GET"]}}],"collection":[{"href":"https:\/\/www.ernstbrunn-apotheke.at\/katalog\/wp-json\/wp\/v2\/product"}],"about":[{"href":"https:\/\/www.ernstbrunn-apotheke.at\/katalog\/wp-json\/wp\/v2\/types\/product"}],"wp:featuredmedia":[{"embeddable":true,"href":"https:\/\/www.ernstbrunn-apotheke.at\/katalog\/wp-json\/wp\/v2\/media\/105688"}],"wp:attachment":[{"href":"https:\/\/www.ernstbrunn-apotheke.at\/katalog\/wp-json\/wp\/v2\/media?parent=105686"}],"wp:term":[{"taxonomy":"product_brand","embeddable":true,"href":"https:\/\/www.ernstbrunn-apotheke.at\/katalog\/wp-json\/wp\/v2\/product_brand?post=105686"},{"taxonomy":"product_cat","embeddable":true,"href":"https:\/\/www.ernstbrunn-apotheke.at\/katalog\/wp-json\/wp\/v2\/product_cat?post=105686"},{"taxonomy":"product_tag","embeddable":true,"href":"https:\/\/www.ernstbrunn-apotheke.at\/katalog\/wp-json\/wp\/v2\/product_tag?post=105686"}],"curies":[{"name":"wp","href":"https:\/\/api.w.org\/{rel}","templated":true}]}}