{"id":105591,"date":"2025-11-12T17:10:14","date_gmt":"2025-11-12T16:10:14","guid":{"rendered":"https:\/\/www.ernstbrunn-apotheke.at\/katalog\/produkt\/anti-brumm-naturel-roll-on-50-ml\/"},"modified":"2025-12-08T21:48:15","modified_gmt":"2025-12-08T20:48:15","slug":"anti-brumm-naturel-roll-on-50-ml","status":"publish","type":"product","link":"https:\/\/www.ernstbrunn-apotheke.at\/katalog\/produkt\/anti-brumm-naturel-roll-on-50-ml\/","title":{"rendered":"Anti Brumm Naturel Roll-On 50 ml"},"content":{"rendered":"<p>Anti Brumm Roll-On Naturel ist durch das nat\u00fcrliche Wirkstoffgemisch Citriodiol das Mittel erster Wahl f\u00fcr den Schutz gegen M\u00fcckenstiche. Zudem sch\u00fctzt es auch effektiv gegen Fliegen und Zecken. Anti Brumm Roll-On Naturel gilt als sanfte und zuverl\u00e4ssige Alternative in puncto Insektenschutz \u2013 jetzt versandkostenfrei* bestellen!<\/p>\n","protected":false},"excerpt":{"rendered":"<p>Anti Brumm Roll-On Naturel ist durch das nat\u00fcrliche Wirkstoffgemisch Citriodiol das Mittel erster Wahl f\u00fcr den Schutz gegen M\u00fcckenstiche. Zudem sch\u00fctzt es auch effektiv gegen Fliegen und Zecken. Anti Brumm Roll-On Naturel gilt als sanfte und zuverl\u00e4ssige Alternative in puncto Insektenschutz \u2013 jetzt versandkostenfrei* bestellen!<\/p>\n","protected":false},"featured_media":105593,"template":"","meta":{"_acf_changed":false},"product_brand":[],"product_cat":[801],"product_tag":[],"class_list":{"0":"post-105591","1":"product","2":"type-product","3":"status-publish","4":"has-post-thumbnail","6":"product_cat-a","7":"pa_packungsgroesse-50ml","9":"first","10":"instock","11":"shipping-taxable","12":"purchasable","13":"product-type-simple"},"acf":[],"_links":{"self":[{"href":"https:\/\/www.ernstbrunn-apotheke.at\/katalog\/wp-json\/wp\/v2\/product\/105591","targetHints":{"allow":["GET"]}}],"collection":[{"href":"https:\/\/www.ernstbrunn-apotheke.at\/katalog\/wp-json\/wp\/v2\/product"}],"about":[{"href":"https:\/\/www.ernstbrunn-apotheke.at\/katalog\/wp-json\/wp\/v2\/types\/product"}],"wp:featuredmedia":[{"embeddable":true,"href":"https:\/\/www.ernstbrunn-apotheke.at\/katalog\/wp-json\/wp\/v2\/media\/105593"}],"wp:attachment":[{"href":"https:\/\/www.ernstbrunn-apotheke.at\/katalog\/wp-json\/wp\/v2\/media?parent=105591"}],"wp:term":[{"taxonomy":"product_brand","embeddable":true,"href":"https:\/\/www.ernstbrunn-apotheke.at\/katalog\/wp-json\/wp\/v2\/product_brand?post=105591"},{"taxonomy":"product_cat","embeddable":true,"href":"https:\/\/www.ernstbrunn-apotheke.at\/katalog\/wp-json\/wp\/v2\/product_cat?post=105591"},{"taxonomy":"product_tag","embeddable":true,"href":"https:\/\/www.ernstbrunn-apotheke.at\/katalog\/wp-json\/wp\/v2\/product_tag?post=105591"}],"curies":[{"name":"wp","href":"https:\/\/api.w.org\/{rel}","templated":true}]}}