{"id":105569,"date":"2025-11-12T17:09:20","date_gmt":"2025-11-12T16:09:20","guid":{"rendered":"https:\/\/www.ernstbrunn-apotheke.at\/katalog\/produkt\/kijimea-k53-kapseln-27-stk\/"},"modified":"2025-12-08T21:48:10","modified_gmt":"2025-12-08T20:48:10","slug":"kijimea-k53-kapseln-27-stk","status":"publish","type":"product","link":"https:\/\/www.ernstbrunn-apotheke.at\/katalog\/produkt\/kijimea-k53-kapseln-27-stk\/","title":{"rendered":"Kijimea K53 Kapseln 27 Stk."},"content":{"rendered":"<p>Kijimea K53 Kapseln ist ein di\u00e4tetisches Lebensmittel f\u00fcr besondere medizinische Zwecke (erg\u00e4nzende bilanzierte Di\u00e4t) zum Di\u00e4tmanagement bei allergischer Rhinokonjunktivitis, z. B. Heuschnupfen, mit den typischenSymptomen laufende\/juckende\/verstopfte Nase, Niesen, juckende\/tr\u00e4nende Augen.<\/p>\n","protected":false},"excerpt":{"rendered":"<p>Kijimea K53 Kapseln ist ein di\u00e4tetisches Lebensmittel f\u00fcr besondere medizinische Zwecke (erg\u00e4nzende bilanzierte Di\u00e4t) zum Di\u00e4tmanagement bei allergischer Rhinokonjunktivitis, z. B. Heuschnupfen, mit den typischenSymptomen laufende\/juckende\/verstopfte Nase, Niesen, juckende\/tr\u00e4nende Augen.<\/p>\n","protected":false},"featured_media":105571,"template":"","meta":{"_acf_changed":false},"product_brand":[1177],"product_cat":[807],"product_tag":[],"class_list":{"0":"post-105569","1":"product","2":"type-product","3":"status-publish","4":"has-post-thumbnail","6":"product_brand-kijimea","7":"product_cat-k","8":"pa_packungsgroesse-27-stueck","10":"first","11":"instock","12":"shipping-taxable","13":"purchasable","14":"product-type-simple"},"acf":[],"_links":{"self":[{"href":"https:\/\/www.ernstbrunn-apotheke.at\/katalog\/wp-json\/wp\/v2\/product\/105569","targetHints":{"allow":["GET"]}}],"collection":[{"href":"https:\/\/www.ernstbrunn-apotheke.at\/katalog\/wp-json\/wp\/v2\/product"}],"about":[{"href":"https:\/\/www.ernstbrunn-apotheke.at\/katalog\/wp-json\/wp\/v2\/types\/product"}],"wp:featuredmedia":[{"embeddable":true,"href":"https:\/\/www.ernstbrunn-apotheke.at\/katalog\/wp-json\/wp\/v2\/media\/105571"}],"wp:attachment":[{"href":"https:\/\/www.ernstbrunn-apotheke.at\/katalog\/wp-json\/wp\/v2\/media?parent=105569"}],"wp:term":[{"taxonomy":"product_brand","embeddable":true,"href":"https:\/\/www.ernstbrunn-apotheke.at\/katalog\/wp-json\/wp\/v2\/product_brand?post=105569"},{"taxonomy":"product_cat","embeddable":true,"href":"https:\/\/www.ernstbrunn-apotheke.at\/katalog\/wp-json\/wp\/v2\/product_cat?post=105569"},{"taxonomy":"product_tag","embeddable":true,"href":"https:\/\/www.ernstbrunn-apotheke.at\/katalog\/wp-json\/wp\/v2\/product_tag?post=105569"}],"curies":[{"name":"wp","href":"https:\/\/api.w.org\/{rel}","templated":true}]}}