{"id":105556,"date":"2025-11-12T17:09:20","date_gmt":"2025-11-12T16:09:20","guid":{"rendered":"https:\/\/www.ernstbrunn-apotheke.at\/katalog\/produkt\/vitawund-puder-12-g\/"},"modified":"2025-12-08T21:48:07","modified_gmt":"2025-12-08T20:48:07","slug":"vitawund-puder-12-g","status":"publish","type":"product","link":"https:\/\/www.ernstbrunn-apotheke.at\/katalog\/produkt\/vitawund-puder-12-g\/","title":{"rendered":"Vitawund Puder 12 g"},"content":{"rendered":"<p>Vitawund Puder dient infolge seines auftrocknenden Effektes der Pflege und dem Schutz infektionsgef\u00e4hrdeter gereizter Haut. Hautfalten wie etwa unter der Brust k\u00f6nnen durch Reibung zu n\u00e4ssen beginnen. Die gereizte Haut ist einer erh\u00f6hten Infektionsgefahr ausgesetzt. Vitawund Puder beugt durch seinen austrocknenden Effekt regionalen Hautinfektionen vor.<\/p>\n","protected":false},"excerpt":{"rendered":"<p>Vitawund Puder dient infolge seines auftrocknenden Effektes der Pflege und dem Schutz infektionsgef\u00e4hrdeter gereizter Haut. Hautfalten wie etwa unter der Brust k\u00f6nnen durch Reibung zu n\u00e4ssen beginnen. Die gereizte Haut ist einer erh\u00f6hten Infektionsgefahr ausgesetzt. Vitawund Puder beugt durch seinen austrocknenden Effekt regionalen Hautinfektionen vor.<\/p>\n","protected":false},"featured_media":105558,"template":"","meta":{"_acf_changed":false},"product_brand":[],"product_cat":[799],"product_tag":[],"class_list":{"0":"post-105556","1":"product","2":"type-product","3":"status-publish","4":"has-post-thumbnail","6":"product_cat-v","7":"pa_packungsgroesse-12g","9":"first","10":"instock","11":"shipping-taxable","12":"purchasable","13":"product-type-simple"},"acf":[],"_links":{"self":[{"href":"https:\/\/www.ernstbrunn-apotheke.at\/katalog\/wp-json\/wp\/v2\/product\/105556","targetHints":{"allow":["GET"]}}],"collection":[{"href":"https:\/\/www.ernstbrunn-apotheke.at\/katalog\/wp-json\/wp\/v2\/product"}],"about":[{"href":"https:\/\/www.ernstbrunn-apotheke.at\/katalog\/wp-json\/wp\/v2\/types\/product"}],"wp:featuredmedia":[{"embeddable":true,"href":"https:\/\/www.ernstbrunn-apotheke.at\/katalog\/wp-json\/wp\/v2\/media\/105558"}],"wp:attachment":[{"href":"https:\/\/www.ernstbrunn-apotheke.at\/katalog\/wp-json\/wp\/v2\/media?parent=105556"}],"wp:term":[{"taxonomy":"product_brand","embeddable":true,"href":"https:\/\/www.ernstbrunn-apotheke.at\/katalog\/wp-json\/wp\/v2\/product_brand?post=105556"},{"taxonomy":"product_cat","embeddable":true,"href":"https:\/\/www.ernstbrunn-apotheke.at\/katalog\/wp-json\/wp\/v2\/product_cat?post=105556"},{"taxonomy":"product_tag","embeddable":true,"href":"https:\/\/www.ernstbrunn-apotheke.at\/katalog\/wp-json\/wp\/v2\/product_tag?post=105556"}],"curies":[{"name":"wp","href":"https:\/\/api.w.org\/{rel}","templated":true}]}}