{"id":105546,"date":"2025-11-12T17:08:09","date_gmt":"2025-11-12T16:08:09","guid":{"rendered":"https:\/\/www.ernstbrunn-apotheke.at\/katalog\/produkt\/xailin-02-augengel-10-g\/"},"modified":"2025-12-08T21:48:05","modified_gmt":"2025-12-08T20:48:05","slug":"xailin-02-augengel-10-g","status":"publish","type":"product","link":"https:\/\/www.ernstbrunn-apotheke.at\/katalog\/produkt\/xailin-02-augengel-10-g\/","title":{"rendered":"Xailin 0,2% Augengel 10 g"},"content":{"rendered":"<p>Dieses sterile Augengel unterst\u00fctzt bei allen Symptomen des Trockenen Auge. Das Xailin Gel enth\u00e4lt ein 0,2% Carbomer, welches eine k\u00fchlende und angenehme Wirkung bei gereizten Augen erzielt. Es unterst\u00fctzt die Gleit- und Schutzfunktion der Hornhaut und benetzt deren Oberfl\u00e4che mit ausreichend Feuchtigkeit.<\/p>\n","protected":false},"excerpt":{"rendered":"<p>Dieses sterile Augengel unterst\u00fctzt bei allen Symptomen des Trockenen Auge. Das Xailin Gel enth\u00e4lt ein 0,2% Carbomer, welches eine k\u00fchlende und angenehme Wirkung bei gereizten Augen erzielt. Es unterst\u00fctzt die Gleit- und Schutzfunktion der Hornhaut und benetzt deren Oberfl\u00e4che mit ausreichend Feuchtigkeit.<\/p>\n","protected":false},"featured_media":105548,"template":"","meta":{"_acf_changed":false},"product_brand":[],"product_cat":[950],"product_tag":[],"class_list":{"0":"post-105546","1":"product","2":"type-product","3":"status-publish","4":"has-post-thumbnail","6":"product_cat-x","7":"pa_packungsgroesse-10g","9":"first","10":"instock","11":"shipping-taxable","12":"purchasable","13":"product-type-simple"},"acf":[],"_links":{"self":[{"href":"https:\/\/www.ernstbrunn-apotheke.at\/katalog\/wp-json\/wp\/v2\/product\/105546","targetHints":{"allow":["GET"]}}],"collection":[{"href":"https:\/\/www.ernstbrunn-apotheke.at\/katalog\/wp-json\/wp\/v2\/product"}],"about":[{"href":"https:\/\/www.ernstbrunn-apotheke.at\/katalog\/wp-json\/wp\/v2\/types\/product"}],"wp:featuredmedia":[{"embeddable":true,"href":"https:\/\/www.ernstbrunn-apotheke.at\/katalog\/wp-json\/wp\/v2\/media\/105548"}],"wp:attachment":[{"href":"https:\/\/www.ernstbrunn-apotheke.at\/katalog\/wp-json\/wp\/v2\/media?parent=105546"}],"wp:term":[{"taxonomy":"product_brand","embeddable":true,"href":"https:\/\/www.ernstbrunn-apotheke.at\/katalog\/wp-json\/wp\/v2\/product_brand?post=105546"},{"taxonomy":"product_cat","embeddable":true,"href":"https:\/\/www.ernstbrunn-apotheke.at\/katalog\/wp-json\/wp\/v2\/product_cat?post=105546"},{"taxonomy":"product_tag","embeddable":true,"href":"https:\/\/www.ernstbrunn-apotheke.at\/katalog\/wp-json\/wp\/v2\/product_tag?post=105546"}],"curies":[{"name":"wp","href":"https:\/\/api.w.org\/{rel}","templated":true}]}}